{"id":280701,"date":"2024-02-03T00:50:07","date_gmt":"2025-06-23T07:55:35","guid":{"rendered":"https:\/\/www.huntersfriend.eu\/product\/belisle-super-x-280-2-falle\/"},"modified":"2026-04-08T14:34:07","modified_gmt":"2026-04-08T12:34:07","slug":"belisle-super-x-280-2-falle","status":"publish","type":"product","link":"https:\/\/www.huntersfriend.eu\/de\/produkt\/belisle-super-x-280-2-falle\/","title":{"rendered":"Belisle super-x 280-2 Falle"},"content":{"rendered":"<p><strong>Belisle #280 Super X Body Grip Fallen <\/strong>verf\u00fcgen \u00fcber einen neuartigen, speziell abgerundeten Kiefer, der einen vollst\u00e4ndigen Verschluss im Magnum-Stil erm\u00f6glicht. Diese Fallen besitzen einen einteiligen Ausl\u00f6ser, fest fixierte Sicherungen und sind handgeschwei\u00dft. Es handelt sich um ein in Kanada hergestelltes Qualit\u00e4tsprodukt. Die Belisle 280 Super-X hat eine Kiefer\u00f6ffnung von 8-5\/32\u2033 (H\u00f6he) x 8-1\/8\u2033 (Breite) und ist mit zwei leistungsstarken Federn ausgestattet. Sie eignet sich hervorragend f\u00fcr den Fang von Bibern, Ottern und anderen Tieren \u00e4hnlicher Gr\u00f6\u00dfe.    <\/p>\n<div class=\"spec-type\">Abmessungen: 8-5\/32\u2033 (H\u00f6he) x 8-1\/8\u2033 (Breite) &#8211; Doppelfeder<\/div>\n<div class=\"spec-type\">Zielarten: Biber, Otter, Marderhund<\/div>\n","protected":false},"excerpt":{"rendered":"<p>Belisle #280 Super X Body Grip Fallen verf\u00fcgen \u00fcber einen neuartigen, speziell abgerundeten Kiefer, der einen vollst\u00e4ndigen Verschluss im Magnum-Stil erm\u00f6glicht. Diese Fallen besitzen einen einteiligen Ausl\u00f6ser, fest fixierte Sicherungen und sind handgeschwei\u00dft. Es handelt sich um ein in Kanada hergestelltes Qualit\u00e4tsprodukt. Die Belisle 280 Super-X hat eine Kiefer\u00f6ffnung von 8-5\/32\u2033 (H\u00f6he) x 8-1\/8\u2033 (Breite) [&#8230;]\n","protected":false},"featured_media":263408,"comment_status":"open","ping_status":"closed","template":"","meta":[],"product_brand":[],"product_cat":[1410],"product_tag":[],"class_list":{"0":"post-280701","1":"product","2":"type-product","3":"status-publish","4":"has-post-thumbnail","6":"product_cat-fallen-und-fallenzubehor","8":"first","9":"outofstock","10":"taxable","11":"shipping-taxable","12":"purchasable","13":"product-type-simple"},"composite_virtual":false,"composite_layout":"","composite_add_to_cart_form_location":"","composite_editable_in_cart":false,"composite_sold_individually_context":"","composite_shop_price_calc":"","composite_components":[],"composite_scenarios":[],"group_of_quantity":0,"min_quantity":0,"max_quantity":"","exclude_order_quantity_value_rules":"no","exclude_category_quantity_rules":"no","combine_variations":"no","exclude_global_add_ons":[],"addons":[],"_links":{"self":[{"href":"https:\/\/www.huntersfriend.eu\/de\/wp-json\/wp\/v2\/product\/280701","targetHints":{"allow":["GET"]}}],"collection":[{"href":"https:\/\/www.huntersfriend.eu\/de\/wp-json\/wp\/v2\/product"}],"about":[{"href":"https:\/\/www.huntersfriend.eu\/de\/wp-json\/wp\/v2\/types\/product"}],"replies":[{"embeddable":true,"href":"https:\/\/www.huntersfriend.eu\/de\/wp-json\/wp\/v2\/comments?post=280701"}],"wp:featuredmedia":[{"embeddable":true,"href":"https:\/\/www.huntersfriend.eu\/de\/wp-json\/wp\/v2\/media\/263408"}],"wp:attachment":[{"href":"https:\/\/www.huntersfriend.eu\/de\/wp-json\/wp\/v2\/media?parent=280701"}],"wp:term":[{"taxonomy":"product_brand","embeddable":true,"href":"https:\/\/www.huntersfriend.eu\/de\/wp-json\/wp\/v2\/product_brand?post=280701"},{"taxonomy":"product_cat","embeddable":true,"href":"https:\/\/www.huntersfriend.eu\/de\/wp-json\/wp\/v2\/product_cat?post=280701"},{"taxonomy":"product_tag","embeddable":true,"href":"https:\/\/www.huntersfriend.eu\/de\/wp-json\/wp\/v2\/product_tag?post=280701"}],"curies":[{"name":"wp","href":"https:\/\/api.w.org\/{rel}","templated":true}]}}