{"id":280700,"date":"2024-02-03T00:50:06","date_gmt":"2024-02-02T22:50:06","guid":{"rendered":"https:\/\/www.huntersfriend.eu\/product\/belisle-super-x-220-2-fallenfalle\/"},"modified":"2026-02-09T13:34:09","modified_gmt":"2026-02-09T11:34:09","slug":"belisle-super-x-220-2-fallenfalle","status":"publish","type":"product","link":"https:\/\/www.huntersfriend.eu\/de\/produkt\/belisle-super-x-220-2-fallenfalle\/","title":{"rendered":"Belisle super-x 220-2 Fallenfalle"},"content":{"rendered":"<p><strong>Belisle #220 Super X K\u00f6rpergreif-Fallen <\/strong>verf\u00fcgen \u00fcber eine neuartige, speziell abgerundete Fangb\u00fcgelkonstruktion, die einen magnumartigen vollst\u00e4ndigen Verschluss erm\u00f6glicht. Diese Fallen zeichnen sich durch einen einteiligen Ausl\u00f6ser, zuverl\u00e4ssig fixierte Sicherungen und handgeschwei\u00dfte Verarbeitung aus. Es handelt sich um ein Qualit\u00e4tsprodukt, das in Kanada hergestellt wird. Die Belisle 220 Super-X weist eine Fangb\u00fcgel\u00f6ffnung von 7 \u201ex 7\u201c auf und ist mit zwei leistungsstarken Federn ausgestattet. Sie eignet sich hervorragend f\u00fcr den Fang von Waschb\u00e4ren, Fischern, Murmeltieren und \u00e4hnlich gro\u00dfen Tieren.    <\/p>\n<div class=\"spec-type\">Abmessungen:<\/div>\n<div class=\"spec-result\">7-1\/4\u2033H x 6-7\/8\u2033B &#8211; Doppelfeder<\/div>\n<div class=\"spec-type\">Zielsch\u00e4dlinge: Waschb\u00e4r, Fichtenmarder, Murmeltier, Waldmurmeltier<\/div>\n","protected":false},"excerpt":{"rendered":"<p>Belisle #220 Super X K\u00f6rpergreif-Fallen verf\u00fcgen \u00fcber eine neuartige, speziell abgerundete Fangb\u00fcgelkonstruktion, die einen magnumartigen vollst\u00e4ndigen Verschluss erm\u00f6glicht. Diese Fallen zeichnen sich durch einen einteiligen Ausl\u00f6ser, zuverl\u00e4ssig fixierte Sicherungen und handgeschwei\u00dfte Verarbeitung aus. Es handelt sich um ein Qualit\u00e4tsprodukt, das in Kanada hergestellt wird. Die Belisle 220 Super-X weist eine Fangb\u00fcgel\u00f6ffnung von 7 \u201ex 7\u201c [&#8230;]\n","protected":false},"featured_media":263405,"comment_status":"open","ping_status":"closed","template":"","meta":[],"product_brand":[],"product_cat":[1410],"product_tag":[],"class_list":{"0":"post-280700","1":"product","2":"type-product","3":"status-publish","4":"has-post-thumbnail","6":"product_cat-fallen-und-fallenzubehor","8":"first","9":"outofstock","10":"taxable","11":"shipping-taxable","12":"purchasable","13":"product-type-simple"},"composite_virtual":false,"composite_layout":"","composite_add_to_cart_form_location":"","composite_editable_in_cart":false,"composite_sold_individually_context":"","composite_shop_price_calc":"","composite_components":[],"composite_scenarios":[],"group_of_quantity":0,"min_quantity":0,"max_quantity":"","exclude_order_quantity_value_rules":"no","exclude_category_quantity_rules":"no","combine_variations":"no","exclude_global_add_ons":[],"addons":[],"_links":{"self":[{"href":"https:\/\/www.huntersfriend.eu\/de\/wp-json\/wp\/v2\/product\/280700","targetHints":{"allow":["GET"]}}],"collection":[{"href":"https:\/\/www.huntersfriend.eu\/de\/wp-json\/wp\/v2\/product"}],"about":[{"href":"https:\/\/www.huntersfriend.eu\/de\/wp-json\/wp\/v2\/types\/product"}],"replies":[{"embeddable":true,"href":"https:\/\/www.huntersfriend.eu\/de\/wp-json\/wp\/v2\/comments?post=280700"}],"wp:featuredmedia":[{"embeddable":true,"href":"https:\/\/www.huntersfriend.eu\/de\/wp-json\/wp\/v2\/media\/263405"}],"wp:attachment":[{"href":"https:\/\/www.huntersfriend.eu\/de\/wp-json\/wp\/v2\/media?parent=280700"}],"wp:term":[{"taxonomy":"product_brand","embeddable":true,"href":"https:\/\/www.huntersfriend.eu\/de\/wp-json\/wp\/v2\/product_brand?post=280700"},{"taxonomy":"product_cat","embeddable":true,"href":"https:\/\/www.huntersfriend.eu\/de\/wp-json\/wp\/v2\/product_cat?post=280700"},{"taxonomy":"product_tag","embeddable":true,"href":"https:\/\/www.huntersfriend.eu\/de\/wp-json\/wp\/v2\/product_tag?post=280700"}],"curies":[{"name":"wp","href":"https:\/\/api.w.org\/{rel}","templated":true}]}}