{"id":280697,"date":"2024-02-07T01:14:20","date_gmt":"2025-06-23T07:55:23","guid":{"rendered":"https:\/\/www.huntersfriend.eu\/product\/sordin-supreme-pro-x-led-tarnfarben\/"},"modified":"2026-03-20T16:40:12","modified_gmt":"2026-03-20T14:40:12","slug":"sordin-supreme-pro-x-led-tarnfarben","status":"publish","type":"product","link":"https:\/\/www.huntersfriend.eu\/de\/produkt\/sordin-supreme-pro-x-led-tarnfarben\/","title":{"rendered":"Sordin Supreme Pro-X LED Tarnfarben"},"content":{"rendered":"<p>Hochwertiger aktiver Geh\u00f6rschutz MSA Sordin Supreme Pro-X, der robusten Bedingungen standh\u00e4lt. Die Elektronik, das Mikrofon und das Batteriefach des Pro-X-Modells sind vollst\u00e4ndig wasserdicht. Auf die Elektronik des Geh\u00f6rschutzes wird eine 5-j\u00e4hrige Garantie gew\u00e4hrt. Im LED-Modell sind zudem Gelkissen und eine LED-Leuchte mit automatischer Abschaltung integriert. Farbe: Tarnmuster    <\/p>\n<p>Technische Spezifikationen:<\/p>\n<ul>\n<li>Stromquelle: 2 x AAA-Batterie<\/li>\n<li>Betriebsdauer: ca. 600 Stunden <\/li>\n<li>Automatische Abschaltung und akustische Warnung bei niedrigem Batteriestand<\/li>\n<li>AUX- und 3,5-mm-Mono-Buchsen zum Anschluss von Ger\u00e4ten wie Zweiwege-Funkger\u00e4ten<\/li>\n<li>Gute Verst\u00e4rkungsleistung f\u00fcr Umgebungsger\u00e4usche und 5-stufige Lautst\u00e4rkeregelung<\/li>\n<li>D\u00e4mpfung lauter Ger\u00e4usche bis zu 82 dB<\/li>\n<li>Gewicht: 310 g, Batterienutzungsanzeige<\/li>\n<\/ul>\n","protected":false},"excerpt":{"rendered":"<p>Hochwertiger aktiver Geh\u00f6rschutz MSA Sordin Supreme Pro-X, der robusten Bedingungen standh\u00e4lt. Die Elektronik, das Mikrofon und das Batteriefach des Pro-X-Modells sind vollst\u00e4ndig wasserdicht. Auf die Elektronik des Geh\u00f6rschutzes wird eine 5-j\u00e4hrige Garantie gew\u00e4hrt. Im LED-Modell sind zudem Gelkissen und eine LED-Leuchte mit automatischer Abschaltung integriert. Farbe: Tarnmuster Technische Spezifikationen: Stromquelle: 2 x AAA-Batterie Betriebsdauer: ca. [&#8230;]\n","protected":false},"featured_media":264609,"comment_status":"open","ping_status":"closed","template":"","meta":[],"product_brand":[],"product_cat":[2692,1424],"product_tag":[],"class_list":{"0":"post-280697","1":"product","2":"type-product","3":"status-publish","4":"has-post-thumbnail","6":"product_cat-ogon-och-horselskydd","7":"product_cat-augen-und-gehorschutz","9":"first","10":"instock","11":"taxable","12":"shipping-taxable","13":"purchasable","14":"product-type-simple"},"composite_virtual":false,"composite_layout":"","composite_add_to_cart_form_location":"","composite_editable_in_cart":false,"composite_sold_individually_context":"","composite_shop_price_calc":"","composite_components":[],"composite_scenarios":[],"group_of_quantity":0,"min_quantity":0,"max_quantity":"","exclude_order_quantity_value_rules":"no","exclude_category_quantity_rules":"no","combine_variations":"no","exclude_global_add_ons":[],"addons":[],"_links":{"self":[{"href":"https:\/\/www.huntersfriend.eu\/de\/wp-json\/wp\/v2\/product\/280697","targetHints":{"allow":["GET"]}}],"collection":[{"href":"https:\/\/www.huntersfriend.eu\/de\/wp-json\/wp\/v2\/product"}],"about":[{"href":"https:\/\/www.huntersfriend.eu\/de\/wp-json\/wp\/v2\/types\/product"}],"replies":[{"embeddable":true,"href":"https:\/\/www.huntersfriend.eu\/de\/wp-json\/wp\/v2\/comments?post=280697"}],"wp:featuredmedia":[{"embeddable":true,"href":"https:\/\/www.huntersfriend.eu\/de\/wp-json\/wp\/v2\/media\/264609"}],"wp:attachment":[{"href":"https:\/\/www.huntersfriend.eu\/de\/wp-json\/wp\/v2\/media?parent=280697"}],"wp:term":[{"taxonomy":"product_brand","embeddable":true,"href":"https:\/\/www.huntersfriend.eu\/de\/wp-json\/wp\/v2\/product_brand?post=280697"},{"taxonomy":"product_cat","embeddable":true,"href":"https:\/\/www.huntersfriend.eu\/de\/wp-json\/wp\/v2\/product_cat?post=280697"},{"taxonomy":"product_tag","embeddable":true,"href":"https:\/\/www.huntersfriend.eu\/de\/wp-json\/wp\/v2\/product_tag?post=280697"}],"curies":[{"name":"wp","href":"https:\/\/api.w.org\/{rel}","templated":true}]}}