{"id":280695,"date":"2024-02-07T01:14:17","date_gmt":"2025-06-23T07:55:22","guid":{"rendered":"https:\/\/www.huntersfriend.eu\/product\/drahtloser-jagdalarm\/"},"modified":"2026-01-19T13:16:08","modified_gmt":"2026-01-19T11:16:08","slug":"drahtloser-jagdalarm","status":"publish","type":"product","link":"https:\/\/www.huntersfriend.eu\/de\/produkt\/drahtloser-jagdalarm\/","title":{"rendered":"Drahtloser Jagdalarm"},"content":{"rendered":"<p>Das Wildmeldesystem funktioniert nach dem gleichen Prinzip wie ein Bewegungsmelder. Verpassen Sie nie wieder vorbeiziehende Wildtiere! Platzieren Sie den Sensor einfach in der N\u00e4he eines Futterplatzes oder Wildwechsels. Der Neigungswinkel ist einstellbar. Wenn ein Tier in den Erfassungsbereich des Sensors gelangt, sendet dieser drahtlos ein Signal an den Empf\u00e4nger. Ein Lautsprecher informiert Sie dann \u00fcber den Besucher. Die Lautst\u00e4rke des Signaltons ist einstellbar, und mit den mitgelieferten Kopfh\u00f6rern ist auch ein lautloser Alarm m\u00f6glich. Mit einer Reichweite von bis zu 100 m zwischen Sender und Empf\u00e4nger verschafft Ihnen der Wildalarm wertvolle Zeit zur Beobachtung des Tieres.       <\/p>\n<p>Hauptmerkmale:<\/p>\n<ul>\n<li>Wildalarm mit Lautsprecher<\/li>\n<li>Einstellbare Lautst\u00e4rke des Signaltons<\/li>\n<li>\u201eLautloser Alarm\u201c mit Kopfh\u00f6rern m\u00f6glich<\/li>\n<li>Erfassungswinkel 90\u00b0<\/li>\n<li>Erfassungsreichweite circa 8 m<\/li>\n<li>Senderreichweite zum Empf\u00e4nger bis zu 100 m<\/li>\n<li>Regenfester IR-Sensor<\/li>\n<li>Einfache Montage mit mitgeliefertem Gurt<\/li>\n<li>2 Sensoren<\/li>\n<\/ul>\n<p>F\u00fcr den Betrieb des Ger\u00e4tes ben\u00f6tigen Sie 3 x AAA-Batterien und 1 x 9V-Blockbatterie pro Sensor.<\/p>\n","protected":false},"excerpt":{"rendered":"<p>Das Wildmeldesystem funktioniert nach dem gleichen Prinzip wie ein Bewegungsmelder. Verpassen Sie nie wieder vorbeiziehende Wildtiere! Platzieren Sie den Sensor einfach in der N\u00e4he eines Futterplatzes oder Wildwechsels. Der Neigungswinkel ist einstellbar. Wenn ein Tier in den Erfassungsbereich des Sensors gelangt, sendet dieser drahtlos ein Signal an den Empf\u00e4nger. Ein Lautsprecher informiert Sie dann \u00fcber [&#8230;]\n","protected":false},"featured_media":264546,"comment_status":"open","ping_status":"closed","template":"","meta":[],"product_brand":[],"product_cat":[1404,1198],"product_tag":[],"class_list":{"0":"post-280695","1":"product","2":"type-product","3":"status-publish","4":"has-post-thumbnail","6":"product_cat-jagdzubehor","7":"product_cat-wildkameras","9":"first","10":"instock","11":"featured","12":"taxable","13":"shipping-taxable","14":"purchasable","15":"product-type-simple"},"composite_virtual":false,"composite_layout":"","composite_add_to_cart_form_location":"","composite_editable_in_cart":false,"composite_sold_individually_context":"","composite_shop_price_calc":"","composite_components":[],"composite_scenarios":[],"group_of_quantity":0,"min_quantity":0,"max_quantity":"","exclude_order_quantity_value_rules":"no","exclude_category_quantity_rules":"no","combine_variations":"no","exclude_global_add_ons":[],"addons":[],"_links":{"self":[{"href":"https:\/\/www.huntersfriend.eu\/de\/wp-json\/wp\/v2\/product\/280695","targetHints":{"allow":["GET"]}}],"collection":[{"href":"https:\/\/www.huntersfriend.eu\/de\/wp-json\/wp\/v2\/product"}],"about":[{"href":"https:\/\/www.huntersfriend.eu\/de\/wp-json\/wp\/v2\/types\/product"}],"replies":[{"embeddable":true,"href":"https:\/\/www.huntersfriend.eu\/de\/wp-json\/wp\/v2\/comments?post=280695"}],"wp:featuredmedia":[{"embeddable":true,"href":"https:\/\/www.huntersfriend.eu\/de\/wp-json\/wp\/v2\/media\/264546"}],"wp:attachment":[{"href":"https:\/\/www.huntersfriend.eu\/de\/wp-json\/wp\/v2\/media?parent=280695"}],"wp:term":[{"taxonomy":"product_brand","embeddable":true,"href":"https:\/\/www.huntersfriend.eu\/de\/wp-json\/wp\/v2\/product_brand?post=280695"},{"taxonomy":"product_cat","embeddable":true,"href":"https:\/\/www.huntersfriend.eu\/de\/wp-json\/wp\/v2\/product_cat?post=280695"},{"taxonomy":"product_tag","embeddable":true,"href":"https:\/\/www.huntersfriend.eu\/de\/wp-json\/wp\/v2\/product_tag?post=280695"}],"curies":[{"name":"wp","href":"https:\/\/api.w.org\/{rel}","templated":true}]}}