{"id":280689,"date":"2024-02-07T01:14:24","date_gmt":"2025-06-23T07:55:21","guid":{"rendered":"https:\/\/www.huntersfriend.eu\/product\/svala-thermo-unterwaesche-airbase-original-lange-unterhosen\/"},"modified":"2026-03-11T14:35:57","modified_gmt":"2026-03-11T12:35:57","slug":"svala-thermo-unterwaesche-airbase-original-lange-unterhosen","status":"publish","type":"product","link":"https:\/\/www.huntersfriend.eu\/de\/produkt\/svala-thermo-unterwaesche-airbase-original-lange-unterhosen\/","title":{"rendered":"Svala Thermo-Unterw\u00e4sche Airbase Original Lange Unterhosen"},"content":{"rendered":"<p>Unterw\u00e4sche, die Sie, sobald Sie sie ausprobiert haben, nie wieder gegen die alte eintauschen m\u00f6chten. Die einzigartige Airbase-Kollektion, kreiert von Svala aus Finnland, wurde entwickelt, um starker Beanspruchung unter allen Bedingungen standzuhalten. Die Noppen des Maschenstricks atmen und binden Luft effizient, sodass Airbase sowohl bei kaltem als auch bei warmem Wetter als Isolator fungiert. Mit dem unglaublich komfortablen und warmen Airbase auf Ihrer Haut genie\u00dfen Sie Geschwindigkeit, Pausen und wechselnde Temperaturen. Es bietet Ihnen zudem einen zuverl\u00e4ssigen Partner f\u00fcr Arbeiten im Freien. Bei strengem Frost bleiben Sie garantiert warm, wenn Sie Svalas Merinowolle-Schicht als Zwischenlage hinzuf\u00fcgen.    <\/p>\n<p>Das eng anliegende und flexible Modell verf\u00fcgt \u00fcber einen komfortablen elastischen Bund und Gummiz\u00fcge an den Beinenden. Das Zwickelteil ist glatt gestrickt. Der zu 100% aus Polypropylen bestehende Faden von Airbase wurde bereits vor dem Spinnen antibakteriell behandelt, sodass Sie lange frisch bleiben. Die Silberionen sind organisch und f\u00fcr Mensch und Natur unbedenklich, und Airbase muss nicht h\u00e4ufig gewaschen werden, wenn Sie es nach dem Gebrauch ausl\u00fcften.<br \/>\nEntworfen und hergestellt in Finnland.   <\/p>\n<p class=\"p1\"><span class=\"s1\">Das Material besteht aus einem sehr flexiblen und hautfreundlichen silberionisierten Polypropylen-Maschenstrick. Die Maschen des Gestricks speichern Luft, die sich dann an die K\u00f6rpertemperatur anpasst und Schwankungen der Umgebungstemperatur ausgleicht. <\/span> Polypropylen absorbiert keine Feuchtigkeit, sondern leitet sie von der Haut weg und h\u00e4lt diese stets trocken. Die Silberionisierung verhindert das Wachstum von Bakterien, sodass das Kleidungsst\u00fcck l\u00e4nger geruchlos und frisch bleibt. Die Behandlung erfolgt im Kern der Faser w\u00e4hrend des Herstellungsprozesses, sodass das Kleidungsst\u00fcck seine Eigenschaften w\u00e4hrend des gesamten Lebenszyklus beibeh\u00e4lt. Alle N\u00e4hte sind flach vern\u00e4ht, sodass das Produkt angenehm zu tragen ist und die Haut nicht dr\u00fcckt oder reibt.   <\/p>\n<p class=\"p1\">Material: 100% Polypropylen, silberionisiert \/ antibakteriell<\/p>\n<div class=\"detail-container\">\n<p class=\"detail-label\"><b>Gewicht<\/b><\/p>\n<p class=\"detail-content\">120 g\/m\u00b2<\/p>\n<\/div>\n<div class=\"detail-container\">\n<p class=\"detail-label\"><b>Material<\/b><\/p>\n<p class=\"detail-content\">100% Polypropylen, silberionisiert<\/p>\n<\/div>\n<div class=\"detail-container\">\n<p class=\"detail-label\"><b>Design und Produktion<\/b><\/p>\n<p class=\"detail-content\">Finnland<\/p>\n<\/div>\n","protected":false},"excerpt":{"rendered":"<p>Unterw\u00e4sche, die Sie, sobald Sie sie ausprobiert haben, nie wieder gegen die alte eintauschen m\u00f6chten. Die einzigartige Airbase-Kollektion, kreiert von Svala aus Finnland, wurde entwickelt, um starker Beanspruchung unter allen Bedingungen standzuhalten. Die Noppen des Maschenstricks atmen und binden Luft effizient, sodass Airbase sowohl bei kaltem als auch bei warmem Wetter als Isolator fungiert. Mit [&#8230;]\n","protected":false},"featured_media":264533,"comment_status":"open","ping_status":"closed","template":"","meta":[],"product_brand":[],"product_cat":[2580,1203],"product_tag":[],"class_list":{"0":"post-280689","1":"product","2":"type-product","3":"status-publish","4":"has-post-thumbnail","6":"product_cat-lager-pa-lager","7":"product_cat-kleidungsschichten","9":"first","10":"instock","11":"taxable","12":"shipping-taxable","13":"purchasable","14":"product-type-variable"},"composite_virtual":false,"composite_layout":"","composite_add_to_cart_form_location":"","composite_editable_in_cart":false,"composite_sold_individually_context":"","composite_shop_price_calc":"","composite_components":[],"composite_scenarios":[],"group_of_quantity":0,"min_quantity":0,"max_quantity":"","exclude_order_quantity_value_rules":"no","exclude_category_quantity_rules":"no","combine_variations":"no","exclude_global_add_ons":[],"addons":[],"_links":{"self":[{"href":"https:\/\/www.huntersfriend.eu\/de\/wp-json\/wp\/v2\/product\/280689","targetHints":{"allow":["GET"]}}],"collection":[{"href":"https:\/\/www.huntersfriend.eu\/de\/wp-json\/wp\/v2\/product"}],"about":[{"href":"https:\/\/www.huntersfriend.eu\/de\/wp-json\/wp\/v2\/types\/product"}],"replies":[{"embeddable":true,"href":"https:\/\/www.huntersfriend.eu\/de\/wp-json\/wp\/v2\/comments?post=280689"}],"wp:featuredmedia":[{"embeddable":true,"href":"https:\/\/www.huntersfriend.eu\/de\/wp-json\/wp\/v2\/media\/264533"}],"wp:attachment":[{"href":"https:\/\/www.huntersfriend.eu\/de\/wp-json\/wp\/v2\/media?parent=280689"}],"wp:term":[{"taxonomy":"product_brand","embeddable":true,"href":"https:\/\/www.huntersfriend.eu\/de\/wp-json\/wp\/v2\/product_brand?post=280689"},{"taxonomy":"product_cat","embeddable":true,"href":"https:\/\/www.huntersfriend.eu\/de\/wp-json\/wp\/v2\/product_cat?post=280689"},{"taxonomy":"product_tag","embeddable":true,"href":"https:\/\/www.huntersfriend.eu\/de\/wp-json\/wp\/v2\/product_tag?post=280689"}],"curies":[{"name":"wp","href":"https:\/\/api.w.org\/{rel}","templated":true}]}}