{"id":280688,"date":"2024-02-07T01:14:14","date_gmt":"2025-06-23T07:55:21","guid":{"rendered":"https:\/\/www.huntersfriend.eu\/product\/alpenheat-zirkulationsschuhtrockner\/"},"modified":"2026-04-16T07:29:59","modified_gmt":"2026-04-16T05:29:59","slug":"alpenheat-zirkulationsschuhtrockner","status":"publish","type":"product","link":"https:\/\/www.huntersfriend.eu\/de\/produkt\/alpenheat-zirkulationsschuhtrockner\/","title":{"rendered":"Alpenheat Zirkulationsschuhtrockner"},"content":{"rendered":"<p>Circulation ist ein erschwinglicher, tragbarer Schuh- und Stiefeltrockner mit eingebautem UV-Licht, welches Bakterien reduziert und unangenehme Ger\u00fcche beseitigt, w\u00e4hrend es Ihre Schuhe oder Stiefel schonend trocknet.<br \/>\nCirculation kann auch verwendet werden, um Ihre Schuhe vor dem Anziehen vorzuw\u00e4rmen, sodass Sie Ihren Tag mit vollst\u00e4ndig trockenen und warmen F\u00fc\u00dfen beginnen k\u00f6nnen. Zu den besonderen Konstruktionsmerkmalen von CIRCULATION geh\u00f6ren die integrierten F\u00fc\u00dfe, die den Trockner vom Stiefel oder Schuh abheben und so eine freie Zirkulation der hei\u00dfen Luft erm\u00f6glichen. Das einzigartige \u201eVenturi-System\u201c funktioniert wie ein Vergaser, um die Trocknungszeit zu beschleunigen, indem es k\u00fchlere Luft von unten ansaugt, erw\u00e4rmt und nach oben dr\u00fcckt. Es wird kein Ventilator verwendet, sodass keine beweglichen Teile vorhanden sind. Die Luft wird auf etwa 30\u00b0C erw\u00e4rmt. Circulation ist ideal f\u00fcr Tagesausfl\u00fcge und Urlaubsreisen: keine nassen oder kalten Schuhe mehr!   <\/p>\n<p>Hauptmerkmale:<\/p>\n<ul>\n<li>Mit eingebautem UV-Licht zur Abt\u00f6tung von Bakterien<\/li>\n<li>Kompakt, tragbar und leichtgewichtig<\/li>\n<li>230V Haushaltsstecker<\/li>\n<li>Passt leicht in jeden Schuh oder Stiefel<\/li>\n<li>Erw\u00e4rmt lautlos in Minuten und trocknet in Stunden<\/li>\n<li>Luftzirkulations\u00f6ffnungen<\/li>\n<li>Leistung: max. 9 Watt <\/li>\n<li>Abmessungen: L 16 x H 5 x B 3 cm<\/li>\n<li>Gewicht: 190g<\/li>\n<\/ul>\n","protected":false},"excerpt":{"rendered":"<p>Circulation ist ein erschwinglicher, tragbarer Schuh- und Stiefeltrockner mit eingebautem UV-Licht, welches Bakterien reduziert und unangenehme Ger\u00fcche beseitigt, w\u00e4hrend es Ihre Schuhe oder Stiefel schonend trocknet. Circulation kann auch verwendet werden, um Ihre Schuhe vor dem Anziehen vorzuw\u00e4rmen, sodass Sie Ihren Tag mit vollst\u00e4ndig trockenen und warmen F\u00fc\u00dfen beginnen k\u00f6nnen. Zu den besonderen Konstruktionsmerkmalen von [&#8230;]\n","protected":false},"featured_media":264553,"comment_status":"open","ping_status":"closed","template":"","meta":[],"product_brand":[],"product_cat":[2611,1297],"product_tag":[],"class_list":{"0":"post-280688","1":"product","2":"type-product","3":"status-publish","4":"has-post-thumbnail","6":"product_cat-tillbehor","7":"product_cat-accessories","9":"first","10":"instock","11":"taxable","12":"shipping-taxable","13":"purchasable","14":"product-type-simple"},"composite_virtual":false,"composite_layout":"","composite_add_to_cart_form_location":"","composite_editable_in_cart":false,"composite_sold_individually_context":"","composite_shop_price_calc":"","composite_components":[],"composite_scenarios":[],"group_of_quantity":0,"min_quantity":0,"max_quantity":"","exclude_order_quantity_value_rules":"no","exclude_category_quantity_rules":"no","combine_variations":"no","exclude_global_add_ons":[],"addons":[],"_links":{"self":[{"href":"https:\/\/www.huntersfriend.eu\/de\/wp-json\/wp\/v2\/product\/280688","targetHints":{"allow":["GET"]}}],"collection":[{"href":"https:\/\/www.huntersfriend.eu\/de\/wp-json\/wp\/v2\/product"}],"about":[{"href":"https:\/\/www.huntersfriend.eu\/de\/wp-json\/wp\/v2\/types\/product"}],"replies":[{"embeddable":true,"href":"https:\/\/www.huntersfriend.eu\/de\/wp-json\/wp\/v2\/comments?post=280688"}],"wp:featuredmedia":[{"embeddable":true,"href":"https:\/\/www.huntersfriend.eu\/de\/wp-json\/wp\/v2\/media\/264553"}],"wp:attachment":[{"href":"https:\/\/www.huntersfriend.eu\/de\/wp-json\/wp\/v2\/media?parent=280688"}],"wp:term":[{"taxonomy":"product_brand","embeddable":true,"href":"https:\/\/www.huntersfriend.eu\/de\/wp-json\/wp\/v2\/product_brand?post=280688"},{"taxonomy":"product_cat","embeddable":true,"href":"https:\/\/www.huntersfriend.eu\/de\/wp-json\/wp\/v2\/product_cat?post=280688"},{"taxonomy":"product_tag","embeddable":true,"href":"https:\/\/www.huntersfriend.eu\/de\/wp-json\/wp\/v2\/product_tag?post=280688"}],"curies":[{"name":"wp","href":"https:\/\/api.w.org\/{rel}","templated":true}]}}