{"id":280682,"date":"2024-02-07T01:14:10","date_gmt":"2025-06-23T07:55:16","guid":{"rendered":"https:\/\/www.huntersfriend.eu\/product\/aclima-woolnet-lange-unterhose\/"},"modified":"2026-01-24T09:39:23","modified_gmt":"2026-01-24T07:39:23","slug":"aclima-woolnet-lange-unterhose","status":"publish","type":"product","link":"https:\/\/www.huntersfriend.eu\/de\/produkt\/aclima-woolnet-lange-unterhose\/","title":{"rendered":"Aclima Woolnet Lange Unterhose"},"content":{"rendered":"<p>Einzigartige Herren-Netzunterw\u00e4sche aus Merinowolle. Die Woolnet-Struktur, die weiche Merinowolle verwendet, gew\u00e4hrleistet optimale W\u00e4rme und exzellente Atmungsaktivit\u00e4t. Die Faser kann bis zu 30% Feuchtigkeit aufnehmen, bevor sie sich nass anf\u00fchlt. Die Kombination von nat\u00fcrlichen Fasern mit Synthetik ist eine au\u00dferordentlich effektive L\u00f6sung f\u00fcr Temperaturregulierung und Komfort. Die Knie- und vordere Leistenpartie sind mit warmem 200g Warmwool-Material verst\u00e4rkt. Dank der Total Easy Care Behandlung juckt Woolnet nicht und schrumpft nur minimal.     <\/p>\n<p>Waschanleitung: Bei 40\u00b0C mit Wollwaschmittel auf links waschen. In Form ziehen und h\u00e4ngend trocknen. <\/p>\n<ul>\n<li>Gewicht: 177g (Gr\u00f6\u00dfe M) Gr\u00f6\u00dfen: S-XXL<\/li>\n<li>\u00d6ko-Tex Standard 100 zertifiziert, frei von sch\u00e4dlichen Chemikalien<\/li>\n<li>Farbe: Tiefschwarz<\/li>\n<li>Material: 91% weiche, 120 g Merinowolle, 7% Polyamid, 2% Elasthan<\/li>\n<\/ul>\n","protected":false},"excerpt":{"rendered":"<p>Einzigartige Herren-Netzunterw\u00e4sche aus Merinowolle. Die Woolnet-Struktur, die weiche Merinowolle verwendet, gew\u00e4hrleistet optimale W\u00e4rme und exzellente Atmungsaktivit\u00e4t. Die Faser kann bis zu 30% Feuchtigkeit aufnehmen, bevor sie sich nass anf\u00fchlt. Die Kombination von nat\u00fcrlichen Fasern mit Synthetik ist eine au\u00dferordentlich effektive L\u00f6sung f\u00fcr Temperaturregulierung und Komfort. Die Knie- und vordere Leistenpartie sind mit warmem 200g Warmwool-Material [&#8230;]\n","protected":false},"featured_media":264661,"comment_status":"open","ping_status":"closed","template":"","meta":[],"product_brand":[],"product_cat":[1203],"product_tag":[],"class_list":{"0":"post-280682","1":"product","2":"type-product","3":"status-publish","4":"has-post-thumbnail","6":"product_cat-kleidungsschichten","8":"first","9":"instock","10":"taxable","11":"shipping-taxable","12":"purchasable","13":"product-type-variable"},"composite_virtual":false,"composite_layout":"","composite_add_to_cart_form_location":"","composite_editable_in_cart":false,"composite_sold_individually_context":"","composite_shop_price_calc":"","composite_components":[],"composite_scenarios":[],"group_of_quantity":0,"min_quantity":0,"max_quantity":"","exclude_order_quantity_value_rules":"no","exclude_category_quantity_rules":"no","combine_variations":"no","exclude_global_add_ons":[],"addons":[],"_links":{"self":[{"href":"https:\/\/www.huntersfriend.eu\/de\/wp-json\/wp\/v2\/product\/280682","targetHints":{"allow":["GET"]}}],"collection":[{"href":"https:\/\/www.huntersfriend.eu\/de\/wp-json\/wp\/v2\/product"}],"about":[{"href":"https:\/\/www.huntersfriend.eu\/de\/wp-json\/wp\/v2\/types\/product"}],"replies":[{"embeddable":true,"href":"https:\/\/www.huntersfriend.eu\/de\/wp-json\/wp\/v2\/comments?post=280682"}],"wp:featuredmedia":[{"embeddable":true,"href":"https:\/\/www.huntersfriend.eu\/de\/wp-json\/wp\/v2\/media\/264661"}],"wp:attachment":[{"href":"https:\/\/www.huntersfriend.eu\/de\/wp-json\/wp\/v2\/media?parent=280682"}],"wp:term":[{"taxonomy":"product_brand","embeddable":true,"href":"https:\/\/www.huntersfriend.eu\/de\/wp-json\/wp\/v2\/product_brand?post=280682"},{"taxonomy":"product_cat","embeddable":true,"href":"https:\/\/www.huntersfriend.eu\/de\/wp-json\/wp\/v2\/product_cat?post=280682"},{"taxonomy":"product_tag","embeddable":true,"href":"https:\/\/www.huntersfriend.eu\/de\/wp-json\/wp\/v2\/product_tag?post=280682"}],"curies":[{"name":"wp","href":"https:\/\/api.w.org\/{rel}","templated":true}]}}