{"id":280675,"date":"2024-02-07T01:14:09","date_gmt":"2024-02-06T23:14:09","guid":{"rendered":"https:\/\/www.huntersfriend.eu\/product\/aclima-woolnet-rundhals-oberteil\/"},"modified":"2026-03-11T14:35:43","modified_gmt":"2026-03-11T12:35:43","slug":"aclima-woolnet-rundhals-oberteil","status":"publish","type":"product","link":"https:\/\/www.huntersfriend.eu\/de\/produkt\/aclima-woolnet-rundhals-oberteil\/","title":{"rendered":"Aclima Woolnet Rundhals-Oberteil"},"content":{"rendered":"<p>Einzigartiges, lang\u00e4rmeliges Netz-Baselayer-Shirt f\u00fcr Herren. Die Kombination von Naturfasern mit Synthetik stellt eine au\u00dferordentlich effektive L\u00f6sung f\u00fcr Temperaturregulierung und Komfort dar. Die Woolnet-Struktur, unter Verwendung weicher Merinowolle, gew\u00e4hrleistet optimale W\u00e4rme und exzellente Atmungsaktivit\u00e4t. Die Faser kann bis zu 30% Feuchtigkeit aufnehmen, bevor sie sich nass anf\u00fchlt. Schultern und Ellbogen sind separat verst\u00e4rkt. Dank der Total Easy Care Behandlung juckt Woolnet nicht und schrumpft nur minimal.     <\/p>\n<p>Waschanleitung: Bei 40\u00b0C mit Wollwaschmittel auf links waschen. In Form ziehen und h\u00e4ngend trocknen. <\/p>\n<ul>\n<li>Gewicht: 211g (Gr\u00f6\u00dfe M)<\/li>\n<li>\u00d6ko-Tex Standard 100 zertifiziert, frei von sch\u00e4dlichen Chemikalien<\/li>\n<li>Farbe: Tiefschwarz Material:<\/li>\n<li>91% weiche, 120g Merinowolle, 7% Polyamid, 2% Elastan<\/li>\n<\/ul>\n","protected":false},"excerpt":{"rendered":"<p>Einzigartiges, lang\u00e4rmeliges Netz-Baselayer-Shirt f\u00fcr Herren. Die Kombination von Naturfasern mit Synthetik stellt eine au\u00dferordentlich effektive L\u00f6sung f\u00fcr Temperaturregulierung und Komfort dar. Die Woolnet-Struktur, unter Verwendung weicher Merinowolle, gew\u00e4hrleistet optimale W\u00e4rme und exzellente Atmungsaktivit\u00e4t. Die Faser kann bis zu 30% Feuchtigkeit aufnehmen, bevor sie sich nass anf\u00fchlt. Schultern und Ellbogen sind separat verst\u00e4rkt. Dank der Total [&#8230;]\n","protected":false},"featured_media":264666,"comment_status":"open","ping_status":"closed","template":"","meta":[],"product_brand":[],"product_cat":[2580,1203],"product_tag":[],"class_list":{"0":"post-280675","1":"product","2":"type-product","3":"status-publish","4":"has-post-thumbnail","6":"product_cat-lager-pa-lager","7":"product_cat-kleidungsschichten","9":"first","10":"instock","11":"taxable","12":"shipping-taxable","13":"purchasable","14":"product-type-variable"},"composite_virtual":false,"composite_layout":"","composite_add_to_cart_form_location":"","composite_editable_in_cart":false,"composite_sold_individually_context":"","composite_shop_price_calc":"","composite_components":[],"composite_scenarios":[],"group_of_quantity":0,"min_quantity":0,"max_quantity":"","exclude_order_quantity_value_rules":"no","exclude_category_quantity_rules":"no","combine_variations":"no","exclude_global_add_ons":[],"addons":[],"_links":{"self":[{"href":"https:\/\/www.huntersfriend.eu\/de\/wp-json\/wp\/v2\/product\/280675","targetHints":{"allow":["GET"]}}],"collection":[{"href":"https:\/\/www.huntersfriend.eu\/de\/wp-json\/wp\/v2\/product"}],"about":[{"href":"https:\/\/www.huntersfriend.eu\/de\/wp-json\/wp\/v2\/types\/product"}],"replies":[{"embeddable":true,"href":"https:\/\/www.huntersfriend.eu\/de\/wp-json\/wp\/v2\/comments?post=280675"}],"wp:featuredmedia":[{"embeddable":true,"href":"https:\/\/www.huntersfriend.eu\/de\/wp-json\/wp\/v2\/media\/264666"}],"wp:attachment":[{"href":"https:\/\/www.huntersfriend.eu\/de\/wp-json\/wp\/v2\/media?parent=280675"}],"wp:term":[{"taxonomy":"product_brand","embeddable":true,"href":"https:\/\/www.huntersfriend.eu\/de\/wp-json\/wp\/v2\/product_brand?post=280675"},{"taxonomy":"product_cat","embeddable":true,"href":"https:\/\/www.huntersfriend.eu\/de\/wp-json\/wp\/v2\/product_cat?post=280675"},{"taxonomy":"product_tag","embeddable":true,"href":"https:\/\/www.huntersfriend.eu\/de\/wp-json\/wp\/v2\/product_tag?post=280675"}],"curies":[{"name":"wp","href":"https:\/\/api.w.org\/{rel}","templated":true}]}}