{"id":280673,"date":"2024-02-07T01:14:07","date_gmt":"2025-06-23T07:55:11","guid":{"rendered":"https:\/\/www.huntersfriend.eu\/product\/alpenheat-universaldry-trockner\/"},"modified":"2026-02-07T13:45:22","modified_gmt":"2026-02-07T11:45:22","slug":"alpenheat-universaldry-trockner","status":"publish","type":"product","link":"https:\/\/www.huntersfriend.eu\/de\/produkt\/alpenheat-universaldry-trockner\/","title":{"rendered":"Alpenheat UniversalDry Trockner"},"content":{"rendered":"<p>Mit seinen drei verschiedenen Aufs\u00e4tzen kann der UniversalDry entweder ein Paar oder zwei Paar Schuhe gleichzeitig trocknen. Stiefel k\u00f6nnen ebenfalls schnell getrocknet werden, indem die ausziehbaren, flexiblen Rohre bis in den Zehenbereich reichen. Das leistungsstarke, fl\u00fcsterleise Rotationsgebl\u00e4se bl\u00e4st Luft in die Kleidungsst\u00fccke \u2013 optional auf einer der beiden Heizstufen, sodass alle Arten von Schuhen, Stiefeln und Handschuhen schnell, aber auch schonend getrocknet werden k\u00f6nnen. Der UniversalDry kann entweder im Dauerbetrieb oder mit dem 3-Stunden-Timer eingeschaltet werden. Aufgrund der verschiedenen Montagem\u00f6glichkeiten l\u00e4sst sich f\u00fcr den UniversalDry leicht Platz finden: an der Wand oder freistehend. Geeignet f\u00fcr alle Arten von Schuhen, ob Sport-, Freizeit- oder allt\u00e4gliche Stra\u00dfenschuhe, und besonders empfohlen f\u00fcr hohe Stiefel: Gummistiefel, Winter-, Reit-, Jagd-, Angel-, Wander-, Ski- und Snowboardstiefel!    <\/p>\n<h4>Hauptmerkmale<strong>:<\/strong><\/h4>\n<ul>\n<li>Reduziert Geruch und Bakterien<\/li>\n<li>Trocknet Schuhe\/Stiefel\/Handschuhe\/Helme\/H\u00fcte und andere Kleidungsst\u00fccke<\/li>\n<li>3 verschiedene Aufs\u00e4tze:\n<ul>\n<li>Adapter f\u00fcr 1 Paar Schuhe oder Handschuhe<\/li>\n<li>Adapter f\u00fcr 2 Paar Schuhe oder Handschuhe<\/li>\n<li>Adapter mit flexiblen Rohren f\u00fcr 1 Paar Stiefel<\/li>\n<\/ul>\n<\/li>\n<li>2 Heizstufen<\/li>\n<li>Universelle Montagem\u00f6glichkeiten:\n<ul>\n<li>Wand<\/li>\n<li>Freistehend<\/li>\n<\/ul>\n<\/li>\n<\/ul>\n<ul>\n<li>Gewicht: 1 kg<\/li>\n<li>Abmessungen: L 23 x H 37 x B 18 cm<\/li>\n<li>Bedienelemente: Ein\/Aus, 3-Stunden-Timer<\/li>\n<li>Leistung: 230 Volt\/50Hz<\/li>\n<li>Ausgangsleistung: 230 Watt<\/li>\n<\/ul>\n","protected":false},"excerpt":{"rendered":"<p>Mit seinen drei verschiedenen Aufs\u00e4tzen kann der UniversalDry entweder ein Paar oder zwei Paar Schuhe gleichzeitig trocknen. Stiefel k\u00f6nnen ebenfalls schnell getrocknet werden, indem die ausziehbaren, flexiblen Rohre bis in den Zehenbereich reichen. Das leistungsstarke, fl\u00fcsterleise Rotationsgebl\u00e4se bl\u00e4st Luft in die Kleidungsst\u00fccke \u2013 optional auf einer der beiden Heizstufen, sodass alle Arten von Schuhen, Stiefeln [&#8230;]\n","protected":false},"featured_media":264627,"comment_status":"open","ping_status":"closed","template":"","meta":[],"product_brand":[],"product_cat":[1380],"product_tag":[],"class_list":{"0":"post-280673","1":"product","2":"type-product","3":"status-publish","4":"has-post-thumbnail","6":"product_cat-zubehor","7":"product_shipping_class-medium-de","9":"first","10":"instock","11":"taxable","12":"shipping-taxable","13":"purchasable","14":"product-type-simple"},"composite_virtual":false,"composite_layout":"","composite_add_to_cart_form_location":"","composite_editable_in_cart":false,"composite_sold_individually_context":"","composite_shop_price_calc":"","composite_components":[],"composite_scenarios":[],"group_of_quantity":0,"min_quantity":0,"max_quantity":"","exclude_order_quantity_value_rules":"no","exclude_category_quantity_rules":"no","combine_variations":"no","exclude_global_add_ons":[],"addons":[],"_links":{"self":[{"href":"https:\/\/www.huntersfriend.eu\/de\/wp-json\/wp\/v2\/product\/280673","targetHints":{"allow":["GET"]}}],"collection":[{"href":"https:\/\/www.huntersfriend.eu\/de\/wp-json\/wp\/v2\/product"}],"about":[{"href":"https:\/\/www.huntersfriend.eu\/de\/wp-json\/wp\/v2\/types\/product"}],"replies":[{"embeddable":true,"href":"https:\/\/www.huntersfriend.eu\/de\/wp-json\/wp\/v2\/comments?post=280673"}],"wp:featuredmedia":[{"embeddable":true,"href":"https:\/\/www.huntersfriend.eu\/de\/wp-json\/wp\/v2\/media\/264627"}],"wp:attachment":[{"href":"https:\/\/www.huntersfriend.eu\/de\/wp-json\/wp\/v2\/media?parent=280673"}],"wp:term":[{"taxonomy":"product_brand","embeddable":true,"href":"https:\/\/www.huntersfriend.eu\/de\/wp-json\/wp\/v2\/product_brand?post=280673"},{"taxonomy":"product_cat","embeddable":true,"href":"https:\/\/www.huntersfriend.eu\/de\/wp-json\/wp\/v2\/product_cat?post=280673"},{"taxonomy":"product_tag","embeddable":true,"href":"https:\/\/www.huntersfriend.eu\/de\/wp-json\/wp\/v2\/product_tag?post=280673"}],"curies":[{"name":"wp","href":"https:\/\/api.w.org\/{rel}","templated":true}]}}