{"id":280672,"date":"2024-02-07T01:08:14","date_gmt":"2024-02-06T23:08:14","guid":{"rendered":"https:\/\/www.huntersfriend.eu\/product\/v-sharp-classic-ii-messerschaerfer\/"},"modified":"2025-10-20T09:41:26","modified_gmt":"2025-10-20T07:41:26","slug":"v-sharp-classic-ii-messerschaerfer","status":"publish","type":"product","link":"https:\/\/www.huntersfriend.eu\/de\/produkt\/v-sharp-classic-ii-messerschaerfer\/","title":{"rendered":"V-Sharp Classic II Messersch\u00e4rfer"},"content":{"rendered":"<p>Der V-SHARP\u00ae CLASSIC I<strong>I<\/strong> verwendet zwei hochwertige Diamantabziehsteine mit 325er K\u00f6rnung, die die Klinge mittels kalibrierter Federspannung beidseitig simultan sch\u00e4rfen. Ideal f\u00fcr K\u00fcchen-, Filetier-, Jagd- und die meisten anderen Messer mit flacher Klinge. Dieses hochwertige Modell verf\u00fcgt \u00fcber einen handgefertigten Stahlrahmen, eine massive Gummibasis und eine strapazierf\u00e4hige schwarze Pulverbeschichtung.  <\/p>\n<p>Der V-SHARP\u00ae CLASSIC II kann auch Keramikabziehsteine verwenden, um gezahnte Messer zu sch\u00e4rfen und glatten Klingen eine \u00fcberlegene Sch\u00e4rfe zu verleihen.<\/p>\n<p>Diamant- oder Keramikabziehsteine sind verf\u00fcgbar! Die beiden Optionen sind austauschbar und optional w\u00e4hlbar. <\/p>\n<p>Hauptmerkmale:<\/p>\n<ul>\n<li>3 einstellbare Winkel (20, 25 &amp; 30)<\/li>\n<li>Nat\u00fcrliche Diamantabziehsteine mit 325er K\u00f6rnung<\/li>\n<li>Stahlrahmenkonstruktion<\/li>\n<li>Strapazierf\u00e4hige Pulverbeschichtung<\/li>\n<li>Massive Gummibasis<\/li>\n<li>Abziehst\u00e4hle (im Lieferumfang enthalten)<\/li>\n<li>1 Jahr Garantie<\/li>\n<li>Gewicht = 709 Gramm<\/li>\n<\/ul>\n","protected":false},"excerpt":{"rendered":"<p>Der V-SHARP\u00ae CLASSIC II verwendet zwei hochwertige Diamantabziehsteine mit 325er K\u00f6rnung, die die Klinge mittels kalibrierter Federspannung beidseitig simultan sch\u00e4rfen. Ideal f\u00fcr K\u00fcchen-, Filetier-, Jagd- und die meisten anderen Messer mit flacher Klinge. Dieses hochwertige Modell verf\u00fcgt \u00fcber einen handgefertigten Stahlrahmen, eine massive Gummibasis und eine strapazierf\u00e4hige schwarze Pulverbeschichtung. Der V-SHARP\u00ae CLASSIC II kann auch [&#8230;]\n","protected":false},"featured_media":264565,"comment_status":"open","ping_status":"closed","template":"","meta":[],"product_brand":[],"product_cat":[1145],"product_tag":[],"class_list":{"0":"post-280672","1":"product","2":"type-product","3":"status-publish","4":"has-post-thumbnail","6":"product_cat-sonstiges","8":"first","9":"outofstock","10":"taxable","11":"shipping-taxable","12":"product-type-simple"},"composite_virtual":false,"composite_layout":"","composite_add_to_cart_form_location":"","composite_editable_in_cart":false,"composite_sold_individually_context":"","composite_shop_price_calc":"","composite_components":[],"composite_scenarios":[],"group_of_quantity":0,"min_quantity":0,"max_quantity":"","exclude_order_quantity_value_rules":"no","exclude_category_quantity_rules":"no","combine_variations":"no","exclude_global_add_ons":[],"addons":[],"_links":{"self":[{"href":"https:\/\/www.huntersfriend.eu\/de\/wp-json\/wp\/v2\/product\/280672","targetHints":{"allow":["GET"]}}],"collection":[{"href":"https:\/\/www.huntersfriend.eu\/de\/wp-json\/wp\/v2\/product"}],"about":[{"href":"https:\/\/www.huntersfriend.eu\/de\/wp-json\/wp\/v2\/types\/product"}],"replies":[{"embeddable":true,"href":"https:\/\/www.huntersfriend.eu\/de\/wp-json\/wp\/v2\/comments?post=280672"}],"wp:featuredmedia":[{"embeddable":true,"href":"https:\/\/www.huntersfriend.eu\/de\/wp-json\/wp\/v2\/media\/264565"}],"wp:attachment":[{"href":"https:\/\/www.huntersfriend.eu\/de\/wp-json\/wp\/v2\/media?parent=280672"}],"wp:term":[{"taxonomy":"product_brand","embeddable":true,"href":"https:\/\/www.huntersfriend.eu\/de\/wp-json\/wp\/v2\/product_brand?post=280672"},{"taxonomy":"product_cat","embeddable":true,"href":"https:\/\/www.huntersfriend.eu\/de\/wp-json\/wp\/v2\/product_cat?post=280672"},{"taxonomy":"product_tag","embeddable":true,"href":"https:\/\/www.huntersfriend.eu\/de\/wp-json\/wp\/v2\/product_tag?post=280672"}],"curies":[{"name":"wp","href":"https:\/\/api.w.org\/{rel}","templated":true}]}}