{"id":280671,"date":"2024-02-07T01:14:06","date_gmt":"2025-06-23T07:55:09","guid":{"rendered":"https:\/\/www.huntersfriend.eu\/product\/3m-peltor-protac-hunter\/"},"modified":"2026-02-25T10:35:19","modified_gmt":"2026-02-25T08:35:19","slug":"3m-peltor-protac-hunter","status":"publish","type":"product","link":"https:\/\/www.huntersfriend.eu\/de\/produkt\/3m-peltor-protac-hunter\/","title":{"rendered":"3M peltor ProTac Hunter"},"content":{"rendered":"<p>Der Peltor ProTac Hunter ist ein aktiver Geh\u00f6rschutz, der speziell f\u00fcr die Jagd konzipiert wurde. Er d\u00e4mpft laute und hochfrequente Ger\u00e4usche, w\u00e4hrend er schwache Ger\u00e4usche verst\u00e4rkt.<\/p>\n<p>Technische Spezifikationen:<\/p>\n<ul>\n<li>Kabelanschluss: 3,5-mm-AUX-Eingang (Schalldruckpegel auf 82 dB begrenzt)<\/li>\n<li>Sprachgef\u00fchrtes Men\u00fc<\/li>\n<li>Automatische Abschaltung (die Stromversorgung wird nach 4 Stunden Inaktivit\u00e4t automatisch unterbrochen)<\/li>\n<li>Signalisiert niedrigen Batteriestand<\/li>\n<li>Die Elektronik befindet sich auf der Au\u00dfenseite der Ohrmuschel, was unter anderem die durch Schwei\u00df verursachte Korrosion reduziert<\/li>\n<li>Batterielaufzeit circa 100 Stunden<\/li>\n<li>D\u00e4mmwerte SNR=26 dB H=29 dB M=23 dB L=17 dB<\/li>\n<li>Lieferumfang: Geh\u00f6rschutz, 2 x AA-Batterie und Bedienungsanleitung<\/li>\n<\/ul>\n","protected":false},"excerpt":{"rendered":"<p>Der Peltor ProTac Hunter ist ein aktiver Geh\u00f6rschutz, der speziell f\u00fcr die Jagd konzipiert wurde. Er d\u00e4mpft laute und hochfrequente Ger\u00e4usche, w\u00e4hrend er schwache Ger\u00e4usche verst\u00e4rkt. Technische Spezifikationen: Kabelanschluss: 3,5-mm-AUX-Eingang (Schalldruckpegel auf 82 dB begrenzt) Sprachgef\u00fchrtes Men\u00fc Automatische Abschaltung (die Stromversorgung wird nach 4 Stunden Inaktivit\u00e4t automatisch unterbrochen) Signalisiert niedrigen Batteriestand Die Elektronik befindet sich [&#8230;]\n","protected":false},"featured_media":264622,"comment_status":"open","ping_status":"closed","template":"","meta":[],"product_brand":[],"product_cat":[2692,1424],"product_tag":[],"class_list":{"0":"post-280671","1":"product","2":"type-product","3":"status-publish","4":"has-post-thumbnail","6":"product_cat-ogon-och-horselskydd","7":"product_cat-augen-und-gehorschutz","9":"first","10":"instock","11":"taxable","12":"shipping-taxable","13":"purchasable","14":"product-type-simple"},"composite_virtual":false,"composite_layout":"","composite_add_to_cart_form_location":"","composite_editable_in_cart":false,"composite_sold_individually_context":"","composite_shop_price_calc":"","composite_components":[],"composite_scenarios":[],"group_of_quantity":0,"min_quantity":0,"max_quantity":"","exclude_order_quantity_value_rules":"no","exclude_category_quantity_rules":"no","combine_variations":"no","exclude_global_add_ons":[],"addons":[],"_links":{"self":[{"href":"https:\/\/www.huntersfriend.eu\/de\/wp-json\/wp\/v2\/product\/280671","targetHints":{"allow":["GET"]}}],"collection":[{"href":"https:\/\/www.huntersfriend.eu\/de\/wp-json\/wp\/v2\/product"}],"about":[{"href":"https:\/\/www.huntersfriend.eu\/de\/wp-json\/wp\/v2\/types\/product"}],"replies":[{"embeddable":true,"href":"https:\/\/www.huntersfriend.eu\/de\/wp-json\/wp\/v2\/comments?post=280671"}],"wp:featuredmedia":[{"embeddable":true,"href":"https:\/\/www.huntersfriend.eu\/de\/wp-json\/wp\/v2\/media\/264622"}],"wp:attachment":[{"href":"https:\/\/www.huntersfriend.eu\/de\/wp-json\/wp\/v2\/media?parent=280671"}],"wp:term":[{"taxonomy":"product_brand","embeddable":true,"href":"https:\/\/www.huntersfriend.eu\/de\/wp-json\/wp\/v2\/product_brand?post=280671"},{"taxonomy":"product_cat","embeddable":true,"href":"https:\/\/www.huntersfriend.eu\/de\/wp-json\/wp\/v2\/product_cat?post=280671"},{"taxonomy":"product_tag","embeddable":true,"href":"https:\/\/www.huntersfriend.eu\/de\/wp-json\/wp\/v2\/product_tag?post=280671"}],"curies":[{"name":"wp","href":"https:\/\/api.w.org\/{rel}","templated":true}]}}