{"id":280670,"date":"2024-02-07T01:08:13","date_gmt":"2025-06-23T07:55:09","guid":{"rendered":"https:\/\/www.huntersfriend.eu\/product\/lansky-blademedic-taschenschaerfer\/"},"modified":"2025-10-15T11:33:21","modified_gmt":"2025-10-15T09:33:21","slug":"lansky-blademedic-taschenschaerfer","status":"publish","type":"product","link":"https:\/\/www.huntersfriend.eu\/de\/produkt\/lansky-blademedic-taschenschaerfer\/","title":{"rendered":"Lansky Blademedic Taschensch\u00e4rfer"},"content":{"rendered":"<p>Erste Hilfe f\u00fcr Ihre Klinge\u00ae: Der Ersthelfer f\u00fcr Feldreparaturen an allen Arten von Messerklingen. Es ist, als h\u00e4tten Sie ein komplettes Messersch\u00e4rfsystem direkt in Ihrer Tasche &#8211; geeignet f\u00fcr normale oder gezahnte Klingen, Ausweidehaken, Jagd- und Angelmesser, <\/p>\n<p>Hauptmerkmale:<\/p>\n<p><strong>Wolframkarbid<\/strong><br \/>\nLediglich drei bis vier Z\u00fcge gen\u00fcgen, um Ihre Klinge wiederherzustellen.<\/p>\n<p><strong>Keramische Sch\u00e4rfst\u00e4be &#8211; 1.000 K\u00f6rnung<\/strong><br \/>\nPolieren Sie in drei bis vier Z\u00fcgen zu einer perfekten Schneide.<\/p>\n<p><strong>Wellenschliffsch\u00e4rfer &#8211; 800 K\u00f6rnung<\/strong><br \/>\nKonstruiert, um selbst in die kleinsten Wellungen zu gelangen.<\/p>\n<p><strong>Diamant-Konusstab &#8211; 600 K\u00f6rnung<\/strong><br \/>\nF\u00fcr schnelle Rekonditionierung und Wartung sowohl gerader als auch gezahnter Klingen. Hervorragend f\u00fcr Ausweidehaken geeignet. <\/p>\n<p><em>Die Sch\u00e4rfwinkel sind auf 22,5\u00ba voreingestellt, um einen inklusiven Winkel von 45\u00ba zu erreichen.<\/em><\/p>\n<p>Abmessungen: 3,9 \u201ex 1,25\u201c<\/p>\n","protected":false},"excerpt":{"rendered":"<p>Erste Hilfe f\u00fcr Ihre Klinge\u00ae: Der Ersthelfer f\u00fcr Feldreparaturen an allen Arten von Messerklingen. Es ist, als h\u00e4tten Sie ein komplettes Messersch\u00e4rfsystem direkt in Ihrer Tasche &#8211; geeignet f\u00fcr normale oder gezahnte Klingen, Ausweidehaken, Jagd- und Angelmesser, Hauptmerkmale: Wolframkarbid Lediglich drei bis vier Z\u00fcge gen\u00fcgen, um Ihre Klinge wiederherzustellen. Keramische Sch\u00e4rfst\u00e4be &#8211; 1.000 K\u00f6rnung Polieren [&#8230;]\n","protected":false},"featured_media":264550,"comment_status":"open","ping_status":"closed","template":"","meta":[],"product_brand":[],"product_cat":[1134],"product_tag":[],"class_list":{"0":"post-280670","1":"product","2":"type-product","3":"status-publish","4":"has-post-thumbnail","6":"product_cat-messer-aexte-und-schaerfer","8":"first","9":"instock","10":"taxable","11":"shipping-taxable","12":"purchasable","13":"product-type-simple"},"composite_virtual":false,"composite_layout":"","composite_add_to_cart_form_location":"","composite_editable_in_cart":false,"composite_sold_individually_context":"","composite_shop_price_calc":"","composite_components":[],"composite_scenarios":[],"group_of_quantity":0,"min_quantity":0,"max_quantity":"","exclude_order_quantity_value_rules":"no","exclude_category_quantity_rules":"no","combine_variations":"no","exclude_global_add_ons":[],"addons":[],"_links":{"self":[{"href":"https:\/\/www.huntersfriend.eu\/de\/wp-json\/wp\/v2\/product\/280670","targetHints":{"allow":["GET"]}}],"collection":[{"href":"https:\/\/www.huntersfriend.eu\/de\/wp-json\/wp\/v2\/product"}],"about":[{"href":"https:\/\/www.huntersfriend.eu\/de\/wp-json\/wp\/v2\/types\/product"}],"replies":[{"embeddable":true,"href":"https:\/\/www.huntersfriend.eu\/de\/wp-json\/wp\/v2\/comments?post=280670"}],"wp:featuredmedia":[{"embeddable":true,"href":"https:\/\/www.huntersfriend.eu\/de\/wp-json\/wp\/v2\/media\/264550"}],"wp:attachment":[{"href":"https:\/\/www.huntersfriend.eu\/de\/wp-json\/wp\/v2\/media?parent=280670"}],"wp:term":[{"taxonomy":"product_brand","embeddable":true,"href":"https:\/\/www.huntersfriend.eu\/de\/wp-json\/wp\/v2\/product_brand?post=280670"},{"taxonomy":"product_cat","embeddable":true,"href":"https:\/\/www.huntersfriend.eu\/de\/wp-json\/wp\/v2\/product_cat?post=280670"},{"taxonomy":"product_tag","embeddable":true,"href":"https:\/\/www.huntersfriend.eu\/de\/wp-json\/wp\/v2\/product_tag?post=280670"}],"curies":[{"name":"wp","href":"https:\/\/api.w.org\/{rel}","templated":true}]}}