{"id":280668,"date":"2024-02-07T01:08:18","date_gmt":"2025-06-23T07:55:07","guid":{"rendered":"https:\/\/www.huntersfriend.eu\/product\/sordin-supreme-pro\/"},"modified":"2026-04-23T12:22:19","modified_gmt":"2026-04-23T10:22:19","slug":"sordin-supreme-pro","status":"publish","type":"product","link":"https:\/\/www.huntersfriend.eu\/de\/produkt\/sordin-supreme-pro\/","title":{"rendered":"Sordin Supreme Pro"},"content":{"rendered":"<p>Der hochwertige aktive Geh\u00f6rschutz MSA Sordin Supreme Pro, welcher rauen Bedingungen standh\u00e4lt. Die Elektronik des Schutzes wird mit einer 5-j\u00e4hrigen Garantie geliefert. Dieser qualitativ hochwertige und benutzerfreundliche Geh\u00f6rschutz mit Druckkn\u00f6pfen ist eine exzellente Wahl f\u00fcr Aktivit\u00e4ten wie Jagd, Schie\u00dfsport und anspruchsvolle professionelle Anwendungen. Er verf\u00fcgt \u00fcber ein gerichtetes H\u00f6ren dank Mikrofonen auf beiden Seiten. Spritzwassergesch\u00fctzte Lautsprecher und interne Elektronik erh\u00f6hen die Zuverl\u00e4ssigkeit. Er wird mit einem schwarzen Leder-Kopfband und dunkelgr\u00fcnen Kapseln geliefert.     <\/p>\n<p>Technische Spezifikationen:<\/p>\n<ul>\n<li>Stromversorgung: 2 x AAA-Batterie<\/li>\n<li>Betriebsdauer: circa 600 Stunden<\/li>\n<li>Automatische Abschaltung und akustische Warnung bei niedrigem Batteriestand<\/li>\n<li>AUX- und 3,5-mm-Mono-Buchsen zum Anschluss von Ger\u00e4ten wie Zweiwege-Funkger\u00e4ten<\/li>\n<li>Gute Verst\u00e4rkungsleistung f\u00fcr Umgebungsger\u00e4usche und 5-stufige Lautst\u00e4rkeregelung<\/li>\n<li>D\u00e4mpfung lauter Ger\u00e4usche bis zu 82 dB<\/li>\n<li>Gewicht: 341 g Batterieverbrauchsanzeige<\/li>\n<li>Maximale Nutzungsdauer: 10 Jahre<\/li>\n<li>Hergestellt in Schweden<\/li>\n<\/ul>\n","protected":false},"excerpt":{"rendered":"<p>Der hochwertige aktive Geh\u00f6rschutz MSA Sordin Supreme Pro, welcher rauen Bedingungen standh\u00e4lt. Die Elektronik des Schutzes wird mit einer 5-j\u00e4hrigen Garantie geliefert. Dieser qualitativ hochwertige und benutzerfreundliche Geh\u00f6rschutz mit Druckkn\u00f6pfen ist eine exzellente Wahl f\u00fcr Aktivit\u00e4ten wie Jagd, Schie\u00dfsport und anspruchsvolle professionelle Anwendungen. Er verf\u00fcgt \u00fcber ein gerichtetes H\u00f6ren dank Mikrofonen auf beiden Seiten. Spritzwassergesch\u00fctzte [&#8230;]\n","protected":false},"featured_media":264631,"comment_status":"open","ping_status":"closed","template":"","meta":[],"product_brand":[],"product_cat":[2692,1342],"product_tag":[],"class_list":{"0":"post-280668","1":"product","2":"type-product","3":"status-publish","4":"has-post-thumbnail","6":"product_cat-ogon-och-horselskydd","7":"product_cat-eye-ear-protection","9":"first","10":"instock","11":"taxable","12":"shipping-taxable","13":"purchasable","14":"product-type-simple"},"composite_virtual":false,"composite_layout":"","composite_add_to_cart_form_location":"","composite_editable_in_cart":false,"composite_sold_individually_context":"","composite_shop_price_calc":"","composite_components":[],"composite_scenarios":[],"group_of_quantity":0,"min_quantity":0,"max_quantity":"","exclude_order_quantity_value_rules":"no","exclude_category_quantity_rules":"no","combine_variations":"no","exclude_global_add_ons":[],"addons":[],"_links":{"self":[{"href":"https:\/\/www.huntersfriend.eu\/de\/wp-json\/wp\/v2\/product\/280668","targetHints":{"allow":["GET"]}}],"collection":[{"href":"https:\/\/www.huntersfriend.eu\/de\/wp-json\/wp\/v2\/product"}],"about":[{"href":"https:\/\/www.huntersfriend.eu\/de\/wp-json\/wp\/v2\/types\/product"}],"replies":[{"embeddable":true,"href":"https:\/\/www.huntersfriend.eu\/de\/wp-json\/wp\/v2\/comments?post=280668"}],"wp:featuredmedia":[{"embeddable":true,"href":"https:\/\/www.huntersfriend.eu\/de\/wp-json\/wp\/v2\/media\/264631"}],"wp:attachment":[{"href":"https:\/\/www.huntersfriend.eu\/de\/wp-json\/wp\/v2\/media?parent=280668"}],"wp:term":[{"taxonomy":"product_brand","embeddable":true,"href":"https:\/\/www.huntersfriend.eu\/de\/wp-json\/wp\/v2\/product_brand?post=280668"},{"taxonomy":"product_cat","embeddable":true,"href":"https:\/\/www.huntersfriend.eu\/de\/wp-json\/wp\/v2\/product_cat?post=280668"},{"taxonomy":"product_tag","embeddable":true,"href":"https:\/\/www.huntersfriend.eu\/de\/wp-json\/wp\/v2\/product_tag?post=280668"}],"curies":[{"name":"wp","href":"https:\/\/api.w.org\/{rel}","templated":true}]}}