{"id":280660,"date":"2024-02-07T01:20:10","date_gmt":"2024-02-06T23:20:10","guid":{"rendered":"https:\/\/www.huntersfriend.eu\/product\/hylje-action-light-gesamtanzug\/"},"modified":"2026-03-11T14:36:20","modified_gmt":"2026-03-11T12:36:20","slug":"hylje-action-light-gesamtanzug","status":"publish","type":"product","link":"https:\/\/www.huntersfriend.eu\/de\/produkt\/hylje-action-light-gesamtanzug\/","title":{"rendered":"HYLJE Action Light -Gesamtanzug"},"content":{"rendered":"<p>Der HYLJE Action Light ist der leichteste Gesamtanzug in der HYLJE-Produktfamilie. Er blockiert effektiv Wind und Wasser, w\u00e4hrend er dank seines atmungsaktiven Designs gleichzeitig Feuchtigkeit nach au\u00dfen entweichen l\u00e4sst. Mit einer robusten Polyamidbasis ist das Gewebe des Action Light bemerkenswert haltbar und widerstandsf\u00e4hig in Relation zu seinem Gewicht. Als vielseitiger Gesamtanzug eignet sich der Action Light hervorragend f\u00fcr aktive Wildnisenthusiasten, Hundebesitzer, Eisangler im Fr\u00fchling, J\u00e4ger, Fischer, Landwirte, Gartenarbeiter, Outdoor-Kinderbetreuungskr\u00e4fte und jeden, der W\u00e4rme bei k\u00fchlem Wetter oder Schutz vor Wind und Schneeregen ben\u00f6tigt. Er ist zudem ein exzellentes Kleidungsst\u00fcck f\u00fcr Eisschwimmer \u2013 einfach nach dem Schwimmen etwas Merinowolle darunter anziehen und los geht&#8217;s!     <\/p>\n<p>Der ultraleichte und ger\u00e4umige HYLJE Action Light ist leicht anzuziehen, und bei Bedarf k\u00f6nnen mehrere Schichten darunter getragen werden. Dies macht den Action Light auch bei h\u00e4rteren K\u00e4ltebedingungen als Au\u00dfenschicht geeignet. Allerdings ist dieser Overall nur leicht gepolstert, sodass Personen, die sich h\u00e4ufig in extremer K\u00e4lte bewegen, eine dickere Option in Betracht ziehen sollten.  <\/p>\n<p>Die vertrauten Hosentr\u00e4ger, die in allen HYLJE-Overalls zu finden sind, halten den Action Light fest an seinem Platz und gew\u00e4hrleisten eine komfortable Passform. Der Action Light verf\u00fcgt \u00fcber mehrere Taschen, die eine bequeme Aufbewahrung von Kleinteilen erm\u00f6glichen. Der Halbg\u00fcrtel kann bei Bedarf um die Taille festgezogen werden, kann aber auch f\u00fcr eine entspanntere Passform lockerer gelassen werden. Die D-Ringe an der Taille machen es einfach, Werkzeuge, einen Hundeleckerlibeutel, einen Becher oder was auch immer man griffbereit haben m\u00f6chte, aufzuh\u00e4ngen.   <\/p>\n<p>Der kompakte HYLJE Action Light, der in einen kleinen Raum passt, ist eine exzellente Ausr\u00fcstung f\u00fcr Wildnisenthusiasten, da er bei Bedarf auch als erstklassige Schicht f\u00fcr Pausen fungiert. In eine kleine Overalltasche gepackt, kann der Action Light im Rucksack eines Wanderers mitgef\u00fchrt werden und wird zweifellos w\u00e4hrend der Pausen am Lagerfeuer f\u00fcr W\u00e4rme sorgen. <\/p>\n<p>Hauptmerkmale:<\/p>\n<ul>\n<li>Leichtgewichtig<\/li>\n<li>Winddicht<\/li>\n<li>Wasserabweisend<\/li>\n<li>Atmungsaktiv<\/li>\n<li>Langlebig<\/li>\n<li>Vielseitig<\/li>\n<li>Platzsparend verstaubar: einfach zu transportieren und aufzubewahren<\/li>\n<\/ul>\n<p>Die \u00dcbersetzung der Gr\u00f6\u00dfenbezeichnungen in der Gr\u00f6\u00dfentabelle lautet wie folgt (in cm)<\/p>\n<p>Gr\u00f6\u00dfe&#8212;&#8211; Brust &#8212;-Taille&#8212;&#8212;Schrittl\u00e4nge<\/p>\n","protected":false},"excerpt":{"rendered":"<p>Der HYLJE Action Light ist der leichteste Gesamtanzug in der HYLJE-Produktfamilie. Er blockiert effektiv Wind und Wasser, w\u00e4hrend er dank seines atmungsaktiven Designs gleichzeitig Feuchtigkeit nach au\u00dfen entweichen l\u00e4sst. Mit einer robusten Polyamidbasis ist das Gewebe des Action Light bemerkenswert haltbar und widerstandsf\u00e4hig in Relation zu seinem Gewicht. Als vielseitiger Gesamtanzug eignet sich der Action [&#8230;]\n","protected":false},"featured_media":265197,"comment_status":"open","ping_status":"closed","template":"","meta":[],"product_brand":[],"product_cat":[2846,2261],"product_tag":[],"class_list":{"0":"post-280660","1":"product","2":"type-product","3":"status-publish","4":"has-post-thumbnail","6":"product_cat-overaller","7":"product_cat-overalls","9":"first","10":"instock","11":"taxable","12":"shipping-taxable","13":"purchasable","14":"product-type-variable"},"composite_virtual":false,"composite_layout":"","composite_add_to_cart_form_location":"","composite_editable_in_cart":false,"composite_sold_individually_context":"","composite_shop_price_calc":"","composite_components":[],"composite_scenarios":[],"group_of_quantity":0,"min_quantity":0,"max_quantity":"","exclude_order_quantity_value_rules":"no","exclude_category_quantity_rules":"no","combine_variations":"no","exclude_global_add_ons":[],"addons":[],"_links":{"self":[{"href":"https:\/\/www.huntersfriend.eu\/de\/wp-json\/wp\/v2\/product\/280660","targetHints":{"allow":["GET"]}}],"collection":[{"href":"https:\/\/www.huntersfriend.eu\/de\/wp-json\/wp\/v2\/product"}],"about":[{"href":"https:\/\/www.huntersfriend.eu\/de\/wp-json\/wp\/v2\/types\/product"}],"replies":[{"embeddable":true,"href":"https:\/\/www.huntersfriend.eu\/de\/wp-json\/wp\/v2\/comments?post=280660"}],"wp:featuredmedia":[{"embeddable":true,"href":"https:\/\/www.huntersfriend.eu\/de\/wp-json\/wp\/v2\/media\/265197"}],"wp:attachment":[{"href":"https:\/\/www.huntersfriend.eu\/de\/wp-json\/wp\/v2\/media?parent=280660"}],"wp:term":[{"taxonomy":"product_brand","embeddable":true,"href":"https:\/\/www.huntersfriend.eu\/de\/wp-json\/wp\/v2\/product_brand?post=280660"},{"taxonomy":"product_cat","embeddable":true,"href":"https:\/\/www.huntersfriend.eu\/de\/wp-json\/wp\/v2\/product_cat?post=280660"},{"taxonomy":"product_tag","embeddable":true,"href":"https:\/\/www.huntersfriend.eu\/de\/wp-json\/wp\/v2\/product_tag?post=280660"}],"curies":[{"name":"wp","href":"https:\/\/api.w.org\/{rel}","templated":true}]}}