{"id":280659,"date":"2024-02-14T12:52:08","date_gmt":"2025-06-23T07:54:43","guid":{"rendered":"https:\/\/www.huntersfriend.eu\/product\/hoyt-alpha-x-30-massgeschneiderter-bogen\/"},"modified":"2025-08-26T11:39:31","modified_gmt":"2025-08-26T09:39:31","slug":"hoyt-alpha-x-30-massgeschneiderter-bogen","status":"publish","type":"product","link":"https:\/\/www.huntersfriend.eu\/de\/produkt\/hoyt-alpha-x-30-massgeschneiderter-bogen\/","title":{"rendered":"Hoyt Alpha x 30 Ma\u00dfgeschneiderter Bogen"},"content":{"rendered":"<p><span data-text-color=\"alert\"><strong>Bitte \u00fcberpr\u00fcfen Sie unsere Hoyt Alpha X 30 Lagerbestand-Seite, um zu sehen, ob wir den Bogen vorr\u00e4tig haben, bevor Sie hier bestellen. Die Lieferzeiten betragen etwa 1-2 Wochen f\u00fcr B\u00f6gen im Hoyt Europe Lager und 8-10 Wochen f\u00fcr Sonderbestellungen von Hoyt USA. Bitte kontaktieren Sie uns direkt f\u00fcr genauere Informationen zur Verf\u00fcgbarkeit.  <\/strong><\/span><\/p>\n<p>Kompakt und fehlerverzeihend f\u00fchlt sich der neue Alpha X 30 in Ihrem Versteck, Hochsitz oder im Hinterland wie zu Hause. Mit monumentalen Verbesserungen in Bezug auf Ger\u00e4uschlosigkeit, Vibration und Effizienz ist dies der bahnbrechende Bogen, auf den Sie gewartet haben. <\/p>\n<div class=\"details-specs__table col4\">\n<div>\n<div class=\"spec-value\">344 fps (ATA)<\/div>\n<div><\/div>\n<\/div>\n<div>\n<div class=\"spec-value\">30&#8243; Achse-zu-Achse<\/div>\n<div><\/div>\n<\/div>\n<div>\n<div class=\"spec-value\">Bogengewicht 4,55 Pfund<\/div>\n<\/div>\n<div>\n<div class=\"spec-value\">\n<p><span class=\"frac\">6 3\/16<\/span>&#8220; Standh\u00f6he<\/p>\n<\/div>\n<\/div>\n<\/div>\n<div class=\"details-specs__table col2\">\n<div>\n<div class=\"spec-value\">Zugl\u00e4ngen 25-26&#8243; \/ 26,25-28&#8243; \/ 28,25-30&#8243;<\/div>\n<div class=\"spec-title\"><\/div>\n<\/div>\n<div>\n<div class=\"spec-value\">Zuggewichtsbereiche 40-50# \/ 50-60# \/ 55-65# \/ 60-70# \/ 70-80#<\/div>\n<div>\n<h2 class=\"text-3xl\">Der effizienteste Bogen, den wir je produziert haben.<\/h2>\n<p class=\"text-dark-gray\">Alpha X wurde von Grund auf f\u00fcr einen gleichm\u00e4\u00dfigeren Auszug, h\u00f6here Abschussentlastung, erh\u00f6hte Geschwindigkeit und bessere Ger\u00e4usch-\/Vibrationsleistung ohne die Notwendigkeit von Limb Shox konstruiert. Es war eine gro\u00dfe Herausforderung, aber&#8230; wir haben es geschafft. <\/p>\n<h3 class=\"text-3xl\">HBX<span class=\"thin-heading-font\">\u2122<\/span> Xact<span class=\"thin-heading-font\">\u2122<\/span> Nocke. Liefert das perfekte Schusserlebnis in 1\/4&#8243;-Schritten. <\/h3>\n<p class=\"text-light-gray\">Erleben Sie eine un\u00fcbertroffene Geschmeidigkeit und passen Sie Ihre Leistung wie nie zuvor an. 1\/4&#8243; Zugl\u00e4ngenverstellungen, 3, 2, 1 Mod-System f\u00fcr H\u00f6chstleistung in allen Zugl\u00e4ngen, X-harte und harte Wandoptionen und 85\/80\/75% Abschussentlastung. Zus\u00e4tzlich ein integrierter St\u00e4nder zum Schutz Ihrer Sehne vor \u00fcberm\u00e4\u00dfigem Verschlei\u00df im Feld.  <\/p>\n<h3 class=\"text-3xl\">Wenn man nie zufrieden ist, wird es von hier an nur noch besser.<\/h3>\n<p class=\"text-light-gray\">Den neuen Alpha X von Grund auf neu zu konstruieren, ist keine \u00dcbertreibung. Die Ingenieure von Hoyt haben jeden Aspekt von Nocke zu Nocke verfeinert und eine Vibrationsreduzierung von bis zu 18% und eine Ger\u00e4uschreduzierung von 25% erreicht. Unerbittlich zu sein zahlt sich aus.  <\/p>\n<h3 class=\"text-3xl\">Integrierter Fallschnurschlitz h\u00e4lt Ihr Auflagekabel sicher verstaut.<\/h3>\n<p class=\"text-light-gray\">An der optimalen Stelle des Alpha X TEC-Mittelteils platziert, h\u00e4lt dieser praktische Ausschnitt das Gewicht gering und Ihr Fallaway-Auflagekabel aus dem Weg, sodass Sie sich im Feld nie verfangen.<\/p>\n<h3 class=\"text-3xl\">Neue WireWRX<span class=\"thin-heading-font\">\u2122<\/span> Bogensehnen und Holeshot<span class=\"thin-heading-font\">\u2122<\/span> V2 Schalld\u00e4mpfer. Die kleinen Dinge, die einen gro\u00dfen Unterschied machen. <\/h3>\n<p class=\"text-light-gray\">Neu f\u00fcr 2024, WireWRX-Sehnen sind als Teil unseres Bogen-Schie\u00dfsystems konzipiert und beinhalten Holeshot V2 Sehnenschalld\u00e4mpfer, die die Sehnenvibrationen um 25% reduzieren \u2013 ein sp\u00fcrbarer Leistungsvorteil gegen\u00fcber anderen Aftermarket-Sehnen.<\/p>\n<h3 class=\"text-3xl\">VitalPoint<span class=\"thin-heading-font\">\u2122<\/span> Griff. Zweifellos unser bequemster Griff bis dato. <\/h3>\n<p class=\"text-light-gray\">Hergestellt aus strapazierf\u00e4higem Versaflex<span class=\"thin-heading-font\">\u2122<\/span>-Material f\u00fcr ultimativen Komfort unter allen Bedingungen, ist VitalPoint in einem optimalen Winkel konzipiert, um eine konsistente Handplatzierung und Genauigkeit zu gew\u00e4hrleisten.<\/p>\n<\/div>\n<\/div>\n<\/div>\n","protected":false},"excerpt":{"rendered":"<p>Bitte \u00fcberpr\u00fcfen Sie unsere Hoyt Alpha X 30 Lagerbestand-Seite, um zu sehen, ob wir den Bogen vorr\u00e4tig haben, bevor Sie hier bestellen. Die Lieferzeiten betragen etwa 1-2 Wochen f\u00fcr B\u00f6gen im Hoyt Europe Lager und 8-10 Wochen f\u00fcr Sonderbestellungen von Hoyt USA. Bitte kontaktieren Sie uns direkt f\u00fcr genauere Informationen zur Verf\u00fcgbarkeit. Kompakt und fehlerverzeihend [&#8230;]\n","protected":false},"featured_media":264017,"comment_status":"open","ping_status":"closed","template":"","meta":[],"product_brand":[],"product_cat":[1145],"product_tag":[],"class_list":{"0":"post-280659","1":"product","2":"type-product","3":"status-publish","4":"has-post-thumbnail","6":"product_cat-sonstiges","7":"product_shipping_class-big-de","9":"first","10":"outofstock","11":"taxable","12":"shipping-taxable","13":"purchasable","14":"product-type-simple"},"composite_virtual":false,"composite_layout":"","composite_add_to_cart_form_location":"","composite_editable_in_cart":false,"composite_sold_individually_context":"","composite_shop_price_calc":"","composite_components":[],"composite_scenarios":[],"group_of_quantity":0,"min_quantity":0,"max_quantity":"","exclude_order_quantity_value_rules":"no","exclude_category_quantity_rules":"no","combine_variations":"no","exclude_global_add_ons":false,"addons":[{"name":"Bogenhand","type":"multiple_choice","position":0,"required":true,"title_format":"label","default":"","description_enable":false,"description":null,"placeholder_enable":false,"placeholder":null,"display":"select","restrictions_type":"any_text","adjust_price":false,"price":"","price_type":"flat_fee","restrictions":false,"min":"0","max":"0","options":[{"label":"Rechte Hand","price":"","price_type":"flat_fee","image":0,"visibility":true},{"label":"Linke Hand","price":"","price_type":"flat_fee","image":0,"visibility":true}]},{"name":"Zuggewicht","type":"multiple_choice","position":1,"required":true,"title_format":"label","default":"","description_enable":false,"description":null,"placeholder_enable":false,"placeholder":null,"display":"select","restrictions_type":"any_text","adjust_price":false,"price":"","price_type":"flat_fee","restrictions":false,"min":"0","max":"0","options":[{"label":"40-50#","price":"","price_type":"flat_fee","image":0,"visibility":true},{"label":"50-60#","price":"","price_type":"flat_fee","image":0,"visibility":true},{"label":"55-65#","price":"","price_type":"flat_fee","image":0,"visibility":true},{"label":"60-70#","price":"","price_type":"flat_fee","image":0,"visibility":true},{"label":"70-80#","price":"","price_type":"flat_fee","image":0,"visibility":true}]},{"name":"Auszugsl\u00e4nge","type":"multiple_choice","position":2,"required":true,"title_format":"label","default":"","description_enable":false,"description":null,"placeholder_enable":false,"placeholder":null,"display":"select","restrictions_type":"any_text","adjust_price":false,"price":"","price_type":"flat_fee","restrictions":false,"min":"0","max":"0","options":[{"label":"25-26\" Mod 1","price":"","price_type":"flat_fee","image":0,"visibility":true},{"label":"26,25-28\" Mod 2","price":"","price_type":"flat_fee","image":0,"visibility":true},{"label":"28,25-30\" Mod 3","price":"","price_type":"flat_fee","image":0,"visibility":true}]},{"name":"Farbe","type":"multiple_choice","position":3,"required":true,"title_format":"label","default":"","description_enable":false,"description":null,"placeholder_enable":false,"placeholder":null,"display":"select","restrictions_type":"any_text","adjust_price":false,"price":"","price_type":"flat_fee","restrictions":false,"min":"0","max":"0","options":[{"label":"Schwarz","price":"","price_type":"flat_fee","image":0,"visibility":true},{"label":"Wildnis","price":"","price_type":"flat_fee","image":0,"visibility":true},{"label":"Bourbon","price":"","price_type":"flat_fee","image":0,"visibility":true},{"label":"Grabstein","price":"","price_type":"flat_fee","image":0,"visibility":true},{"label":"Realtree Edge","price":"54","price_type":"flat_fee","image":0,"visibility":true},{"label":"Kuiu Verde","price":"54","price_type":"flat_fee","image":0,"visibility":true},{"label":"Optifade Elevated II","price":"54","price_type":"flat_fee","image":0,"visibility":true},{"label":"Optifade Subalpine","price":"54","price_type":"flat_fee","image":0,"visibility":true},{"label":"Raptor Highland","price":"54","price_type":"flat_fee","image":0,"visibility":true},{"label":"Black out Bone Collector","price":"69","price_type":"flat_fee","image":0,"visibility":true},{"label":"Black out Keep Hammering","price":"69","price_type":"flat_fee","image":0,"visibility":true},{"label":"RT Edge Bone Collector \/Schwarze Wurfarme","price":"118","price_type":"flat_fee","image":0,"visibility":true}]}],"_links":{"self":[{"href":"https:\/\/www.huntersfriend.eu\/de\/wp-json\/wp\/v2\/product\/280659","targetHints":{"allow":["GET"]}}],"collection":[{"href":"https:\/\/www.huntersfriend.eu\/de\/wp-json\/wp\/v2\/product"}],"about":[{"href":"https:\/\/www.huntersfriend.eu\/de\/wp-json\/wp\/v2\/types\/product"}],"replies":[{"embeddable":true,"href":"https:\/\/www.huntersfriend.eu\/de\/wp-json\/wp\/v2\/comments?post=280659"}],"wp:featuredmedia":[{"embeddable":true,"href":"https:\/\/www.huntersfriend.eu\/de\/wp-json\/wp\/v2\/media\/264017"}],"wp:attachment":[{"href":"https:\/\/www.huntersfriend.eu\/de\/wp-json\/wp\/v2\/media?parent=280659"}],"wp:term":[{"taxonomy":"product_brand","embeddable":true,"href":"https:\/\/www.huntersfriend.eu\/de\/wp-json\/wp\/v2\/product_brand?post=280659"},{"taxonomy":"product_cat","embeddable":true,"href":"https:\/\/www.huntersfriend.eu\/de\/wp-json\/wp\/v2\/product_cat?post=280659"},{"taxonomy":"product_tag","embeddable":true,"href":"https:\/\/www.huntersfriend.eu\/de\/wp-json\/wp\/v2\/product_tag?post=280659"}],"curies":[{"name":"wp","href":"https:\/\/api.w.org\/{rel}","templated":true}]}}