{"id":280632,"date":"2024-02-07T01:20:14","date_gmt":"2025-06-23T07:54:39","guid":{"rendered":"https:\/\/www.huntersfriend.eu\/product\/polyver-classic-winterstiefel\/"},"modified":"2026-04-23T12:21:59","modified_gmt":"2026-04-23T10:21:59","slug":"polyver-classic-winterstiefel","status":"publish","type":"product","link":"https:\/\/www.huntersfriend.eu\/de\/produkt\/polyver-classic-winterstiefel\/","title":{"rendered":"Polyver Classic Winterstiefel"},"content":{"rendered":"<p>Die Polyver Winter Classic Stiefel sind leicht und vollst\u00e4ndig wasserdicht, was sie ideal f\u00fcr winterliche Naturwanderungen, Schneearbeiten und Eisangel-Ausfl\u00fcge macht. Die Stiefel sind aus Polyurethan gefertigt, nahtlos und au\u00dfergew\u00f6hnlich warm. Die starre Au\u00dfensohle bietet Stabilit\u00e4t. Das Innenfutter besteht aus einer warmen und schnell trocknenden Mischung aus Acryl und Wolle. Hergestellt in Schweden.    <\/p>\n<p>Hauptmerkmale:<\/p>\n<ul>\n<li>Geeignet f\u00fcr diverse Outdoor-Aktivit\u00e4ten<\/li>\n<li>40% leichter als Gummi- oder PVC-Stiefel<\/li>\n<li>Beh\u00e4lt selbst bei niedrigen Temperaturen seine Flexibilit\u00e4t<\/li>\n<li>100% wasserdicht &#8211; ohne N\u00e4hte<\/li>\n<li>Starre Au\u00dfensohle f\u00fcr Stabilit\u00e4t und Sto\u00dfd\u00e4mpfung<\/li>\n<li>Ergonomisches Design unterst\u00fctzt den Kn\u00f6chel<\/li>\n<li>Warmes Futter mit Acryl-Woll-Mischung, das schnell trocknet<\/li>\n<li>Thermo+ Isolierung bietet exzellenten K\u00e4lteschutz von +10\u00b0C bis -40\u00b0C<\/li>\n<li>Rutschfeste Sohle<\/li>\n<li>Farbe: Schwarz<\/li>\n<\/ul>\n","protected":false},"excerpt":{"rendered":"<p>Die Polyver Winter Classic Stiefel sind leicht und vollst\u00e4ndig wasserdicht, was sie ideal f\u00fcr winterliche Naturwanderungen, Schneearbeiten und Eisangel-Ausfl\u00fcge macht. Die Stiefel sind aus Polyurethan gefertigt, nahtlos und au\u00dfergew\u00f6hnlich warm. Die starre Au\u00dfensohle bietet Stabilit\u00e4t. Das Innenfutter besteht aus einer warmen und schnell trocknenden Mischung aus Acryl und Wolle. Hergestellt in Schweden. Hauptmerkmale: Geeignet f\u00fcr [&#8230;]\n","protected":false},"featured_media":264499,"comment_status":"open","ping_status":"closed","template":"","meta":[],"product_brand":[],"product_cat":[2679,2666,1385,875,1207],"product_tag":[],"class_list":{"0":"post-280632","1":"product","2":"type-product","3":"status-publish","4":"has-post-thumbnail","6":"product_cat-gummistovlar","7":"product_cat-vinterjaktkangor","8":"product_cat-gummistiefel","9":"product_cat-winter-hunting-boots","10":"product_cat-winter-jagd-stiefel","11":"product_shipping_class-medium-de","13":"first","14":"instock","15":"taxable","16":"shipping-taxable","17":"purchasable","18":"product-type-variable"},"composite_virtual":false,"composite_layout":"","composite_add_to_cart_form_location":"","composite_editable_in_cart":false,"composite_sold_individually_context":"","composite_shop_price_calc":"","composite_components":[],"composite_scenarios":[],"group_of_quantity":0,"min_quantity":0,"max_quantity":"","exclude_order_quantity_value_rules":"no","exclude_category_quantity_rules":"no","combine_variations":"no","exclude_global_add_ons":[],"addons":[],"_links":{"self":[{"href":"https:\/\/www.huntersfriend.eu\/de\/wp-json\/wp\/v2\/product\/280632","targetHints":{"allow":["GET"]}}],"collection":[{"href":"https:\/\/www.huntersfriend.eu\/de\/wp-json\/wp\/v2\/product"}],"about":[{"href":"https:\/\/www.huntersfriend.eu\/de\/wp-json\/wp\/v2\/types\/product"}],"replies":[{"embeddable":true,"href":"https:\/\/www.huntersfriend.eu\/de\/wp-json\/wp\/v2\/comments?post=280632"}],"wp:featuredmedia":[{"embeddable":true,"href":"https:\/\/www.huntersfriend.eu\/de\/wp-json\/wp\/v2\/media\/264499"}],"wp:attachment":[{"href":"https:\/\/www.huntersfriend.eu\/de\/wp-json\/wp\/v2\/media?parent=280632"}],"wp:term":[{"taxonomy":"product_brand","embeddable":true,"href":"https:\/\/www.huntersfriend.eu\/de\/wp-json\/wp\/v2\/product_brand?post=280632"},{"taxonomy":"product_cat","embeddable":true,"href":"https:\/\/www.huntersfriend.eu\/de\/wp-json\/wp\/v2\/product_cat?post=280632"},{"taxonomy":"product_tag","embeddable":true,"href":"https:\/\/www.huntersfriend.eu\/de\/wp-json\/wp\/v2\/product_tag?post=280632"}],"curies":[{"name":"wp","href":"https:\/\/api.w.org\/{rel}","templated":true}]}}