{"id":280624,"date":"2024-02-07T01:20:12","date_gmt":"2024-02-06T23:20:12","guid":{"rendered":"https:\/\/www.huntersfriend.eu\/product\/hylje-schneetarn-m05-overall\/"},"modified":"2026-03-04T12:54:51","modified_gmt":"2026-03-04T10:54:51","slug":"hylje-schneetarn-m05-overall","status":"publish","type":"product","link":"https:\/\/www.huntersfriend.eu\/de\/produkt\/hylje-schneetarn-m05-overall\/","title":{"rendered":"HYLJE Schneetarn M05 Overall"},"content":{"rendered":"<p>HYLJE Schneetarn M05 ist ein klassischer Overall f\u00fcr Personen, die gerne im Winter durch den Wald streifen. Das Schneetarnmuster, welches auch von den Streitkr\u00e4ften verwendet wird, verschmilzt als Tarnung mit dem verschneiten Wald. Dank des im Overall verwendeten Enstex-Gewebes ist der Overall bei der Nutzung \u00e4u\u00dferst ger\u00e4uscharm und macht den Tr\u00e4ger unauff\u00e4llig. Der Overall ohne Filmbeschichtung auf dem Stoff eignet sich perfekt f\u00fcr Waldspazierg\u00e4nge, selbst bei anspruchsvollerem Terrain, da er extrem atmungsaktiv ist. Die Oberfl\u00e4che des Gewebes ist wasser- und schmutzabweisend behandelt, aber da es sich um eine Mischung aus Baumwolle und Polyester handelt, ist es nicht als Regenkleidung geeignet. Der HYLJE Schneetarn M05 Overall ist leicht und kann daher im Rucksack mitgef\u00fchrt und beim Erreichen des Warteplatzes angezogen werden.    <\/p>\n<p>Aufgrund der lockeren Passform des Overalls k\u00f6nnen mehrere Schichten darunter getragen werden, was die Nutzungsdauer des Overalls von k\u00fchlem Wetter bis zu frostigsten Wintertemperaturen verl\u00e4ngert. Gro\u00dfe Taschen sind so konzipiert, dass alles Notwendige darin Platz findet, und der Empf\u00e4nger des GPS-Ortungsger\u00e4tes f\u00fcr Hunde kann ebenfalls in der Brusttasche untergebracht werden. Antirutsch-Elemente an den Schultern halten das Gewehr und die Riemen des Rucksacks an Ort und Stelle, und D-Ringe an der Taille dienen f\u00fcr n\u00fctzliche Gegenst\u00e4nde, die schnell zur Hand sein m\u00fcssen. HYLJE Schneetarn M05 ist mit hochwertigen Opti-Rei\u00dfverschl\u00fcssen ausgestattet, deren lange Zugb\u00e4nder selbst mit Handschuhen leicht zu bedienen sind.   <\/p>\n<p>Alle HYLJE-Overalls werden mit abnehmbaren Hosentr\u00e4gern geliefert, mit denen der Overall perfekt an jeden Benutzer angepasst werden kann. Sie halten den Overall auch oben, wenn Sie den oberen Teil ausziehen m\u00fcssen, z.B. wenn Sie kurz hineingehen. Abn\u00e4her an den Knien und die Stulpen an den Hosenbeinen erleichtern die Bewegung. Der Overall hat eine feste Kapuze, die mit Kordelz\u00fcgen eingestellt werden kann. Eine Patte am vorderen Rei\u00dfverschluss sch\u00fctzt den Benutzer vor kaltem Wind, und der Zwei-Wege-Rei\u00dfverschluss erleichtert die Handhabung des Overalls.    <\/p>\n<p>Hauptmerkmale:<\/p>\n<ul>\n<li>Leichtgewichtig<\/li>\n<li>Ger\u00e4uscharm bei der Nutzung<\/li>\n<li>Hochgradig atmungsaktiv<\/li>\n<li>Hauptstoff ohne Filmbeschichtung<\/li>\n<li>Langlebig, das Gewebe erf\u00fcllt die strengen Qualit\u00e4tsstandards der Streitkr\u00e4fte<\/li>\n<li>Schneetarnmuster der finnischen Streitkr\u00e4fte<\/li>\n<\/ul>\n<p>Die \u00dcbersetzung der Gr\u00f6\u00dfenbezeichnungen in der Gr\u00f6\u00dfentabelle lautet wie folgt (in cm)<\/p>\n<p>Gr\u00f6\u00dfe&#8212;&#8211; Brust &#8212;-Taille&#8212;&#8212;Schrittl\u00e4nge<\/p>\n","protected":false},"excerpt":{"rendered":"<p>HYLJE Schneetarn M05 ist ein klassischer Overall f\u00fcr Personen, die gerne im Winter durch den Wald streifen. Das Schneetarnmuster, welches auch von den Streitkr\u00e4ften verwendet wird, verschmilzt als Tarnung mit dem verschneiten Wald. Dank des im Overall verwendeten Enstex-Gewebes ist der Overall bei der Nutzung \u00e4u\u00dferst ger\u00e4uscharm und macht den Tr\u00e4ger unauff\u00e4llig. Der Overall ohne [&#8230;]\n","protected":false},"featured_media":265179,"comment_status":"open","ping_status":"closed","template":"","meta":[],"product_brand":[],"product_cat":[2846,2261],"product_tag":[],"class_list":{"0":"post-280624","1":"product","2":"type-product","3":"status-publish","4":"has-post-thumbnail","6":"product_cat-overaller","7":"product_cat-overalls","9":"first","10":"instock","11":"taxable","12":"shipping-taxable","13":"purchasable","14":"product-type-variable"},"composite_virtual":false,"composite_layout":"","composite_add_to_cart_form_location":"","composite_editable_in_cart":false,"composite_sold_individually_context":"","composite_shop_price_calc":"","composite_components":[],"composite_scenarios":[],"group_of_quantity":0,"min_quantity":0,"max_quantity":"","exclude_order_quantity_value_rules":"no","exclude_category_quantity_rules":"no","combine_variations":"no","exclude_global_add_ons":[],"addons":[],"_links":{"self":[{"href":"https:\/\/www.huntersfriend.eu\/de\/wp-json\/wp\/v2\/product\/280624","targetHints":{"allow":["GET"]}}],"collection":[{"href":"https:\/\/www.huntersfriend.eu\/de\/wp-json\/wp\/v2\/product"}],"about":[{"href":"https:\/\/www.huntersfriend.eu\/de\/wp-json\/wp\/v2\/types\/product"}],"replies":[{"embeddable":true,"href":"https:\/\/www.huntersfriend.eu\/de\/wp-json\/wp\/v2\/comments?post=280624"}],"wp:featuredmedia":[{"embeddable":true,"href":"https:\/\/www.huntersfriend.eu\/de\/wp-json\/wp\/v2\/media\/265179"}],"wp:attachment":[{"href":"https:\/\/www.huntersfriend.eu\/de\/wp-json\/wp\/v2\/media?parent=280624"}],"wp:term":[{"taxonomy":"product_brand","embeddable":true,"href":"https:\/\/www.huntersfriend.eu\/de\/wp-json\/wp\/v2\/product_brand?post=280624"},{"taxonomy":"product_cat","embeddable":true,"href":"https:\/\/www.huntersfriend.eu\/de\/wp-json\/wp\/v2\/product_cat?post=280624"},{"taxonomy":"product_tag","embeddable":true,"href":"https:\/\/www.huntersfriend.eu\/de\/wp-json\/wp\/v2\/product_tag?post=280624"}],"curies":[{"name":"wp","href":"https:\/\/api.w.org\/{rel}","templated":true}]}}