{"id":280622,"date":"2024-02-07T01:14:37","date_gmt":"2025-06-23T07:54:21","guid":{"rendered":"https:\/\/www.huntersfriend.eu\/product\/anar-flame-800-ml-thermoskanne\/"},"modified":"2025-06-23T09:54:21","modified_gmt":"2025-06-23T07:54:21","slug":"anar-flame-800-ml-thermoskanne","status":"publish","type":"product","link":"https:\/\/www.huntersfriend.eu\/de\/produkt\/anar-flame-800-ml-thermoskanne\/","title":{"rendered":"Anar flame 800 ml Thermoskanne"},"content":{"rendered":"<p>Hauptmerkmale:<\/p>\n<ul>\n<li>Doppelwandige Vakuumisolierung f\u00fcr hei\u00dfe &amp; kalte Getr\u00e4nke<\/li>\n<li>Langlebige, lebensmittelechte 18\/8 Edelstahl-Au\u00dfen- und Innenschale + BPA-freie Teile<\/li>\n<li>Leichtes, kompaktes und tragbares Design<\/li>\n<li>Schwei\u00dfresistentes Design hinterl\u00e4sst keine Wasserringe<\/li>\n<li>Weite \u00d6ffnung f\u00fcr einfaches Bef\u00fcllen und Reinigen<\/li>\n<li>Auslaufsicher, ideal f\u00fcr kaltes Wasser und Sportgetr\u00e4nke<\/li>\n<li>Fassungsverm\u00f6gen: 0,8 L<\/li>\n<\/ul>\n","protected":false},"excerpt":{"rendered":"<p>Hauptmerkmale: Doppelwandige Vakuumisolierung f\u00fcr hei\u00dfe &amp; kalte Getr\u00e4nke Langlebige, lebensmittelechte 18\/8 Edelstahl-Au\u00dfen- und Innenschale + BPA-freie Teile Leichtes, kompaktes und tragbares Design Schwei\u00dfresistentes Design hinterl\u00e4sst keine Wasserringe Weite \u00d6ffnung f\u00fcr einfaches Bef\u00fcllen und Reinigen Auslaufsicher, ideal f\u00fcr kaltes Wasser und Sportgetr\u00e4nke Fassungsverm\u00f6gen: 0,8 L<\/p>\n","protected":false},"featured_media":264510,"comment_status":"open","ping_status":"closed","template":"","meta":[],"product_brand":[],"product_cat":[2050],"product_tag":[],"class_list":{"0":"post-280622","1":"product","2":"type-product","3":"status-publish","4":"has-post-thumbnail","6":"product_cat-campingzubehor","8":"first","9":"instock","10":"taxable","11":"shipping-taxable","12":"purchasable","13":"product-type-simple"},"composite_virtual":false,"composite_layout":"","composite_add_to_cart_form_location":"","composite_editable_in_cart":false,"composite_sold_individually_context":"","composite_shop_price_calc":"","composite_components":[],"composite_scenarios":[],"group_of_quantity":0,"min_quantity":0,"max_quantity":"","exclude_order_quantity_value_rules":"no","exclude_category_quantity_rules":"no","combine_variations":"no","exclude_global_add_ons":[],"addons":[],"_links":{"self":[{"href":"https:\/\/www.huntersfriend.eu\/de\/wp-json\/wp\/v2\/product\/280622","targetHints":{"allow":["GET"]}}],"collection":[{"href":"https:\/\/www.huntersfriend.eu\/de\/wp-json\/wp\/v2\/product"}],"about":[{"href":"https:\/\/www.huntersfriend.eu\/de\/wp-json\/wp\/v2\/types\/product"}],"replies":[{"embeddable":true,"href":"https:\/\/www.huntersfriend.eu\/de\/wp-json\/wp\/v2\/comments?post=280622"}],"wp:featuredmedia":[{"embeddable":true,"href":"https:\/\/www.huntersfriend.eu\/de\/wp-json\/wp\/v2\/media\/264510"}],"wp:attachment":[{"href":"https:\/\/www.huntersfriend.eu\/de\/wp-json\/wp\/v2\/media?parent=280622"}],"wp:term":[{"taxonomy":"product_brand","embeddable":true,"href":"https:\/\/www.huntersfriend.eu\/de\/wp-json\/wp\/v2\/product_brand?post=280622"},{"taxonomy":"product_cat","embeddable":true,"href":"https:\/\/www.huntersfriend.eu\/de\/wp-json\/wp\/v2\/product_cat?post=280622"},{"taxonomy":"product_tag","embeddable":true,"href":"https:\/\/www.huntersfriend.eu\/de\/wp-json\/wp\/v2\/product_tag?post=280622"}],"curies":[{"name":"wp","href":"https:\/\/api.w.org\/{rel}","templated":true}]}}