{"id":280607,"date":"2024-02-07T01:14:28","date_gmt":"2025-06-23T07:54:17","guid":{"rendered":"https:\/\/www.huntersfriend.eu\/product\/svala-merino-extreme-rollkragenshirt-mit-reissverschluss\/"},"modified":"2026-03-11T14:35:58","modified_gmt":"2026-03-11T12:35:58","slug":"svala-merino-extreme-rollkragenshirt-mit-reissverschluss","status":"publish","type":"product","link":"https:\/\/www.huntersfriend.eu\/de\/produkt\/svala-merino-extreme-rollkragenshirt-mit-reissverschluss\/","title":{"rendered":"Svala Merino Extreme Rollkragenshirt mit Rei\u00dfverschluss"},"content":{"rendered":"<p>Dieses lang\u00e4rmelige Shirt mit vertikalem Kragen ist unser Klassiker aus den Neunzigerjahren. Es verf\u00fcgt zudem \u00fcber einen windgesch\u00fctzten Frontschlitz mit Rei\u00dfverschluss am Kragen. Die \u00c4rmel sind k\u00f6rpernah geschnitten. Der Saum des Shirts ist am R\u00fccken l\u00e4nger f\u00fcr zus\u00e4tzlichen Komfort. Das Gestrick weist eine technische Zwei-Schicht-Struktur auf, mit einer inneren Schicht aus feuchtigkeitsableitendem Polypropylen und einer \u00e4u\u00dferen Schicht aus superwash- und mottengesch\u00fctzter Merinowolle. Die von Natur aus antibakterielle Merinowolle verhindert die Entstehung unangenehmer Ger\u00fcche. Dar\u00fcber hinaus besitzt sie nat\u00fcrlicherweise exzellente W\u00e4rmespeicher- und Feuchtigkeitstransfereigenschaften. Zudem juckt die langfaserige Merinowolle nicht wie typische Wolle. Alle N\u00e4hte sind flach vern\u00e4ht, wodurch das Produkt angenehm zu tragen ist und weder auf die Haut dr\u00fcckt noch reibt.        <\/p>\n<p class=\"p2\">75% Merinowolle (Mulesing-frei), 22% Polypropylen, 3% Polyamid<span class=\"Apple-converted-space\"> <\/span><\/p>\n<p>Fl\u00e4chengewicht: 200g\/m2<\/p>\n<p>Hergestellt in Finnland<\/p>\n","protected":false},"excerpt":{"rendered":"<p>Dieses lang\u00e4rmelige Shirt mit vertikalem Kragen ist unser Klassiker aus den Neunzigerjahren. Es verf\u00fcgt zudem \u00fcber einen windgesch\u00fctzten Frontschlitz mit Rei\u00dfverschluss am Kragen. Die \u00c4rmel sind k\u00f6rpernah geschnitten. Der Saum des Shirts ist am R\u00fccken l\u00e4nger f\u00fcr zus\u00e4tzlichen Komfort. Das Gestrick weist eine technische Zwei-Schicht-Struktur auf, mit einer inneren Schicht aus feuchtigkeitsableitendem Polypropylen und einer [&#8230;]\n","protected":false},"featured_media":264597,"comment_status":"open","ping_status":"closed","template":"","meta":[],"product_brand":[],"product_cat":[2580,1203],"product_tag":[],"class_list":{"0":"post-280607","1":"product","2":"type-product","3":"status-publish","4":"has-post-thumbnail","6":"product_cat-lager-pa-lager","7":"product_cat-kleidungsschichten","9":"first","10":"instock","11":"taxable","12":"shipping-taxable","13":"purchasable","14":"product-type-variable"},"composite_virtual":false,"composite_layout":"","composite_add_to_cart_form_location":"","composite_editable_in_cart":false,"composite_sold_individually_context":"","composite_shop_price_calc":"","composite_components":[],"composite_scenarios":[],"group_of_quantity":0,"min_quantity":0,"max_quantity":"","exclude_order_quantity_value_rules":"no","exclude_category_quantity_rules":"no","combine_variations":"no","exclude_global_add_ons":[],"addons":[],"_links":{"self":[{"href":"https:\/\/www.huntersfriend.eu\/de\/wp-json\/wp\/v2\/product\/280607","targetHints":{"allow":["GET"]}}],"collection":[{"href":"https:\/\/www.huntersfriend.eu\/de\/wp-json\/wp\/v2\/product"}],"about":[{"href":"https:\/\/www.huntersfriend.eu\/de\/wp-json\/wp\/v2\/types\/product"}],"replies":[{"embeddable":true,"href":"https:\/\/www.huntersfriend.eu\/de\/wp-json\/wp\/v2\/comments?post=280607"}],"wp:featuredmedia":[{"embeddable":true,"href":"https:\/\/www.huntersfriend.eu\/de\/wp-json\/wp\/v2\/media\/264597"}],"wp:attachment":[{"href":"https:\/\/www.huntersfriend.eu\/de\/wp-json\/wp\/v2\/media?parent=280607"}],"wp:term":[{"taxonomy":"product_brand","embeddable":true,"href":"https:\/\/www.huntersfriend.eu\/de\/wp-json\/wp\/v2\/product_brand?post=280607"},{"taxonomy":"product_cat","embeddable":true,"href":"https:\/\/www.huntersfriend.eu\/de\/wp-json\/wp\/v2\/product_cat?post=280607"},{"taxonomy":"product_tag","embeddable":true,"href":"https:\/\/www.huntersfriend.eu\/de\/wp-json\/wp\/v2\/product_tag?post=280607"}],"curies":[{"name":"wp","href":"https:\/\/api.w.org\/{rel}","templated":true}]}}