{"id":280606,"date":"2024-02-07T01:20:18","date_gmt":"2025-06-23T07:54:16","guid":{"rendered":"https:\/\/www.huntersfriend.eu\/product\/lava-vakuumversiegelungsersatz-v-100-v-300\/"},"modified":"2025-08-09T03:16:25","modified_gmt":"2025-08-09T01:16:25","slug":"lava-vakuumversiegelungsersatz-v-100-v-300","status":"publish","type":"product","link":"https:\/\/www.huntersfriend.eu\/de\/produkt\/lava-vakuumversiegelungsersatz-v-100-v-300\/","title":{"rendered":"Lava Vakuumversiegelungsersatz &#8211; v.100 &#8211; v.300"},"content":{"rendered":"<p><span class=\"jCAhz ChMk0b\"><span class=\"ryNqvb\">Dichtungen f\u00fcr Lava Vakuumierger\u00e4te.<\/span><\/span> <span class=\"jCAhz ChMk0b\"><span class=\"ryNqvb\">2 Dichtungen im Paket.<\/span><\/span> <span class=\"jCAhz ChMk0b\"><span class=\"ryNqvb\">Geeignet f\u00fcr die Modelle V.100 &#8211; V.300.<\/span><\/span><\/p>\n","protected":false},"excerpt":{"rendered":"<p>Dichtungen f\u00fcr Lava Vakuumierger\u00e4te. 2 Dichtungen im Paket. Geeignet f\u00fcr die Modelle V.100 &#8211; V.300.<\/p>\n","protected":false},"featured_media":265885,"comment_status":"open","ping_status":"closed","template":"","meta":[],"product_brand":[],"product_cat":[1251],"product_tag":[],"class_list":{"0":"post-280606","1":"product","2":"type-product","3":"status-publish","4":"has-post-thumbnail","6":"product_cat-vakuumiergeraete-und-fleischwoelfe","8":"first","9":"instock","10":"taxable","11":"shipping-taxable","12":"purchasable","13":"product-type-simple"},"composite_virtual":false,"composite_layout":"","composite_add_to_cart_form_location":"","composite_editable_in_cart":false,"composite_sold_individually_context":"","composite_shop_price_calc":"","composite_components":[],"composite_scenarios":[],"group_of_quantity":0,"min_quantity":0,"max_quantity":"","exclude_order_quantity_value_rules":"no","exclude_category_quantity_rules":"no","combine_variations":"no","exclude_global_add_ons":[],"addons":[],"_links":{"self":[{"href":"https:\/\/www.huntersfriend.eu\/de\/wp-json\/wp\/v2\/product\/280606","targetHints":{"allow":["GET"]}}],"collection":[{"href":"https:\/\/www.huntersfriend.eu\/de\/wp-json\/wp\/v2\/product"}],"about":[{"href":"https:\/\/www.huntersfriend.eu\/de\/wp-json\/wp\/v2\/types\/product"}],"replies":[{"embeddable":true,"href":"https:\/\/www.huntersfriend.eu\/de\/wp-json\/wp\/v2\/comments?post=280606"}],"wp:featuredmedia":[{"embeddable":true,"href":"https:\/\/www.huntersfriend.eu\/de\/wp-json\/wp\/v2\/media\/265885"}],"wp:attachment":[{"href":"https:\/\/www.huntersfriend.eu\/de\/wp-json\/wp\/v2\/media?parent=280606"}],"wp:term":[{"taxonomy":"product_brand","embeddable":true,"href":"https:\/\/www.huntersfriend.eu\/de\/wp-json\/wp\/v2\/product_brand?post=280606"},{"taxonomy":"product_cat","embeddable":true,"href":"https:\/\/www.huntersfriend.eu\/de\/wp-json\/wp\/v2\/product_cat?post=280606"},{"taxonomy":"product_tag","embeddable":true,"href":"https:\/\/www.huntersfriend.eu\/de\/wp-json\/wp\/v2\/product_tag?post=280606"}],"curies":[{"name":"wp","href":"https:\/\/api.w.org\/{rel}","templated":true}]}}