{"id":280605,"date":"2024-02-13T14:41:38","date_gmt":"2025-06-23T07:54:03","guid":{"rendered":"https:\/\/www.huntersfriend.eu\/product\/kahles-helia-rd-c\/"},"modified":"2025-08-08T03:28:14","modified_gmt":"2025-08-08T01:28:14","slug":"kahles-helia-rd-c","status":"publish","type":"product","link":"https:\/\/www.huntersfriend.eu\/de\/produkt\/kahles-helia-rd-c\/","title":{"rendered":"Kahles helia RD-c"},"content":{"rendered":"<p>Das Helia Red Dot Closed (RD-C) ist ein geschlossenes Reflexvisier. Es eignet sich hervorragend f\u00fcr die Bewegungsjagd, mit einer Rotpunktgr\u00f6\u00dfe von lediglich 0,7 cm auf eine Distanz von 50 Metern. Die antireflexbeschichteten Linsen gew\u00e4hrleisten eine klare Sicht durch dieses Visier. Die Intensit\u00e4t des roten Punktes des Kahles Helia RD-C Visiers kann manuell auf vier verschiedene Stufen (+1) entsprechend der Umgebungsbeleuchtung eingestellt werden. Die MAX LIGHT-Funktion unterst\u00fctzt bei besonders anspruchsvollen Lichtverh\u00e4ltnissen und Gegenlicht. Zur Energieeinsparung schaltet die automatische Abschaltfunktion &#8222;Auto Light&#8220; das Ger\u00e4t bei Nichtgebrauch automatisch aus.    <\/p>\n<p>F\u00fcr den Nachtbetrieb gibt es eine n\u00fctzliche Funktion namens SAFE LIGHT, die versehentliche \u00c4nderungen der Punkthelligkeit verhindert. Sie deaktiviert die automatische Abschaltfunktion und stellt die Helligkeitsregelung auf manuellen Modus. Die robuste Konstruktion und das praktische Design des Kahles Helia RD-C Rotpunktvisiers gew\u00e4hrleisten Langlebigkeit und einfache Handhabung. Das Visier wird mit umkehrbaren Objektivabdeckungen geliefert. Es l\u00e4sst sich mittels Schnellverschlussmechanismus an einer Picatinny-Schiene befestigen, und zus\u00e4tzlich gibt es eine Schraubverriegelung f\u00fcr eine sichere Montage.  <\/p>\n<p>Hauptmerkmale:<\/p>\n<ul>\n<li>Vergr\u00f6\u00dferung: 1x<\/li>\n<li>Rotpunkt: 2 MOA<\/li>\n<li>Helligkeitseinstellung: 4-stufige Helligkeitseinstellung mittels Tasten<\/li>\n<li>Automatische Abschaltfunktion und MAX LIGHT-Funktion SAFE LIGHT-Funktion zur Punktsicherung<\/li>\n<li>1 Klick: 7 mm \/ 50 m<\/li>\n<li>L\u00e4nge: 68 mm<\/li>\n<li>Gewicht: 125 g (einschlie\u00dflich Batterie) Antireflexbeschichtung<\/li>\n<li>Batterie: CR2032<\/li>\n<li>Picatinny-Montage &amp; Schraubverriegelung Integrierte umkehrbare Abdeckungen<\/li>\n<\/ul>\n","protected":false},"excerpt":{"rendered":"<p>Das Helia Red Dot Closed (RD-C) ist ein geschlossenes Reflexvisier. Es eignet sich hervorragend f\u00fcr die Bewegungsjagd, mit einer Rotpunktgr\u00f6\u00dfe von lediglich 0,7 cm auf eine Distanz von 50 Metern. Die antireflexbeschichteten Linsen gew\u00e4hrleisten eine klare Sicht durch dieses Visier. Die Intensit\u00e4t des roten Punktes des Kahles Helia RD-C Visiers kann manuell auf vier verschiedene [&#8230;]\n","protected":false},"featured_media":264482,"comment_status":"open","ping_status":"closed","template":"","meta":[],"product_brand":[],"product_cat":[1132],"product_tag":[],"class_list":{"0":"post-280605","1":"product","2":"type-product","3":"status-publish","4":"has-post-thumbnail","6":"product_cat-zielfernrohre","8":"first","9":"instock","10":"taxable","11":"shipping-taxable","12":"purchasable","13":"product-type-simple"},"composite_virtual":false,"composite_layout":"","composite_add_to_cart_form_location":"","composite_editable_in_cart":false,"composite_sold_individually_context":"","composite_shop_price_calc":"","composite_components":[],"composite_scenarios":[],"group_of_quantity":0,"min_quantity":0,"max_quantity":"","exclude_order_quantity_value_rules":"no","exclude_category_quantity_rules":"no","combine_variations":"no","exclude_global_add_ons":[],"addons":[],"_links":{"self":[{"href":"https:\/\/www.huntersfriend.eu\/de\/wp-json\/wp\/v2\/product\/280605","targetHints":{"allow":["GET"]}}],"collection":[{"href":"https:\/\/www.huntersfriend.eu\/de\/wp-json\/wp\/v2\/product"}],"about":[{"href":"https:\/\/www.huntersfriend.eu\/de\/wp-json\/wp\/v2\/types\/product"}],"replies":[{"embeddable":true,"href":"https:\/\/www.huntersfriend.eu\/de\/wp-json\/wp\/v2\/comments?post=280605"}],"wp:featuredmedia":[{"embeddable":true,"href":"https:\/\/www.huntersfriend.eu\/de\/wp-json\/wp\/v2\/media\/264482"}],"wp:attachment":[{"href":"https:\/\/www.huntersfriend.eu\/de\/wp-json\/wp\/v2\/media?parent=280605"}],"wp:term":[{"taxonomy":"product_brand","embeddable":true,"href":"https:\/\/www.huntersfriend.eu\/de\/wp-json\/wp\/v2\/product_brand?post=280605"},{"taxonomy":"product_cat","embeddable":true,"href":"https:\/\/www.huntersfriend.eu\/de\/wp-json\/wp\/v2\/product_cat?post=280605"},{"taxonomy":"product_tag","embeddable":true,"href":"https:\/\/www.huntersfriend.eu\/de\/wp-json\/wp\/v2\/product_tag?post=280605"}],"curies":[{"name":"wp","href":"https:\/\/api.w.org\/{rel}","templated":true}]}}