{"id":280604,"date":"2024-02-13T00:44:21","date_gmt":"2024-02-12T22:44:21","guid":{"rendered":"https:\/\/www.huntersfriend.eu\/product\/elektronischer-foxpro-prowler-lockruf\/"},"modified":"2026-04-29T13:54:29","modified_gmt":"2026-04-29T11:54:29","slug":"elektronischer-foxpro-prowler-lockruf","status":"publish","type":"product","link":"https:\/\/www.huntersfriend.eu\/de\/produkt\/elektronischer-foxpro-prowler-lockruf\/","title":{"rendered":"Elektronischer FoxPro Prowler Lockruf"},"content":{"rendered":"<p>Der FOXPRO Prowler ist ein exzellenter Lockruf f\u00fcr Einsteiger in die Raubwildjagd mit begrenztem Budget. Sein robustes, kompaktes Design bietet maximale Portabilit\u00e4t. Er wird standardm\u00e4\u00dfig mit \u00fcber 175 Kl\u00e4ngen (75 Premium-Kl\u00e4nge plus FOXPRO&#8217;s kostenlose Klangbibliothek) geliefert, die eine Vielzahl von Arten, Notrufen und Vokalisierungen abdecken, und kann bis zu 300 Kl\u00e4nge speichern. Die verbesserte Fernbedienung verf\u00fcgt \u00fcber einen gr\u00f6\u00dferen LCD-Bildschirm als fr\u00fchere Einsteigermodelle, was die Navigation auf dem Bildschirm einfach und leicht lesbar macht. Der Prowler wiegt mit Batterien nur 658g\/1,45 lbs, sodass Sie ihn im Gel\u00e4nde kaum bemerken werden. Schlie\u00dfen Sie einen externen Lautsprecher an die Buchse an der Seite des Ger\u00e4ts an, um eine noch h\u00f6here Lautst\u00e4rke zu erzielen.     <\/p>\n<p>Die Prowler TX433XL Fernbedienung ist einfach zu bedienen und erm\u00f6glicht eine unkomplizierte Navigation durch die Klangkategorien, sodass Sie w\u00e4hrend der Jagd schnell die Kl\u00e4nge wechseln k\u00f6nnen. Sie verf\u00fcgt \u00fcber eine elastomere Tastatur, die die Bedienung der Tasten erleichtert, zwei Benutzertasten, eine Stummschalttaste, Lautst\u00e4rketasten und mehr. Die Benutzertasten k\u00f6nnen auf einen vorgew\u00e4hlten Klang oder eine Zusatzfunktion eingestellt werden. Der Prowler hat eine Zusatzbuchse, die ihn mit dem FoxJack 5, X-Decoy und anderen zugelassenen Ger\u00e4ten (separat erh\u00e4ltlich) kompatibel macht, sodass Sie ihn in eine allumfassende und tragbare Raubwildlockmaschine verwandeln k\u00f6nnen. All diese Funktionen in einem erstaunlichen, kompakten und hochwertigen Ger\u00e4t machen den Prowler zu einem unglaublichen Wert. Der FOXPRO Prowler wird mit einer 3-j\u00e4hrigen eingeschr\u00e4nkten Garantie geliefert und ist in den USA hergestellt!     <\/p>\n<h2>Hauptmerkmale<\/h2>\n<ul>\n<li>Wird mit \u00fcber 175 Kl\u00e4ngen geliefert (75 Premium-Kl\u00e4nge plus FOXPRO&#8217;s kostenlose Klangbibliothek) und kann bis zu 300 Kl\u00e4nge speichern und abrufen<\/li>\n<li>Elastomere Fernbedienungstastatur<\/li>\n<li>Hocheffizienter Hornlautsprecher<\/li>\n<li>Externe Lautsprecherbuchse<\/li>\n<li>Zusatzanschluss<\/li>\n<li>Betrieb mit 4 AA-Batterien<\/li>\n<li>TX433XL Sender funktioniert mit 1 9V Batterie<\/li>\n<li>USB-Anschluss zur Neuprogrammierung von Kl\u00e4ngen<\/li>\n<\/ul>\n","protected":false},"excerpt":{"rendered":"<p>Der FOXPRO Prowler ist ein exzellenter Lockruf f\u00fcr Einsteiger in die Raubwildjagd mit begrenztem Budget. Sein robustes, kompaktes Design bietet maximale Portabilit\u00e4t. Er wird standardm\u00e4\u00dfig mit \u00fcber 175 Kl\u00e4ngen (75 Premium-Kl\u00e4nge plus FOXPRO&#8217;s kostenlose Klangbibliothek) geliefert, die eine Vielzahl von Arten, Notrufen und Vokalisierungen abdecken, und kann bis zu 300 Kl\u00e4nge speichern. Die verbesserte Fernbedienung [&#8230;]\n","protected":false},"featured_media":264716,"comment_status":"open","ping_status":"closed","template":"","meta":[],"product_brand":[],"product_cat":[2855,1306,1401],"product_tag":[],"class_list":{"0":"post-280604","1":"product","2":"type-product","3":"status-publish","4":"has-post-thumbnail","6":"product_cat-elektroniska-lockjakter","7":"product_cat-electronic-calls","8":"product_cat-elektronische-locker","9":"product_shipping_class-medium-de","11":"first","12":"instock","13":"taxable","14":"shipping-taxable","15":"purchasable","16":"product-type-simple"},"composite_virtual":false,"composite_layout":"","composite_add_to_cart_form_location":"","composite_editable_in_cart":false,"composite_sold_individually_context":"","composite_shop_price_calc":"","composite_components":[],"composite_scenarios":[],"group_of_quantity":0,"min_quantity":0,"max_quantity":"","exclude_order_quantity_value_rules":"no","exclude_category_quantity_rules":"no","combine_variations":"no","exclude_global_add_ons":[],"addons":[],"_links":{"self":[{"href":"https:\/\/www.huntersfriend.eu\/de\/wp-json\/wp\/v2\/product\/280604","targetHints":{"allow":["GET"]}}],"collection":[{"href":"https:\/\/www.huntersfriend.eu\/de\/wp-json\/wp\/v2\/product"}],"about":[{"href":"https:\/\/www.huntersfriend.eu\/de\/wp-json\/wp\/v2\/types\/product"}],"replies":[{"embeddable":true,"href":"https:\/\/www.huntersfriend.eu\/de\/wp-json\/wp\/v2\/comments?post=280604"}],"wp:featuredmedia":[{"embeddable":true,"href":"https:\/\/www.huntersfriend.eu\/de\/wp-json\/wp\/v2\/media\/264716"}],"wp:attachment":[{"href":"https:\/\/www.huntersfriend.eu\/de\/wp-json\/wp\/v2\/media?parent=280604"}],"wp:term":[{"taxonomy":"product_brand","embeddable":true,"href":"https:\/\/www.huntersfriend.eu\/de\/wp-json\/wp\/v2\/product_brand?post=280604"},{"taxonomy":"product_cat","embeddable":true,"href":"https:\/\/www.huntersfriend.eu\/de\/wp-json\/wp\/v2\/product_cat?post=280604"},{"taxonomy":"product_tag","embeddable":true,"href":"https:\/\/www.huntersfriend.eu\/de\/wp-json\/wp\/v2\/product_tag?post=280604"}],"curies":[{"name":"wp","href":"https:\/\/api.w.org\/{rel}","templated":true}]}}