{"id":280603,"date":"2024-02-13T00:44:20","date_gmt":"2024-02-12T22:44:20","guid":{"rendered":"https:\/\/www.huntersfriend.eu\/product\/foxpro-hellcat-pro-elektronischer-lockruf\/"},"modified":"2026-04-05T12:22:26","modified_gmt":"2026-04-05T10:22:26","slug":"foxpro-hellcat-pro-elektronischer-lockruf","status":"publish","type":"product","link":"https:\/\/www.huntersfriend.eu\/de\/produkt\/foxpro-hellcat-pro-elektronischer-lockruf\/","title":{"rendered":"FOXPRO Hellcat Pro elektronischer Lockruf"},"content":{"rendered":"<p>Der FOXPRO Hellcat Pro ist ein All-in-One-Lockger\u00e4t und digitaler Wildlocker, der kompakt und tragbar ist und gleichzeitig eine hohe Lautst\u00e4rke liefert. Der Hellcat Pro wurde mit gr\u00f6\u00dferen Verst\u00e4rkern konzipiert, und der Lithium-Akku bietet mehr Spannung, wodurch dieses Ger\u00e4t deutlich lauter ist als der Hellcat. Eine der beliebtesten Fernbedienungen der Branche, die TX-1000, ist im Lieferumfang enthalten, was ihn sowohl f\u00fcr Anf\u00e4nger als auch f\u00fcr fortgeschrittene J\u00e4ger zu einer ausgezeichneten Wahl macht. Er wird standardm\u00e4\u00dfig mit \u00fcber 200 Kl\u00e4ngen (100 Premium-Kl\u00e4nge plus FOXPROs kostenlose Klangbibliothek) geliefert, die eine Vielzahl von Arten, Notrufe und Vokalisationen abdecken und kann bis zu 1000 Kl\u00e4nge speichern. Mit unserem beliebten Bluebird-Aufsatz verleiht der Lockvogel Ihrem Stand Realismus und bietet vorsichtigen Beutegreifern eine visuelle Best\u00e4tigung. Er verf\u00fcgt \u00fcber einen Zusatzanschluss f\u00fcr weitere zugelassene Ger\u00e4te (separat erh\u00e4ltlich). Der Hellcat Pro wird mit einem Lithium-Akku und Ladeger\u00e4t geliefert!      <\/p>\n<p>Die TX-1000 verf\u00fcgt \u00fcber einen farbigen LCD-Bildschirm, der Ihre Klangzusammenstelklng oder Klangkategorien anzeigt. Sie verf\u00fcgt zudem \u00fcber Auto-Lautst\u00e4rke, drahtlosen Upload zur Fernbedienung, eine Akkustandsanzeige, Timer oder Zeitschaltuhr, FOXCast und FOXBang-Technologie. Der Hellcat Pro wird durch eine 5-j\u00e4hrige eingeschr\u00e4nkte Garantie abgesichert und ist in den USA hergestellt.  <\/p>\n<h2>Hauptmerkmale<\/h2>\n<ul>\n<li>Wird mit \u00fcber 200 Kl\u00e4ngen (100 Premium-Kl\u00e4nge plus FOXPROs kostenlose Klangbibliothek) geliefert und kann bis zu 1000 Kl\u00e4nge speichern und abrufen<\/li>\n<li>TX-1000 Fernbedienung<\/li>\n<li>Hocheffizienter Hornlautsprecher<\/li>\n<li>Eingebauter Lockvogel mit Bluebird-Aufsatz<\/li>\n<li>Zusatzanschluss<\/li>\n<li>Lithium-Akku und Ladeger\u00e4t im Lieferumfang enthalten<\/li>\n<li>FOXBang Ordnet Ihren Locker nach dem Abfeuern Ihrer Schusswaffe automatisch einer voreingestellten Einstellung zu. (Siehe Bedienungsanleitung f\u00fcr FOXBANG-Optionen.) <\/li>\n<li>FOXCast Nahezu freih\u00e4ndiges Locken mit FOXCAST-Sequenzdateien.<\/li>\n<li>USB-Anschluss zur Neuprogrammierung von Kl\u00e4ngen<\/li>\n<li>Gesamtgewicht 1,13 kg\/2,5 lbs.<\/li>\n<\/ul>\n","protected":false},"excerpt":{"rendered":"<p>Der FOXPRO Hellcat Pro ist ein All-in-One-Lockger\u00e4t und digitaler Wildlocker, der kompakt und tragbar ist und gleichzeitig eine hohe Lautst\u00e4rke liefert. Der Hellcat Pro wurde mit gr\u00f6\u00dferen Verst\u00e4rkern konzipiert, und der Lithium-Akku bietet mehr Spannung, wodurch dieses Ger\u00e4t deutlich lauter ist als der Hellcat. Eine der beliebtesten Fernbedienungen der Branche, die TX-1000, ist im Lieferumfang [&#8230;]\n","protected":false},"featured_media":264744,"comment_status":"open","ping_status":"closed","template":"","meta":[],"product_brand":[],"product_cat":[2855,1401],"product_tag":[],"class_list":{"0":"post-280603","1":"product","2":"type-product","3":"status-publish","4":"has-post-thumbnail","6":"product_cat-elektroniska-lockjakter","7":"product_cat-elektronische-locker","9":"first","10":"onbackorder","11":"taxable","12":"shipping-taxable","13":"purchasable","14":"product-type-simple"},"composite_virtual":false,"composite_layout":"","composite_add_to_cart_form_location":"","composite_editable_in_cart":false,"composite_sold_individually_context":"","composite_shop_price_calc":"","composite_components":[],"composite_scenarios":[],"group_of_quantity":0,"min_quantity":0,"max_quantity":"","exclude_order_quantity_value_rules":"no","exclude_category_quantity_rules":"no","combine_variations":"no","exclude_global_add_ons":[],"addons":[],"_links":{"self":[{"href":"https:\/\/www.huntersfriend.eu\/de\/wp-json\/wp\/v2\/product\/280603","targetHints":{"allow":["GET"]}}],"collection":[{"href":"https:\/\/www.huntersfriend.eu\/de\/wp-json\/wp\/v2\/product"}],"about":[{"href":"https:\/\/www.huntersfriend.eu\/de\/wp-json\/wp\/v2\/types\/product"}],"replies":[{"embeddable":true,"href":"https:\/\/www.huntersfriend.eu\/de\/wp-json\/wp\/v2\/comments?post=280603"}],"wp:featuredmedia":[{"embeddable":true,"href":"https:\/\/www.huntersfriend.eu\/de\/wp-json\/wp\/v2\/media\/264744"}],"wp:attachment":[{"href":"https:\/\/www.huntersfriend.eu\/de\/wp-json\/wp\/v2\/media?parent=280603"}],"wp:term":[{"taxonomy":"product_brand","embeddable":true,"href":"https:\/\/www.huntersfriend.eu\/de\/wp-json\/wp\/v2\/product_brand?post=280603"},{"taxonomy":"product_cat","embeddable":true,"href":"https:\/\/www.huntersfriend.eu\/de\/wp-json\/wp\/v2\/product_cat?post=280603"},{"taxonomy":"product_tag","embeddable":true,"href":"https:\/\/www.huntersfriend.eu\/de\/wp-json\/wp\/v2\/product_tag?post=280603"}],"curies":[{"name":"wp","href":"https:\/\/api.w.org\/{rel}","templated":true}]}}