{"id":280601,"date":"2024-03-12T00:52:14","date_gmt":"2025-06-23T07:53:36","guid":{"rendered":"https:\/\/www.huntersfriend.eu\/product\/tactacam-reveal-x-gen-2-0-wildkamera\/"},"modified":"2025-06-23T09:53:36","modified_gmt":"2025-06-23T07:53:36","slug":"tactacam-reveal-x-gen-2-0-wildkamera","status":"publish","type":"product","link":"https:\/\/www.huntersfriend.eu\/de\/produkt\/tactacam-reveal-x-gen-2-0-wildkamera\/","title":{"rendered":"Tactacam REVEAL x GEN 2.0 Wildkamera"},"content":{"rendered":"<p>Die REVEAL X 2.0 von Tactacam vereint langanhaltende Leistungsf\u00e4higkeit mit bemerkenswerter Bildqualit\u00e4t, sowohl bei Tag als auch bei Nacht. Die X 2.0 verf\u00fcgt \u00fcber den Vorteil des Low-Glow-IR und bietet den schnellsten Ausl\u00f6ser, die weiteste Erkennungsreichweite und die klarsten Bildaufnahmen mit minimaler bis gar keiner Bewegungsunsch\u00e4rfe, selbst bei Nacht! Das witterungsbest\u00e4ndige Geh\u00e4use, die sofortige Foto\u00fcbertragung und die einfache Bedienung machen diese Mobilfunkkamera zu einem unverzichtbaren Instrument f\u00fcr jegliche Fern- oder Au\u00dfenbeobachtung.  <\/p>\n<h3>Technische Spezifikationen<\/h3>\n<ul>\n<li>Garantie: 1 Jahr ab Aktivierungsdatum<\/li>\n<li>Mobilfunknetz: LTE<\/li>\n<li>Mobilfunkanbieter: Verizon, AT&amp;T<\/li>\n<li>Fotoaufl\u00f6sung: 16MP<\/li>\n<li>Blitzreichweite: 29m<\/li>\n<li>Speicher: Erfordert Class 10, U3 SD-Karte, 32GB<\/li>\n<li>Stromversorgung: 12 AA-Batterien (nicht im Lieferumfang enthalten)<\/li>\n<li>Externe Stromversorgung: DC 12V Eingang<\/li>\n<\/ul>\n<h3>Datentarife<\/h3>\n<p>StarterPlan: 250 Bilder\/Monat \u2013 5 \u20ac\/Monat oder 55 \u20ac\/Jahr<\/p>\n<p>IntermediatePlan: 500 Bilder\/Monat \u2013 8 \u20ac\/Monat oder 85 \u20ac\/Jahr<\/p>\n<p>ProPlan: Unbegrenzte Bilder \u2013 13 \u20ac\/Monat oder 120 \u20ac\/Jahr<\/p>\n<p>ProXtra: Unbegrenzte HD-Bilder und Videos 9 \u20ac\/Monat.<\/p>\n","protected":false},"excerpt":{"rendered":"<p>Die REVEAL X 2.0 von Tactacam vereint langanhaltende Leistungsf\u00e4higkeit mit bemerkenswerter Bildqualit\u00e4t, sowohl bei Tag als auch bei Nacht. Die X 2.0 verf\u00fcgt \u00fcber den Vorteil des Low-Glow-IR und bietet den schnellsten Ausl\u00f6ser, die weiteste Erkennungsreichweite und die klarsten Bildaufnahmen mit minimaler bis gar keiner Bewegungsunsch\u00e4rfe, selbst bei Nacht! Das witterungsbest\u00e4ndige Geh\u00e4use, die sofortige Foto\u00fcbertragung [&#8230;]\n","protected":false},"featured_media":265526,"comment_status":"open","ping_status":"closed","template":"","meta":[],"product_brand":[],"product_cat":[1145],"product_tag":[],"class_list":{"0":"post-280601","1":"product","2":"type-product","3":"status-publish","4":"has-post-thumbnail","6":"product_cat-sonstiges","8":"first","9":"outofstock","10":"taxable","11":"shipping-taxable","12":"purchasable","13":"product-type-simple"},"composite_virtual":false,"composite_layout":"","composite_add_to_cart_form_location":"","composite_editable_in_cart":false,"composite_sold_individually_context":"","composite_shop_price_calc":"","composite_components":[],"composite_scenarios":[],"group_of_quantity":0,"min_quantity":0,"max_quantity":"","exclude_order_quantity_value_rules":"no","exclude_category_quantity_rules":"no","combine_variations":"no","exclude_global_add_ons":[],"addons":[],"_links":{"self":[{"href":"https:\/\/www.huntersfriend.eu\/de\/wp-json\/wp\/v2\/product\/280601","targetHints":{"allow":["GET"]}}],"collection":[{"href":"https:\/\/www.huntersfriend.eu\/de\/wp-json\/wp\/v2\/product"}],"about":[{"href":"https:\/\/www.huntersfriend.eu\/de\/wp-json\/wp\/v2\/types\/product"}],"replies":[{"embeddable":true,"href":"https:\/\/www.huntersfriend.eu\/de\/wp-json\/wp\/v2\/comments?post=280601"}],"wp:featuredmedia":[{"embeddable":true,"href":"https:\/\/www.huntersfriend.eu\/de\/wp-json\/wp\/v2\/media\/265526"}],"wp:attachment":[{"href":"https:\/\/www.huntersfriend.eu\/de\/wp-json\/wp\/v2\/media?parent=280601"}],"wp:term":[{"taxonomy":"product_brand","embeddable":true,"href":"https:\/\/www.huntersfriend.eu\/de\/wp-json\/wp\/v2\/product_brand?post=280601"},{"taxonomy":"product_cat","embeddable":true,"href":"https:\/\/www.huntersfriend.eu\/de\/wp-json\/wp\/v2\/product_cat?post=280601"},{"taxonomy":"product_tag","embeddable":true,"href":"https:\/\/www.huntersfriend.eu\/de\/wp-json\/wp\/v2\/product_tag?post=280601"}],"curies":[{"name":"wp","href":"https:\/\/api.w.org\/{rel}","templated":true}]}}