{"id":280597,"date":"2024-03-05T14:32:25","date_gmt":"2024-03-05T12:32:25","guid":{"rendered":"https:\/\/www.huntersfriend.eu\/product\/hamskea-everest-drop-away-pfeilauflage\/"},"modified":"2025-06-23T09:53:33","modified_gmt":"2025-06-23T07:53:33","slug":"hamskea-everest-drop-away-pfeilauflage","status":"publish","type":"product","link":"https:\/\/www.huntersfriend.eu\/de\/produkt\/hamskea-everest-drop-away-pfeilauflage\/","title":{"rendered":"Hamskea Everest Drop-Away-Pfeilauflage"},"content":{"rendered":"<p>Version mit Universalhalterung<\/p>\n<ul>\n<li>Die Pfeilauflage befindet sich in einer Linie hinter dem Griff und eliminiert so St\u00f6rungen durch den K\u00f6cher<\/li>\n<li>Mikro-Launcher-Winkeleinstellung<\/li>\n<li>\u00c4u\u00dferst sicheres &amp; pr\u00e4zises Picatinny-Klemmsystem<\/li>\n<li>Konfigurierbar f\u00fcr Aktivierung am oberen Wurfarm, unteren Wurfarm oder seilgesteuert<\/li>\n<li>Eliminiert laterale Schaftbewegungen durch Zero Tolerance Technology (ZTT)<\/li>\n<li>Zwei rostfreie Stahlkugellager f\u00fcr reibungslose Bet\u00e4tigung<\/li>\n<li>R\u00fcckpralld\u00e4mpfer reguliert den Launcher-R\u00fcckprall und mechanische Belastungen<\/li>\n<li>Seilklemmen-Spanner<\/li>\n<li>Einstellbare Torsionsfederspannung<\/li>\n<\/ul>\n","protected":false},"excerpt":{"rendered":"<p>Version mit Universalhalterung Die Pfeilauflage befindet sich in einer Linie hinter dem Griff und eliminiert so St\u00f6rungen durch den K\u00f6cher Mikro-Launcher-Winkeleinstellung \u00c4u\u00dferst sicheres &amp; pr\u00e4zises Picatinny-Klemmsystem Konfigurierbar f\u00fcr Aktivierung am oberen Wurfarm, unteren Wurfarm oder seilgesteuert Eliminiert laterale Schaftbewegungen durch Zero Tolerance Technology (ZTT) Zwei rostfreie Stahlkugellager f\u00fcr reibungslose Bet\u00e4tigung R\u00fcckpralld\u00e4mpfer reguliert den Launcher-R\u00fcckprall und [&#8230;]\n","protected":false},"featured_media":265049,"comment_status":"open","ping_status":"closed","template":"","meta":[],"product_brand":[],"product_cat":[1145],"product_tag":[],"class_list":{"0":"post-280597","1":"product","2":"type-product","3":"status-publish","4":"has-post-thumbnail","6":"product_cat-sonstiges","8":"first","9":"outofstock","10":"sale","11":"taxable","12":"shipping-taxable","13":"purchasable","14":"product-type-variable"},"composite_virtual":false,"composite_layout":"","composite_add_to_cart_form_location":"","composite_editable_in_cart":false,"composite_sold_individually_context":"","composite_shop_price_calc":"","composite_components":[],"composite_scenarios":[],"group_of_quantity":0,"min_quantity":0,"max_quantity":"","exclude_order_quantity_value_rules":"no","exclude_category_quantity_rules":"no","combine_variations":"no","exclude_global_add_ons":[],"addons":[],"_links":{"self":[{"href":"https:\/\/www.huntersfriend.eu\/de\/wp-json\/wp\/v2\/product\/280597","targetHints":{"allow":["GET"]}}],"collection":[{"href":"https:\/\/www.huntersfriend.eu\/de\/wp-json\/wp\/v2\/product"}],"about":[{"href":"https:\/\/www.huntersfriend.eu\/de\/wp-json\/wp\/v2\/types\/product"}],"replies":[{"embeddable":true,"href":"https:\/\/www.huntersfriend.eu\/de\/wp-json\/wp\/v2\/comments?post=280597"}],"wp:featuredmedia":[{"embeddable":true,"href":"https:\/\/www.huntersfriend.eu\/de\/wp-json\/wp\/v2\/media\/265049"}],"wp:attachment":[{"href":"https:\/\/www.huntersfriend.eu\/de\/wp-json\/wp\/v2\/media?parent=280597"}],"wp:term":[{"taxonomy":"product_brand","embeddable":true,"href":"https:\/\/www.huntersfriend.eu\/de\/wp-json\/wp\/v2\/product_brand?post=280597"},{"taxonomy":"product_cat","embeddable":true,"href":"https:\/\/www.huntersfriend.eu\/de\/wp-json\/wp\/v2\/product_cat?post=280597"},{"taxonomy":"product_tag","embeddable":true,"href":"https:\/\/www.huntersfriend.eu\/de\/wp-json\/wp\/v2\/product_tag?post=280597"}],"curies":[{"name":"wp","href":"https:\/\/api.w.org\/{rel}","templated":true}]}}