{"id":280594,"date":"2024-02-28T01:39:32","date_gmt":"2024-02-27T23:39:32","guid":{"rendered":"https:\/\/www.huntersfriend.eu\/product\/mehrfach-zubehoerhalter-von-muddy\/"},"modified":"2025-06-23T09:53:32","modified_gmt":"2025-06-23T07:53:32","slug":"mehrfach-zubehoerhalter-von-muddy","status":"publish","type":"product","link":"https:\/\/www.huntersfriend.eu\/de\/produkt\/mehrfach-zubehoerhalter-von-muddy\/","title":{"rendered":"Mehrfach-Zubeh\u00f6rhalter von Muddy"},"content":{"rendered":"<p>Ein hervorragender Zubeh\u00f6rhalter f\u00fcr den Hochsitz oder den Jagdsattel.<\/p>\n","protected":false},"excerpt":{"rendered":"<p>Ein hervorragender Zubeh\u00f6rhalter f\u00fcr den Hochsitz oder den Jagdsattel.<\/p>\n","protected":false},"featured_media":266805,"comment_status":"open","ping_status":"closed","template":"","meta":[],"product_brand":[],"product_cat":[1404,1171,1222],"product_tag":[],"class_list":{"0":"post-280594","1":"product","2":"type-product","3":"status-publish","4":"has-post-thumbnail","6":"product_cat-jagdzubehor","7":"product_cat-sitz-und-schirm-zubehoer","8":"product_cat-sonderangebote","10":"first","11":"instock","12":"sale","13":"taxable","14":"shipping-taxable","15":"purchasable","16":"product-type-simple"},"composite_virtual":false,"composite_layout":"","composite_add_to_cart_form_location":"","composite_editable_in_cart":false,"composite_sold_individually_context":"","composite_shop_price_calc":"","composite_components":[],"composite_scenarios":[],"group_of_quantity":0,"min_quantity":0,"max_quantity":"","exclude_order_quantity_value_rules":"no","exclude_category_quantity_rules":"no","combine_variations":"no","exclude_global_add_ons":[],"addons":[],"_links":{"self":[{"href":"https:\/\/www.huntersfriend.eu\/de\/wp-json\/wp\/v2\/product\/280594","targetHints":{"allow":["GET"]}}],"collection":[{"href":"https:\/\/www.huntersfriend.eu\/de\/wp-json\/wp\/v2\/product"}],"about":[{"href":"https:\/\/www.huntersfriend.eu\/de\/wp-json\/wp\/v2\/types\/product"}],"replies":[{"embeddable":true,"href":"https:\/\/www.huntersfriend.eu\/de\/wp-json\/wp\/v2\/comments?post=280594"}],"wp:featuredmedia":[{"embeddable":true,"href":"https:\/\/www.huntersfriend.eu\/de\/wp-json\/wp\/v2\/media\/266805"}],"wp:attachment":[{"href":"https:\/\/www.huntersfriend.eu\/de\/wp-json\/wp\/v2\/media?parent=280594"}],"wp:term":[{"taxonomy":"product_brand","embeddable":true,"href":"https:\/\/www.huntersfriend.eu\/de\/wp-json\/wp\/v2\/product_brand?post=280594"},{"taxonomy":"product_cat","embeddable":true,"href":"https:\/\/www.huntersfriend.eu\/de\/wp-json\/wp\/v2\/product_cat?post=280594"},{"taxonomy":"product_tag","embeddable":true,"href":"https:\/\/www.huntersfriend.eu\/de\/wp-json\/wp\/v2\/product_tag?post=280594"}],"curies":[{"name":"wp","href":"https:\/\/api.w.org\/{rel}","templated":true}]}}