{"id":280593,"date":"2024-03-07T11:25:56","date_gmt":"2024-03-07T09:25:56","guid":{"rendered":"https:\/\/www.huntersfriend.eu\/product\/tooth-of-the-arrow-einzelanschliff-2-klingen\/"},"modified":"2025-12-02T11:29:07","modified_gmt":"2025-12-02T09:29:07","slug":"tooth-of-the-arrow-einzelanschliff-2-klingen","status":"publish","type":"product","link":"https:\/\/www.huntersfriend.eu\/de\/produkt\/tooth-of-the-arrow-einzelanschliff-2-klingen\/","title":{"rendered":"Tooth of the Arrow Einzelanschliff 2-Klingen"},"content":{"rendered":"<p>Die 100-Grain 1-Zoll Einzelanschliff-Jagdspitze ist die perfekte Wahl f\u00fcr J\u00e4ger, die h\u00f6chste Anspr\u00fcche an Haltbarkeit und ger\u00e4uschlosen Flug stellen.<\/p>\n<p>Wie alle anderen Tooth of the Arrow Jagdspitzen wird auch dieser Einzelanschliff aus einem einzigen St\u00fcck hochkarbonatem Stahl gefertigt. Keine beweglichen oder zu montierenden Teile bedeuten keinen Raum f\u00fcr Fehler. <\/p>\n<p>Das 2-Klingen-Design bietet unsere dicksten Klingen aller Zeiten mit 0,060 Zoll und einer Tanto-Spitze. Das Ergebnis ist eine knochenspaltendes Jagdspitze, die f\u00fcr Langlebigkeit konzipiert wurde. <\/p>\n<p>Die Einzelanschliff-Technologie setzt die Rotation nach dem Aufprall fort und verursacht dadurch verheerende Wundkan\u00e4le und au\u00dferordentlich tiefe Penetration.<\/p>\n<p>Wenn Sie auf der Suche nach der haltbarsten feststehenden Jagdspitze auf dem Markt sind.<\/p>\n<p>Alle Tooth of the Arrow Jagdspitzen sind sofort einsatzbereit und lassen sich auf jedem flachen Stein leicht nachsch\u00e4rfen.<\/p>\n","protected":false},"excerpt":{"rendered":"<p>Die 100-Grain 1-Zoll Einzelanschliff-Jagdspitze ist die perfekte Wahl f\u00fcr J\u00e4ger, die h\u00f6chste Anspr\u00fcche an Haltbarkeit und ger\u00e4uschlosen Flug stellen. Wie alle anderen Tooth of the Arrow Jagdspitzen wird auch dieser Einzelanschliff aus einem einzigen St\u00fcck hochkarbonatem Stahl gefertigt. Keine beweglichen oder zu montierenden Teile bedeuten keinen Raum f\u00fcr Fehler. Das 2-Klingen-Design bietet unsere dicksten Klingen [&#8230;]\n","protected":false},"featured_media":265389,"comment_status":"open","ping_status":"closed","template":"","meta":[],"product_brand":[],"product_cat":[1145],"product_tag":[],"class_list":{"0":"post-280593","1":"product","2":"type-product","3":"status-publish","4":"has-post-thumbnail","6":"product_cat-sonstiges","8":"first","9":"outofstock","10":"taxable","11":"shipping-taxable","12":"product-type-simple"},"composite_virtual":false,"composite_layout":"","composite_add_to_cart_form_location":"","composite_editable_in_cart":false,"composite_sold_individually_context":"","composite_shop_price_calc":"","composite_components":[],"composite_scenarios":[],"group_of_quantity":0,"min_quantity":0,"max_quantity":"","exclude_order_quantity_value_rules":"no","exclude_category_quantity_rules":"no","combine_variations":"no","exclude_global_add_ons":[],"addons":[],"_links":{"self":[{"href":"https:\/\/www.huntersfriend.eu\/de\/wp-json\/wp\/v2\/product\/280593","targetHints":{"allow":["GET"]}}],"collection":[{"href":"https:\/\/www.huntersfriend.eu\/de\/wp-json\/wp\/v2\/product"}],"about":[{"href":"https:\/\/www.huntersfriend.eu\/de\/wp-json\/wp\/v2\/types\/product"}],"replies":[{"embeddable":true,"href":"https:\/\/www.huntersfriend.eu\/de\/wp-json\/wp\/v2\/comments?post=280593"}],"wp:featuredmedia":[{"embeddable":true,"href":"https:\/\/www.huntersfriend.eu\/de\/wp-json\/wp\/v2\/media\/265389"}],"wp:attachment":[{"href":"https:\/\/www.huntersfriend.eu\/de\/wp-json\/wp\/v2\/media?parent=280593"}],"wp:term":[{"taxonomy":"product_brand","embeddable":true,"href":"https:\/\/www.huntersfriend.eu\/de\/wp-json\/wp\/v2\/product_brand?post=280593"},{"taxonomy":"product_cat","embeddable":true,"href":"https:\/\/www.huntersfriend.eu\/de\/wp-json\/wp\/v2\/product_cat?post=280593"},{"taxonomy":"product_tag","embeddable":true,"href":"https:\/\/www.huntersfriend.eu\/de\/wp-json\/wp\/v2\/product_tag?post=280593"}],"curies":[{"name":"wp","href":"https:\/\/api.w.org\/{rel}","templated":true}]}}