{"id":280591,"date":"2024-02-28T00:57:26","date_gmt":"2024-02-27T22:57:26","guid":{"rendered":"https:\/\/www.huntersfriend.eu\/product\/3m-peltor-sporttac-gehoerschutz\/"},"modified":"2026-03-19T15:48:18","modified_gmt":"2026-03-19T13:48:18","slug":"3m-peltor-sporttac-gehoerschutz","status":"publish","type":"product","link":"https:\/\/www.huntersfriend.eu\/de\/produkt\/3m-peltor-sporttac-gehoerschutz\/","title":{"rendered":"3M Peltor SportTac Geh\u00f6rschutz"},"content":{"rendered":"<p><span class=\"jCAhz ChMk0b\"><span class=\"ryNqvb\">Aktiver Geh\u00f6rschutz, speziell konzipiert f\u00fcr J\u00e4ger und Sch\u00fctzen.<\/span><\/span> <span class=\"jCAhz ChMk0b\"><span class=\"ryNqvb\">Peltor SportTac Geh\u00f6rsch\u00fctzer k\u00f6nnen problemlos mit einem Jagdfunkger\u00e4t verbunden werden.<\/span><\/span><\/p>\n<p><span class=\"jCAhz ChMk0b\"><span class=\"ryNqvb\">Der 3M Peltor SportTac Geh\u00f6rschutz ist ein aktiver Geh\u00f6rschutz, der speziell f\u00fcr die Jagd und das Schie\u00dfen entwickelt wurde.<\/span><\/span> <span class=\"jCAhz ChMk0b\"><span class=\"ryNqvb\">Eine einzigartige digitale Klangverarbeitung verst\u00e4rkt schwache Ger\u00e4usche und eliminiert effektiv scharfe Kl\u00e4nge.<\/span><\/span> <span class=\"jCAhz ChMk0b\"><span class=\"ryNqvb\">Die neue Elektronik im Peltor SportTac Geh\u00f6rschutz reagiert unmittelbar und sch\u00fctzt das Geh\u00f6r vor lauten Impulsger\u00e4uschen und L\u00e4rm.<\/span><\/span> <span class=\"jCAhz ChMk0b\"><span class=\"ryNqvb\">Kann mit einem Jagdfunkger\u00e4t verbunden werden.<\/span><\/span> <span class=\"jCAhz ChMk0b\"><span class=\"ryNqvb\">SNR.<\/span><\/span><\/p>\n<p><span class=\"jCAhz ChMk0b\"><span class=\"ryNqvb\">Speziell f\u00fcr die Jagd und das Schie\u00dfen konzipiert<\/span><\/span><br \/>\n<span class=\"jCAhz ChMk0b\"><span class=\"ryNqvb\">Austauschbare Au\u00dfenabdeckungen erm\u00f6glichen die Verwendung von f\u00fcnf verschiedenen Farben<\/span><\/span><br \/>\n<span class=\"jCAhz ChMk0b\"><span class=\"ryNqvb\">Automatische Abschaltung<\/span><\/span> <span class=\"jCAhz ChMk0b\"><span class=\"ryNqvb\">Zusammenklappbarer Kopfb\u00fcgel<\/span><\/span><br \/>\n<span class=\"jCAhz ChMk0b\"><span class=\"ryNqvb\">Batterielaufzeit ca. 600 Stunden <\/span><\/span><br \/>\n<span class=\"jCAhz ChMk0b\"><span class=\"ryNqvb\">Audioanschluss f\u00fcr z.B. Jagdfunkger\u00e4t<\/span><\/span><br \/>\n<span class=\"jCAhz ChMk0b\"><span class=\"ryNqvb\">Orange Ersatzabdeckungen sind im Lieferumfang enthalten<\/span><\/span><\/p>\n<p><span class=\"jCAhz ChMk0b\"><span class=\"ryNqvb\">Technische Informationen<\/span><\/span><br \/>\n<span class=\"jCAhz ChMk0b\"><span class=\"ryNqvb\">Batterielaufzeit 600 Stunden<\/span><\/span><br \/>\n<span class=\"jCAhz ChMk0b\"><span class=\"ryNqvb\">D\u00e4mpfung 26 dB<\/span><\/span><br \/>\n<span class=\"jCAhz ChMk0b\"><span class=\"ryNqvb\">Anschlusstyp J22 Audioeingang<\/span><\/span><br \/>\n<span class=\"jCAhz ChMk0b\"><span class=\"ryNqvb\">Nettogewicht 318 g<\/span><\/span><br \/>\n<span class=\"jCAhz ChMk0b\"><span class=\"ryNqvb\">Normen\/Zulassungen: CE-gepr\u00fcft<\/span><\/span><br \/>\n<span class=\"jCAhz ChMk0b\"><span class=\"ryNqvb\">D\u00e4mpfungsklasse (HML) H=29 M=23 L=16<\/span><\/span><br \/>\n<span class=\"jCAhz ChMk0b\"><span class=\"ryNqvb\">Stromversorgung: 2 St\u00fcck 1,5 V AAA-Batterien.<\/span><\/span> <span class=\"jCAhz ChMk0b\"><span class=\"ryNqvb\">(im Lieferumfang enthalten)<\/span><\/span><\/p>\n","protected":false},"excerpt":{"rendered":"<p>Aktiver Geh\u00f6rschutz, speziell konzipiert f\u00fcr J\u00e4ger und Sch\u00fctzen. Peltor SportTac Geh\u00f6rsch\u00fctzer k\u00f6nnen problemlos mit einem Jagdfunkger\u00e4t verbunden werden. Der 3M Peltor SportTac Geh\u00f6rschutz ist ein aktiver Geh\u00f6rschutz, der speziell f\u00fcr die Jagd und das Schie\u00dfen entwickelt wurde. Eine einzigartige digitale Klangverarbeitung verst\u00e4rkt schwache Ger\u00e4usche und eliminiert effektiv scharfe Kl\u00e4nge. Die neue Elektronik im Peltor SportTac [&#8230;]\n","protected":false},"featured_media":265037,"comment_status":"open","ping_status":"closed","template":"","meta":[],"product_brand":[],"product_cat":[2692,1424],"product_tag":[],"class_list":{"0":"post-280591","1":"product","2":"type-product","3":"status-publish","4":"has-post-thumbnail","6":"product_cat-ogon-och-horselskydd","7":"product_cat-augen-und-gehorschutz","9":"first","10":"instock","11":"taxable","12":"shipping-taxable","13":"purchasable","14":"product-type-simple"},"composite_virtual":false,"composite_layout":"","composite_add_to_cart_form_location":"","composite_editable_in_cart":false,"composite_sold_individually_context":"","composite_shop_price_calc":"","composite_components":[],"composite_scenarios":[],"group_of_quantity":0,"min_quantity":0,"max_quantity":"","exclude_order_quantity_value_rules":"no","exclude_category_quantity_rules":"no","combine_variations":"no","exclude_global_add_ons":[],"addons":[],"_links":{"self":[{"href":"https:\/\/www.huntersfriend.eu\/de\/wp-json\/wp\/v2\/product\/280591","targetHints":{"allow":["GET"]}}],"collection":[{"href":"https:\/\/www.huntersfriend.eu\/de\/wp-json\/wp\/v2\/product"}],"about":[{"href":"https:\/\/www.huntersfriend.eu\/de\/wp-json\/wp\/v2\/types\/product"}],"replies":[{"embeddable":true,"href":"https:\/\/www.huntersfriend.eu\/de\/wp-json\/wp\/v2\/comments?post=280591"}],"wp:featuredmedia":[{"embeddable":true,"href":"https:\/\/www.huntersfriend.eu\/de\/wp-json\/wp\/v2\/media\/265037"}],"wp:attachment":[{"href":"https:\/\/www.huntersfriend.eu\/de\/wp-json\/wp\/v2\/media?parent=280591"}],"wp:term":[{"taxonomy":"product_brand","embeddable":true,"href":"https:\/\/www.huntersfriend.eu\/de\/wp-json\/wp\/v2\/product_brand?post=280591"},{"taxonomy":"product_cat","embeddable":true,"href":"https:\/\/www.huntersfriend.eu\/de\/wp-json\/wp\/v2\/product_cat?post=280591"},{"taxonomy":"product_tag","embeddable":true,"href":"https:\/\/www.huntersfriend.eu\/de\/wp-json\/wp\/v2\/product_tag?post=280591"}],"curies":[{"name":"wp","href":"https:\/\/api.w.org\/{rel}","templated":true}]}}