{"id":280590,"date":"2024-03-07T01:40:21","date_gmt":"2024-03-06T23:40:21","guid":{"rendered":"https:\/\/www.huntersfriend.eu\/product\/demon-rake-100-gr-3-klingen-mechanik\/"},"modified":"2025-06-23T09:53:27","modified_gmt":"2025-06-23T07:53:27","slug":"demon-rake-100-gr-3-klingen-mechanik","status":"publish","type":"product","link":"https:\/\/www.huntersfriend.eu\/de\/produkt\/demon-rake-100-gr-3-klingen-mechanik\/","title":{"rendered":"Demon rake 100 gr 3-Klingen-Mechanik"},"content":{"rendered":"<p>Xecutioner Broadheads pr\u00e4sentiert erneut ihre legend\u00e4re Sch\u00e4rfe und Pr\u00e4zision mit der Demon Hunter Serie mechanischer Jagdspitzen. Mit einer knochensplitternden Spitze aus massivem Stahl, der Genauigkeit einer \u00dcbungsspitze und 15,24 cm Schnittfl\u00e4che ist diese expandierende Jagdspitze garantiert effektiv. <\/p>\n<p><strong>Spezifikationen: <\/strong><\/p>\n<ul>\n<li>15,24 cm Schnittfl\u00e4che<\/li>\n<li>Pr\u00e4zision einer \u00dcbungsspitze<\/li>\n<li>Ma\u00dfgefertigte HRC 7075 T\u00fclle<\/li>\n<li>3-Klingen-Design mit versetztem Klingenwinkel<\/li>\n<li>5,08 cm Schnittbreite<\/li>\n<li>100 Grain<\/li>\n<\/ul>\n<p>Sie werden von dieser Jagdspitze nicht entt\u00e4uscht sein. Von unserem Personal im Feld erprobt. <\/p>\n","protected":false},"excerpt":{"rendered":"<p>3er-Pack<\/p>\n","protected":false},"featured_media":265410,"comment_status":"open","ping_status":"closed","template":"","meta":[],"product_brand":[],"product_cat":[1079,1222],"product_tag":[],"class_list":{"0":"post-280590","1":"product","2":"type-product","3":"status-publish","4":"has-post-thumbnail","6":"product_cat-jagd-spitzen","7":"product_cat-sonderangebote","9":"first","10":"instock","11":"sale","12":"featured","13":"taxable","14":"shipping-taxable","15":"purchasable","16":"product-type-simple"},"composite_virtual":false,"composite_layout":"","composite_add_to_cart_form_location":"","composite_editable_in_cart":false,"composite_sold_individually_context":"","composite_shop_price_calc":"","composite_components":[],"composite_scenarios":[],"group_of_quantity":0,"min_quantity":0,"max_quantity":"","exclude_order_quantity_value_rules":"no","exclude_category_quantity_rules":"no","combine_variations":"no","exclude_global_add_ons":[],"addons":[],"_links":{"self":[{"href":"https:\/\/www.huntersfriend.eu\/de\/wp-json\/wp\/v2\/product\/280590","targetHints":{"allow":["GET"]}}],"collection":[{"href":"https:\/\/www.huntersfriend.eu\/de\/wp-json\/wp\/v2\/product"}],"about":[{"href":"https:\/\/www.huntersfriend.eu\/de\/wp-json\/wp\/v2\/types\/product"}],"replies":[{"embeddable":true,"href":"https:\/\/www.huntersfriend.eu\/de\/wp-json\/wp\/v2\/comments?post=280590"}],"wp:featuredmedia":[{"embeddable":true,"href":"https:\/\/www.huntersfriend.eu\/de\/wp-json\/wp\/v2\/media\/265410"}],"wp:attachment":[{"href":"https:\/\/www.huntersfriend.eu\/de\/wp-json\/wp\/v2\/media?parent=280590"}],"wp:term":[{"taxonomy":"product_brand","embeddable":true,"href":"https:\/\/www.huntersfriend.eu\/de\/wp-json\/wp\/v2\/product_brand?post=280590"},{"taxonomy":"product_cat","embeddable":true,"href":"https:\/\/www.huntersfriend.eu\/de\/wp-json\/wp\/v2\/product_cat?post=280590"},{"taxonomy":"product_tag","embeddable":true,"href":"https:\/\/www.huntersfriend.eu\/de\/wp-json\/wp\/v2\/product_tag?post=280590"}],"curies":[{"name":"wp","href":"https:\/\/api.w.org\/{rel}","templated":true}]}}