{"id":280589,"date":"2024-02-17T01:12:13","date_gmt":"2025-06-23T07:53:26","guid":{"rendered":"https:\/\/www.huntersfriend.eu\/product\/avalon-speedy-tragbare-bogenpresse\/"},"modified":"2026-04-27T14:37:19","modified_gmt":"2026-04-27T12:37:19","slug":"avalon-speedy-tragbare-bogenpresse","status":"publish","type":"product","link":"https:\/\/www.huntersfriend.eu\/de\/produkt\/avalon-speedy-tragbare-bogenpresse\/","title":{"rendered":"Avalon Speedy Tragbare Bogenpresse"},"content":{"rendered":"<p>Universelle tragbare Bogenpresse von Avalon.<\/p>\n<ul>\n<li>Hervorragendes Werkzeug zum Wechseln Ihrer Sehne und Kabel sowie zur schnellen Installation eines Peepsights.<\/li>\n<li>Kompakt und leicht, ideal f\u00fcr den Einsatz im Feld.<\/li>\n<li>Schnell anpassbar und einfach zu bedienen.<\/li>\n<li>Inklusive weicher Tasche und Ersatz-Gummihaken-Abdeckungen.<\/li>\n<li>Geeignet f\u00fcr jeden Compound-Bogen mit Einzelwurfarmen mit einer Breite von mindestens 38 mm und maximal 60 mm (oben &amp; unten).  <\/li>\n<li>Geeignet f\u00fcr Compound-B\u00f6gen mit Doppelwurfarmen mit einer maximalen Mitten\u00f6ffnung von 21 mm (oben &amp; unten). <\/li>\n<\/ul>\n","protected":false},"excerpt":{"rendered":"<p>Universelle tragbare Bogenpresse von Avalon. Hervorragendes Werkzeug zum Wechseln Ihrer Sehne und Kabel sowie zur schnellen Installation eines Peepsights. Kompakt und leicht, ideal f\u00fcr den Einsatz im Feld. Schnell anpassbar und einfach zu bedienen. Inklusive weicher Tasche und Ersatz-Gummihaken-Abdeckungen. Geeignet f\u00fcr jeden Compound-Bogen mit Einzelwurfarmen mit einer Breite von mindestens 38 mm und maximal 60 [&#8230;]\n","protected":false},"featured_media":265033,"comment_status":"open","ping_status":"closed","template":"","meta":[],"product_brand":[],"product_cat":[2151,1138],"product_tag":[],"class_list":{"0":"post-280589","1":"product","2":"type-product","3":"status-publish","4":"has-post-thumbnail","6":"product_cat-bogenstative-diverses","7":"product_cat-bogenpressen","9":"first","10":"onbackorder","11":"taxable","12":"shipping-taxable","13":"purchasable","14":"product-type-simple"},"composite_virtual":false,"composite_layout":"","composite_add_to_cart_form_location":"","composite_editable_in_cart":false,"composite_sold_individually_context":"","composite_shop_price_calc":"","composite_components":[],"composite_scenarios":[],"group_of_quantity":0,"min_quantity":0,"max_quantity":"","exclude_order_quantity_value_rules":"no","exclude_category_quantity_rules":"no","combine_variations":"no","exclude_global_add_ons":[],"addons":[],"_links":{"self":[{"href":"https:\/\/www.huntersfriend.eu\/de\/wp-json\/wp\/v2\/product\/280589","targetHints":{"allow":["GET"]}}],"collection":[{"href":"https:\/\/www.huntersfriend.eu\/de\/wp-json\/wp\/v2\/product"}],"about":[{"href":"https:\/\/www.huntersfriend.eu\/de\/wp-json\/wp\/v2\/types\/product"}],"replies":[{"embeddable":true,"href":"https:\/\/www.huntersfriend.eu\/de\/wp-json\/wp\/v2\/comments?post=280589"}],"wp:featuredmedia":[{"embeddable":true,"href":"https:\/\/www.huntersfriend.eu\/de\/wp-json\/wp\/v2\/media\/265033"}],"wp:attachment":[{"href":"https:\/\/www.huntersfriend.eu\/de\/wp-json\/wp\/v2\/media?parent=280589"}],"wp:term":[{"taxonomy":"product_brand","embeddable":true,"href":"https:\/\/www.huntersfriend.eu\/de\/wp-json\/wp\/v2\/product_brand?post=280589"},{"taxonomy":"product_cat","embeddable":true,"href":"https:\/\/www.huntersfriend.eu\/de\/wp-json\/wp\/v2\/product_cat?post=280589"},{"taxonomy":"product_tag","embeddable":true,"href":"https:\/\/www.huntersfriend.eu\/de\/wp-json\/wp\/v2\/product_tag?post=280589"}],"curies":[{"name":"wp","href":"https:\/\/api.w.org\/{rel}","templated":true}]}}