{"id":280582,"date":"2024-03-22T10:01:04","date_gmt":"2024-03-22T08:01:04","guid":{"rendered":"https:\/\/www.huntersfriend.eu\/product\/pard-nv008sp2\/"},"modified":"2025-11-27T11:15:01","modified_gmt":"2025-11-27T09:15:01","slug":"pard-nv008sp2","status":"publish","type":"product","link":"https:\/\/www.huntersfriend.eu\/de\/produkt\/pard-nv008sp2\/","title":{"rendered":"Pard NV008SP2"},"content":{"rendered":"<p>Das Pard NV008SP2 Nachtsichtger\u00e4t ist eine verbesserte Version des beliebten NV008S Infrarotger\u00e4ts, das f\u00fcr die Jagd konzipiert wurde. Das NV008SP2 verf\u00fcgt \u00fcber einen CMOS-Sensor der neuesten Generation mit einer Empfindlichkeit von 0,001 Lux, der die bestm\u00f6gliche Bildqualit\u00e4t bei einer Aufl\u00f6sung von 2688 x 1520 Pixeln gew\u00e4hrleistet. <\/p>\n<p>Dieses leichte Ger\u00e4t mit einem Gewicht von 450 Gramm hat ein flaches Profil und l\u00e4sst sich mit der mitgelieferten Halterung einfach auf einer Weaver\/Picatinny-Schiene montieren. Seine kompakte physische Gr\u00f6\u00dfe von 175x70x55mm erh\u00f6ht seine Benutzerfreundlichkeit erheblich. <\/p>\n<p>Sie k\u00f6nnen die f\u00fcr Ihre Bed\u00fcrfnisse geeignete Infrarotwellenl\u00e4nge w\u00e4hlen, entweder 850nm oder 940nm. F\u00fcr empfindliche Tiere empfehlen wir die IR-Wellenl\u00e4nge von 940nm. Das Pard NV008SP2 bietet zudem eine flexible Zoomfunktion, die w\u00e4hrend des Gebrauchs leicht anzupassen ist.  <\/p>\n<p>Das Pard NV008SP2 zeichnet Videos in Full-HD-Qualit\u00e4t mit 1440&#215;1080 Pixeln auf und erm\u00f6glicht so eine scharfe und detaillierte Wiedergabe auf dem OLED-Display. Das Ger\u00e4t verf\u00fcgt \u00fcber eine automatische R\u00fccksto\u00dfaufzeichnung, um Schusssituationen zu erfassen. <\/p>\n<p>Bei der Verwendung des Ger\u00e4ts ist es wichtig, die Jagdgesetze und spezifischen Anforderungen f\u00fcr die Erlangung von Genehmigungen zur Verwendung des Ger\u00e4ts f\u00fcr die Jagd auf verschiedene Wildarten zu beachten. Dar\u00fcber hinaus kann das Ger\u00e4t auch tags\u00fcber verwendet werden, es ist jedoch unerl\u00e4sslich, daran zu denken, dass es nur mit einer Genehmigung oder f\u00fcr die Jagd auf die vorgenannten Tiere verwendet werden sollte. <\/p>\n<p>Das Produkt ist auch in einer LRF-Version (Laser-Entfernungsmesser) erh\u00e4ltlich, die mit einer Distanzmessfunktion ausgestattet ist, und zwar in beiden IR-Wellenl\u00e4ngenoptionen.<\/p>\n<p><strong>TECHNISCHE INFORMATIONEN:<\/strong><\/p>\n<table style=\"height: 195px;\" width=\"341\">\n<tbody>\n<tr>\n<th colspan=\"2\">Sensor<\/th>\n<\/tr>\n<tr>\n<td>Typ<\/td>\n<td>CMOS<\/td>\n<\/tr>\n<tr>\n<td>Aufl\u00f6sung (Pixel)<\/td>\n<td style=\"text-align: left;\">2688*1520<\/td>\n<\/tr>\n<tr>\n<td>Pixelgr\u00f6\u00dfe (\u00b5m)<\/td>\n<td>2,9<\/td>\n<\/tr>\n<tr>\n<td>Empfindlichkeit (Lux)<\/td>\n<td>0,001<\/td>\n<\/tr>\n<tr>\n<td>Bildwiederholrate (Hz)<\/td>\n<td>Farbmodus:60\/Mono:30<\/td>\n<\/tr>\n<tr>\n<td>Bildverarbeitungseinheit<\/td>\n<td>PARD VLEA<\/td>\n<\/tr>\n<\/tbody>\n<\/table>\n<p>&nbsp;<\/p>\n<table style=\"height: 195px;\" width=\"341\">\n<tbody>\n<tr>\n<th colspan=\"2\">Objektiv<\/th>\n<\/tr>\n<tr>\n<td>Objektivlinse (mm)<\/td>\n<td>50\/70<\/td>\n<\/tr>\n<tr>\n<td>Optische Vergr\u00f6\u00dferung (x)<\/td>\n<td>4,5x\/6,5x<\/td>\n<\/tr>\n<tr>\n<td>Digitaler Zoom (x)<\/td>\n<td>2x<\/td>\n<\/tr>\n<tr>\n<td>Kontinuierlicher digitaler Zoom (x)<\/td>\n<td>4,5-9x\/6,5-13x<\/td>\n<\/tr>\n<tr>\n<td>Sichtfeld (Horizontal)<\/td>\n<td>6,4\u00ba\/ 4,6\u00ba<\/td>\n<\/tr>\n<tr>\n<td>Sichtfeld (Vertikal)<\/td>\n<td>4,8\u00ba\/ 3,4\u00ba<\/td>\n<\/tr>\n<tr>\n<td>Sichtfeld (Diagonal)<\/td>\n<td>8,6\u00ba\/ 5,7\u00ba<\/td>\n<\/tr>\n<tr>\n<td>Fokusbereich<\/td>\n<td>3m-\u221e<\/td>\n<\/tr>\n<tr>\n<td>Augenabstand (mm)<\/td>\n<td>35<\/td>\n<\/tr>\n<tr>\n<td>Austrittspupille (mm)<\/td>\n<td>6<\/td>\n<\/tr>\n<tr>\n<td>Dioptrien-Einstellung (D)<\/td>\n<td>\u00b1 5<\/td>\n<\/tr>\n<\/tbody>\n<\/table>\n<p>&nbsp;<\/p>\n<table style=\"height: 195px;\" width=\"341\">\n<tbody>\n<tr>\n<th colspan=\"2\">IR-Illuminator<\/th>\n<\/tr>\n<tr>\n<td>IR-Typ<\/td>\n<td>VCSEL<\/td>\n<\/tr>\n<tr>\n<td>IR-Leistung (W)<\/td>\n<td>5<\/td>\n<\/tr>\n<tr>\n<td>IR-Beleuchtungsstufen<\/td>\n<td>3 Stufen<\/td>\n<\/tr>\n<tr>\n<td>IR-Reichweite (m)<\/td>\n<td>350<\/td>\n<\/tr>\n<tr>\n<td>IR-Wellenl\u00e4nge (nm)<\/td>\n<td>850\/940<\/td>\n<\/tr>\n<\/tbody>\n<\/table>\n<p>&nbsp;<\/p>\n<table style=\"height: 195px;\" width=\"341\">\n<tbody>\n<tr>\n<th colspan=\"2\">Anzeige<\/th>\n<\/tr>\n<tr>\n<td>Typ<\/td>\n<td>OLED<\/td>\n<\/tr>\n<tr>\n<td>Aufl\u00f6sung (Pixel)<\/td>\n<td>1440*1080<\/td>\n<\/tr>\n<tr>\n<td>Absehen-Stile<\/td>\n<td>6<\/td>\n<\/tr>\n<tr>\n<td>Absehen-Farbe<\/td>\n<td>wei\u00df\/gelb\/gr\u00fcn<\/td>\n<\/tr>\n<tr>\n<td>Farbmodus<\/td>\n<td>Farbe\/Schwarz-Wei\u00df<\/td>\n<\/tr>\n<\/tbody>\n<\/table>\n<p>&nbsp;<\/p>\n<table style=\"height: 195px;\" width=\"341\">\n<tbody>\n<tr>\n<th colspan=\"2\">Foto\/Video<\/th>\n<\/tr>\n<tr>\n<td>Fotoaufl\u00f6sung (Pixel)<\/td>\n<td>\u2013<\/td>\n<\/tr>\n<tr>\n<td>Fotoformat<\/td>\n<td>\u2013<\/td>\n<\/tr>\n<tr>\n<td>Videoaufl\u00f6sung (Pixel)<\/td>\n<td>1440*1080<\/td>\n<\/tr>\n<tr>\n<td>Videoformat<\/td>\n<td>.mp4<\/td>\n<\/tr>\n<tr>\n<td>Speicher (GB)<\/td>\n<td>Micro SD-Karte (Max. 128GB)<\/td>\n<\/tr>\n<\/tbody>\n<\/table>\n<p>&nbsp;<\/p>\n<table style=\"height: 195px;\" width=\"341\">\n<tbody>\n<tr>\n<th colspan=\"2\">Hauptfunktionen<\/th>\n<\/tr>\n<tr>\n<td>Rotpunktvisier<\/td>\n<td>Ja<\/td>\n<\/tr>\n<tr>\n<td>Stummschalttaste<\/td>\n<td>Ja<\/td>\n<\/tr>\n<tr>\n<td>PIP<\/td>\n<td>Ja<\/td>\n<\/tr>\n<tr>\n<td>LRF-Erkennungsbereich (m)<\/td>\n<td>5-1000 (LRF-Version)<\/td>\n<\/tr>\n<tr>\n<td>Ballistischer Rechner<\/td>\n<td>Ja<\/td>\n<\/tr>\n<tr>\n<td>Auswahl der Entfernungseinheit<\/td>\n<td>Meter\/Yard<\/td>\n<\/tr>\n<tr>\n<td>Gyroskop<\/td>\n<td>Ja<\/td>\n<\/tr>\n<tr>\n<td>Selbstaktivierte Aufnahme<\/td>\n<td>Ja<\/td>\n<\/tr>\n<tr>\n<td>Automatische Aufzeichnung<\/td>\n<td>Ja<\/td>\n<\/tr>\n<tr>\n<td>Schleifenaufnahme<\/td>\n<td>Ja<\/td>\n<\/tr>\n<tr>\n<td>Zeitstempel<\/td>\n<td>Ja<\/td>\n<\/tr>\n<tr>\n<td>Audioaufnahme<\/td>\n<td>Ja<\/td>\n<\/tr>\n<tr>\n<td>Signalton<\/td>\n<td>Ja<\/td>\n<\/tr>\n<tr>\n<td>Belichtungskorrektur<\/td>\n<td>Ja<\/td>\n<\/tr>\n<\/tbody>\n<\/table>\n<p>&nbsp;<\/p>\n<table style=\"height: 195px;\" width=\"341\">\n<tbody>\n<tr>\n<th colspan=\"2\">Anschl\u00fcsse<\/th>\n<\/tr>\n<tr>\n<td>USB Typ-C<\/td>\n<td>Ja<\/td>\n<\/tr>\n<tr>\n<td>WLAN<\/td>\n<td>Ja<\/td>\n<\/tr>\n<tr>\n<td>Unterst\u00fctzte Anwendungen<\/td>\n<td>PardVision<\/td>\n<\/tr>\n<\/tbody>\n<\/table>\n<p>&nbsp;<\/p>\n<table style=\"height: 195px;\" width=\"341\">\n<tbody>\n<tr>\n<th colspan=\"2\">Stromversorgung<\/th>\n<\/tr>\n<tr>\n<td>Batterietyp<\/td>\n<td>Lithium-Ionen 18650<\/td>\n<\/tr>\n<tr>\n<td>Ausgangsspannung (V)<\/td>\n<td>3,7<\/td>\n<\/tr>\n<tr>\n<td>Betriebsdauer (h, max.)<\/td>\n<td>8<\/td>\n<\/tr>\n<tr>\n<td>Externe Stromversorgung (V)<\/td>\n<td>USB Typ-C<\/td>\n<\/tr>\n<tr>\n<td>Umgebungseigenschaften<\/td>\n<td><\/td>\n<\/tr>\n<tr>\n<td>Betriebstemperatur (\u00b0C)<\/td>\n<td>-20 \u2013 50<\/td>\n<\/tr>\n<tr>\n<td>R\u00fccksto\u00dfkraft (J)<\/td>\n<td>6000<\/td>\n<\/tr>\n<\/tbody>\n<\/table>\n<p>&nbsp;<\/p>\n<table style=\"height: 195px;\" width=\"341\">\n<tbody>\n<tr>\n<th colspan=\"2\">Abmessungen<\/th>\n<\/tr>\n<tr>\n<td>Produktabmessungen (L x B x H, mm)<\/td>\n<td>175 x 70 x 55<\/td>\n<\/tr>\n<tr>\n<td>Nettogewicht\/St\u00fcck (mit\/ohne Batterie, g)<\/td>\n<td>495\/450<\/td>\n<\/tr>\n<\/tbody>\n<\/table>\n","protected":false},"excerpt":{"rendered":"<p>Das Pard NV008SP2 Nachtsichtger\u00e4t ist eine verbesserte Version des beliebten NV008S Infrarotger\u00e4ts, das f\u00fcr die Jagd konzipiert wurde. Das NV008SP2 verf\u00fcgt \u00fcber einen CMOS-Sensor der neuesten Generation mit einer Empfindlichkeit von 0,001 Lux, der die bestm\u00f6gliche Bildqualit\u00e4t bei einer Aufl\u00f6sung von 2688 x 1520 Pixeln gew\u00e4hrleistet. Dieses leichte Ger\u00e4t mit einem Gewicht von 450 Gramm [&#8230;]\n","protected":false},"featured_media":265385,"comment_status":"open","ping_status":"closed","template":"","meta":[],"product_brand":[],"product_cat":[1375],"product_tag":[],"class_list":{"0":"post-280582","1":"product","2":"type-product","3":"status-publish","4":"has-post-thumbnail","6":"product_cat-nachtsicht","8":"first","9":"instock","10":"taxable","11":"shipping-taxable","12":"purchasable","13":"product-type-variable"},"composite_virtual":false,"composite_layout":"","composite_add_to_cart_form_location":"","composite_editable_in_cart":false,"composite_sold_individually_context":"","composite_shop_price_calc":"","composite_components":[],"composite_scenarios":[],"group_of_quantity":0,"min_quantity":0,"max_quantity":"","exclude_order_quantity_value_rules":"no","exclude_category_quantity_rules":"no","combine_variations":"no","exclude_global_add_ons":[],"addons":[],"_links":{"self":[{"href":"https:\/\/www.huntersfriend.eu\/de\/wp-json\/wp\/v2\/product\/280582","targetHints":{"allow":["GET"]}}],"collection":[{"href":"https:\/\/www.huntersfriend.eu\/de\/wp-json\/wp\/v2\/product"}],"about":[{"href":"https:\/\/www.huntersfriend.eu\/de\/wp-json\/wp\/v2\/types\/product"}],"replies":[{"embeddable":true,"href":"https:\/\/www.huntersfriend.eu\/de\/wp-json\/wp\/v2\/comments?post=280582"}],"wp:featuredmedia":[{"embeddable":true,"href":"https:\/\/www.huntersfriend.eu\/de\/wp-json\/wp\/v2\/media\/265385"}],"wp:attachment":[{"href":"https:\/\/www.huntersfriend.eu\/de\/wp-json\/wp\/v2\/media?parent=280582"}],"wp:term":[{"taxonomy":"product_brand","embeddable":true,"href":"https:\/\/www.huntersfriend.eu\/de\/wp-json\/wp\/v2\/product_brand?post=280582"},{"taxonomy":"product_cat","embeddable":true,"href":"https:\/\/www.huntersfriend.eu\/de\/wp-json\/wp\/v2\/product_cat?post=280582"},{"taxonomy":"product_tag","embeddable":true,"href":"https:\/\/www.huntersfriend.eu\/de\/wp-json\/wp\/v2\/product_tag?post=280582"}],"curies":[{"name":"wp","href":"https:\/\/api.w.org\/{rel}","templated":true}]}}