{"id":280578,"date":"2024-03-14T11:09:16","date_gmt":"2025-06-23T07:53:17","guid":{"rendered":"https:\/\/www.huntersfriend.eu\/product\/eberlestock-multipack-tasche\/"},"modified":"2025-09-25T20:48:38","modified_gmt":"2025-09-25T18:48:38","slug":"eberlestock-multipack-tasche","status":"publish","type":"product","link":"https:\/\/www.huntersfriend.eu\/de\/produkt\/eberlestock-multipack-tasche\/","title":{"rendered":"Eberlestock MultiPack-Tasche"},"content":{"rendered":"<p>Der Multipack\u2122 besteht aus insgesamt 10 Taschen, darunter Seitentaschen mit Schnallenverschluss, die sich gut f\u00fcr einen GPS, einen Winddetektor und andere Gegenst\u00e4nde \u00e4hnlicher Gr\u00f6\u00dfe eignen. Das Hauptfach verf\u00fcgt \u00fcber eine innenliegende Rei\u00dfverschlusstasche sowie 5 elastische Taschen verschiedener Gr\u00f6\u00dfe. <\/p>\n<p>Der Multipack wurde entwickelt, um \u00fcberall dort befestigt zu werden, wo MOLLE-Gurtband vorhanden ist, kann aber auch mit den 20-mm-Schnallen an der Brustgurthalterung montiert werden, um unabh\u00e4ngig auf der Brust getragen zu werden.<\/p>\n<div>\n<p>TECHNISCHE<strong> SPEZIFIKATIONEN<\/strong><\/p>\n<ul>\n<li>Gesamtabmessungen: 15,2 cm H\u00f6he x 26,7 cm Breite x 7,6 cm Tiefe<\/li>\n<li>Abmessungen des Hauptfachs: 15,2 cm H\u00f6he x 20,3 cm x 7,6 cm Tiefe<\/li>\n<li>Gewicht: 227 g<\/li>\n<\/ul>\n<\/div>\n","protected":false},"excerpt":{"rendered":"<p>Der Multipack\u2122 besteht aus insgesamt 10 Taschen, darunter Seitentaschen mit Schnallenverschluss, die sich gut f\u00fcr einen GPS, einen Winddetektor und andere Gegenst\u00e4nde \u00e4hnlicher Gr\u00f6\u00dfe eignen. Das Hauptfach verf\u00fcgt \u00fcber eine innenliegende Rei\u00dfverschlusstasche sowie 5 elastische Taschen verschiedener Gr\u00f6\u00dfe. Der Multipack wurde entwickelt, um \u00fcberall dort befestigt zu werden, wo MOLLE-Gurtband vorhanden ist, kann aber auch [&#8230;]\n","protected":false},"featured_media":265831,"comment_status":"open","ping_status":"closed","template":"","meta":[],"product_brand":[],"product_cat":[1407],"product_tag":[],"class_list":{"0":"post-280578","1":"product","2":"type-product","3":"status-publish","4":"has-post-thumbnail","6":"product_cat-jagdrucksacke","8":"first","9":"instock","10":"taxable","11":"shipping-taxable","12":"purchasable","13":"product-type-variable"},"composite_virtual":false,"composite_layout":"","composite_add_to_cart_form_location":"","composite_editable_in_cart":false,"composite_sold_individually_context":"","composite_shop_price_calc":"","composite_components":[],"composite_scenarios":[],"group_of_quantity":0,"min_quantity":0,"max_quantity":"","exclude_order_quantity_value_rules":"no","exclude_category_quantity_rules":"no","combine_variations":"no","exclude_global_add_ons":[],"addons":[],"_links":{"self":[{"href":"https:\/\/www.huntersfriend.eu\/de\/wp-json\/wp\/v2\/product\/280578","targetHints":{"allow":["GET"]}}],"collection":[{"href":"https:\/\/www.huntersfriend.eu\/de\/wp-json\/wp\/v2\/product"}],"about":[{"href":"https:\/\/www.huntersfriend.eu\/de\/wp-json\/wp\/v2\/types\/product"}],"replies":[{"embeddable":true,"href":"https:\/\/www.huntersfriend.eu\/de\/wp-json\/wp\/v2\/comments?post=280578"}],"wp:featuredmedia":[{"embeddable":true,"href":"https:\/\/www.huntersfriend.eu\/de\/wp-json\/wp\/v2\/media\/265831"}],"wp:attachment":[{"href":"https:\/\/www.huntersfriend.eu\/de\/wp-json\/wp\/v2\/media?parent=280578"}],"wp:term":[{"taxonomy":"product_brand","embeddable":true,"href":"https:\/\/www.huntersfriend.eu\/de\/wp-json\/wp\/v2\/product_brand?post=280578"},{"taxonomy":"product_cat","embeddable":true,"href":"https:\/\/www.huntersfriend.eu\/de\/wp-json\/wp\/v2\/product_cat?post=280578"},{"taxonomy":"product_tag","embeddable":true,"href":"https:\/\/www.huntersfriend.eu\/de\/wp-json\/wp\/v2\/product_tag?post=280578"}],"curies":[{"name":"wp","href":"https:\/\/api.w.org\/{rel}","templated":true}]}}