{"id":280567,"date":"2024-03-15T01:14:08","date_gmt":"2025-06-23T07:53:13","guid":{"rendered":"https:\/\/www.huntersfriend.eu\/product\/hs-3-4-gesichtsmaske\/"},"modified":"2025-09-17T13:10:16","modified_gmt":"2025-09-17T11:10:16","slug":"hs-3-4-gesichtsmaske","status":"publish","type":"product","link":"https:\/\/www.huntersfriend.eu\/de\/produkt\/hs-3-4-gesichtsmaske\/","title":{"rendered":"HS 3\/4 Gesichtsmaske"},"content":{"rendered":"<p><span class=\"jCAhz ChMk0b\"><span class=\"ryNqvb\">Mit der HS Gesichtsmaske bedecken Sie Ihr Gesicht vor sich n\u00e4hernden Wildtieren und V\u00f6geln.<\/span><\/span> <span class=\"jCAhz ChMk0b\"><span class=\"ryNqvb\">Gleichzeitig verhindert das Netzmaterial die durch M\u00fccken verursachte Bel\u00e4stigung und ist atmungsaktiv.<\/span><\/span> <span class=\"jCAhz ChMk0b\"><span class=\"ryNqvb\">Die Gesichtsmaske ist in einer kleinen Gr\u00f6\u00dfe erh\u00e4ltlich und leicht zu transportieren.<\/span><\/span> <span class=\"jCAhz ChMk0b\"><span class=\"ryNqvb\">Eine 3\/4 Gesichtsmaske eignet sich beispielsweise f\u00fcr diejenigen, die gerne eine M\u00fctze tragen.<\/span><\/span><\/p>\n","protected":false},"excerpt":{"rendered":"<p>Mit der HS Gesichtsmaske bedecken Sie Ihr Gesicht vor sich n\u00e4hernden Wildtieren und V\u00f6geln. Gleichzeitig verhindert das Netzmaterial die durch M\u00fccken verursachte Bel\u00e4stigung und ist atmungsaktiv. Die Gesichtsmaske ist in einer kleinen Gr\u00f6\u00dfe erh\u00e4ltlich und leicht zu transportieren. Eine 3\/4 Gesichtsmaske eignet sich beispielsweise f\u00fcr diejenigen, die gerne eine M\u00fctze tragen.<\/p>\n","protected":false},"featured_media":265873,"comment_status":"open","ping_status":"closed","template":"","meta":[],"product_brand":[],"product_cat":[1380,1215],"product_tag":[],"class_list":{"0":"post-280567","1":"product","2":"type-product","3":"status-publish","4":"has-post-thumbnail","6":"product_cat-zubehor","7":"product_cat-handschuh-socken-und-kopfbedeckung","9":"first","10":"instock","11":"taxable","12":"shipping-taxable","13":"purchasable","14":"product-type-simple"},"composite_virtual":false,"composite_layout":"","composite_add_to_cart_form_location":"","composite_editable_in_cart":false,"composite_sold_individually_context":"","composite_shop_price_calc":"","composite_components":[],"composite_scenarios":[],"group_of_quantity":0,"min_quantity":0,"max_quantity":"","exclude_order_quantity_value_rules":"no","exclude_category_quantity_rules":"no","combine_variations":"no","exclude_global_add_ons":[],"addons":[],"_links":{"self":[{"href":"https:\/\/www.huntersfriend.eu\/de\/wp-json\/wp\/v2\/product\/280567","targetHints":{"allow":["GET"]}}],"collection":[{"href":"https:\/\/www.huntersfriend.eu\/de\/wp-json\/wp\/v2\/product"}],"about":[{"href":"https:\/\/www.huntersfriend.eu\/de\/wp-json\/wp\/v2\/types\/product"}],"replies":[{"embeddable":true,"href":"https:\/\/www.huntersfriend.eu\/de\/wp-json\/wp\/v2\/comments?post=280567"}],"wp:featuredmedia":[{"embeddable":true,"href":"https:\/\/www.huntersfriend.eu\/de\/wp-json\/wp\/v2\/media\/265873"}],"wp:attachment":[{"href":"https:\/\/www.huntersfriend.eu\/de\/wp-json\/wp\/v2\/media?parent=280567"}],"wp:term":[{"taxonomy":"product_brand","embeddable":true,"href":"https:\/\/www.huntersfriend.eu\/de\/wp-json\/wp\/v2\/product_brand?post=280567"},{"taxonomy":"product_cat","embeddable":true,"href":"https:\/\/www.huntersfriend.eu\/de\/wp-json\/wp\/v2\/product_cat?post=280567"},{"taxonomy":"product_tag","embeddable":true,"href":"https:\/\/www.huntersfriend.eu\/de\/wp-json\/wp\/v2\/product_tag?post=280567"}],"curies":[{"name":"wp","href":"https:\/\/api.w.org\/{rel}","templated":true}]}}