{"id":280564,"date":"2024-03-14T10:41:32","date_gmt":"2025-06-23T07:53:12","guid":{"rendered":"https:\/\/www.huntersfriend.eu\/product\/eberlestock-recon-modulares-fernglastragesystem\/"},"modified":"2025-12-15T20:05:48","modified_gmt":"2025-12-15T18:05:48","slug":"eberlestock-recon-modulares-fernglastragesystem","status":"publish","type":"product","link":"https:\/\/www.huntersfriend.eu\/de\/produkt\/eberlestock-recon-modulares-fernglastragesystem\/","title":{"rendered":"Eberlestock Recon modulares Fernglastragesystem"},"content":{"rendered":"<p>Das Recon Modulare Fernglastragesystem wurde mit Modularit\u00e4t im Vordergrund konzipiert und basiert auf einer Brustgurt-Plattform, die je nach Bedarf mit einer Reihe von Zubeh\u00f6rteilen erweitert oder reduziert werden kann. Es verf\u00fcgt \u00fcber einen magnetischen Zugriff mit Vorw\u00e4rtszug auf die Fernglastasche, eine leicht zug\u00e4ngliche gro\u00dfe Rei\u00dfverschlusstasche vorne und dehnbare Seitentaschen. Zwei Fernglasbefestigungen im Inneren halten Ihr Fernglas sicher. Flache, MOLLE-kompatible Seitenfl\u00fcgel und eine R\u00fcckwand erm\u00f6glichen es Ihnen, Recon-Taschen und Zubeh\u00f6r sicher anzubringen.   <\/p>\n<p>&#8222;Die einstimmige Wahl als bestes Fernglastragesystem in unserem Bereich ist das Eberlestock Recon, das hervorragenden Schutz f\u00fcr das Fernglas bietet. Sein Hauptvorteil liegt jedoch in der Leichtigkeit, mit der Zubeh\u00f6r an der Basiseinheit befestigt werden kann.<\/p>\n<p>Das Basis-Recon erf\u00fcllt seine Aufgabe, ein Fernglas zu tragen und zu sch\u00fctzen, mit Stil und Leichtigkeit und ist eines der <strong>besten Allround-Fernglastragesysteme<\/strong>, die unsere Tester je erlebt haben.&#8220; &#8211; Outdoor Life<\/p>\n<div>\n<p>TECHNISCHE<strong> SPEZIFIKATIONEN<\/strong><\/p>\n<ul>\n<li>Gro\u00dfe Innenabmessungen: 22,9 cm H x 14 cm B x 6,4 cm T<\/li>\n<li>Kleine Innenabmessungen: 20,3 cm H x 14 cm B x 6,4 cm T<\/li>\n<li>Gewicht: 385 g<\/li>\n<li>Einheitsgr\u00f6\u00dfe passend f\u00fcr die meisten<\/li>\n<\/ul>\n<\/div>\n<div>\n<p>RUCKSACK<strong> MERKMALE<\/strong><\/p>\n<ul>\n<li>Magnetverschluss zur sicheren und zug\u00e4nglichen Aufbewahrung des Fernglases<\/li>\n<li>EMOD-kompatibel mit sechs verf\u00fcgbaren Zubeh\u00f6rteilen<\/li>\n<li>Leicht zug\u00e4ngliche gro\u00dfe Rei\u00dfverschlusstasche vorne<\/li>\n<li>Doppelte dehnbare Seitentaschen<\/li>\n<li>Verstellbarer Schultergurt mit Vorw\u00e4rtszug<\/li>\n<li>Flache, MOLLE-kompatible Seitenfl\u00fcgel<\/li>\n<\/ul>\n<\/div>\n","protected":false},"excerpt":{"rendered":"<p>Das Recon Modulare Fernglastragesystem wurde mit Modularit\u00e4t im Vordergrund konzipiert und basiert auf einer Brustgurt-Plattform, die je nach Bedarf mit einer Reihe von Zubeh\u00f6rteilen erweitert oder reduziert werden kann. Es verf\u00fcgt \u00fcber einen magnetischen Zugriff mit Vorw\u00e4rtszug auf die Fernglastasche, eine leicht zug\u00e4ngliche gro\u00dfe Rei\u00dfverschlusstasche vorne und dehnbare Seitentaschen. Zwei Fernglasbefestigungen im Inneren halten Ihr [&#8230;]\n","protected":false},"featured_media":265809,"comment_status":"open","ping_status":"closed","template":"","meta":[],"product_brand":[],"product_cat":[1773],"product_tag":[],"class_list":{"0":"post-280564","1":"product","2":"type-product","3":"status-publish","4":"has-post-thumbnail","6":"product_cat-bino-harnesses-de","8":"first","9":"instock","10":"taxable","11":"shipping-taxable","12":"purchasable","13":"product-type-variable"},"composite_virtual":false,"composite_layout":"","composite_add_to_cart_form_location":"","composite_editable_in_cart":false,"composite_sold_individually_context":"","composite_shop_price_calc":"","composite_components":[],"composite_scenarios":[],"group_of_quantity":0,"min_quantity":0,"max_quantity":"","exclude_order_quantity_value_rules":"no","exclude_category_quantity_rules":"no","combine_variations":"no","exclude_global_add_ons":[],"addons":[],"_links":{"self":[{"href":"https:\/\/www.huntersfriend.eu\/de\/wp-json\/wp\/v2\/product\/280564","targetHints":{"allow":["GET"]}}],"collection":[{"href":"https:\/\/www.huntersfriend.eu\/de\/wp-json\/wp\/v2\/product"}],"about":[{"href":"https:\/\/www.huntersfriend.eu\/de\/wp-json\/wp\/v2\/types\/product"}],"replies":[{"embeddable":true,"href":"https:\/\/www.huntersfriend.eu\/de\/wp-json\/wp\/v2\/comments?post=280564"}],"wp:featuredmedia":[{"embeddable":true,"href":"https:\/\/www.huntersfriend.eu\/de\/wp-json\/wp\/v2\/media\/265809"}],"wp:attachment":[{"href":"https:\/\/www.huntersfriend.eu\/de\/wp-json\/wp\/v2\/media?parent=280564"}],"wp:term":[{"taxonomy":"product_brand","embeddable":true,"href":"https:\/\/www.huntersfriend.eu\/de\/wp-json\/wp\/v2\/product_brand?post=280564"},{"taxonomy":"product_cat","embeddable":true,"href":"https:\/\/www.huntersfriend.eu\/de\/wp-json\/wp\/v2\/product_cat?post=280564"},{"taxonomy":"product_tag","embeddable":true,"href":"https:\/\/www.huntersfriend.eu\/de\/wp-json\/wp\/v2\/product_tag?post=280564"}],"curies":[{"name":"wp","href":"https:\/\/api.w.org\/{rel}","templated":true}]}}