{"id":280562,"date":"2024-03-14T11:42:01","date_gmt":"2025-06-23T07:53:11","guid":{"rendered":"https:\/\/www.huntersfriend.eu\/product\/eberlestock-boned-out-wildtasche\/"},"modified":"2025-06-23T09:53:11","modified_gmt":"2025-06-23T07:53:11","slug":"eberlestock-boned-out-wildtasche","status":"publish","type":"product","link":"https:\/\/www.huntersfriend.eu\/de\/produkt\/eberlestock-boned-out-wildtasche\/","title":{"rendered":"Eberlestock Boned-Out-Wildtasche"},"content":{"rendered":"<p><span style=\"font-weight: 400;\">Die EMOD Boned-Out-Wildtaschen sind konzipiert, um Fleisch vor jeglichen Elementen zu sch\u00fctzen und erm\u00f6glichen eine schnelle Abk\u00fchlung und Trocknung. Die Tasche ist aus leichten, atmungsaktiven und strapazierf\u00e4higen Materialien gefertigt, die Ger\u00fcche einfangen und nicht versagen.  <\/span><\/p>\n<p><span style=\"font-weight: 400;\">Leichte Gurtbandschlaufen unterst\u00fctzen die Befestigung der Tasche an unserem EMOD-System.<\/span><\/p>\n<p>Die Eberlestock Boned-Out-Wildtaschen sind in zwei Gr\u00f6\u00dfen erh\u00e4ltlich. Sowohl die mittlere als auch die gro\u00dfe Ausf\u00fchrung sind so konzipiert, dass sie perfekt zwischen Rahmen und Rucksack passen. <\/p>\n<p class=\"x_MsoNormal\">Boned-Out Medium: 45,7 cm H x 24,1 cm B x 15,2 cm T &#8211; 85 g<\/p>\n<p class=\"x_MsoNormal\">Boned-Out Large: 55,9 cm H x 25,4 cm B x 20,3 cm T &#8211; 113 g<\/p>\n","protected":false},"excerpt":{"rendered":"<p>Die EMOD Boned-Out-Wildtaschen sind konzipiert, um Fleisch vor jeglichen Elementen zu sch\u00fctzen und erm\u00f6glichen eine schnelle Abk\u00fchlung und Trocknung. Die Tasche ist aus leichten, atmungsaktiven und strapazierf\u00e4higen Materialien gefertigt, die Ger\u00fcche einfangen und nicht versagen. Leichte Gurtbandschlaufen unterst\u00fctzen die Befestigung der Tasche an unserem EMOD-System. Die Eberlestock Boned-Out-Wildtaschen sind in zwei Gr\u00f6\u00dfen erh\u00e4ltlich. Sowohl die [&#8230;]\n","protected":false},"featured_media":265861,"comment_status":"open","ping_status":"closed","template":"","meta":[],"product_brand":[],"product_cat":[1774,1407],"product_tag":[],"class_list":{"0":"post-280562","1":"product","2":"type-product","3":"status-publish","4":"has-post-thumbnail","6":"product_cat-jagd-rucksacke","7":"product_cat-jagdrucksacke","9":"first","10":"outofstock","11":"taxable","12":"shipping-taxable","13":"purchasable","14":"product-type-variable"},"composite_virtual":false,"composite_layout":"","composite_add_to_cart_form_location":"","composite_editable_in_cart":false,"composite_sold_individually_context":"","composite_shop_price_calc":"","composite_components":[],"composite_scenarios":[],"group_of_quantity":0,"min_quantity":0,"max_quantity":"","exclude_order_quantity_value_rules":"no","exclude_category_quantity_rules":"no","combine_variations":"no","exclude_global_add_ons":[],"addons":[],"_links":{"self":[{"href":"https:\/\/www.huntersfriend.eu\/de\/wp-json\/wp\/v2\/product\/280562","targetHints":{"allow":["GET"]}}],"collection":[{"href":"https:\/\/www.huntersfriend.eu\/de\/wp-json\/wp\/v2\/product"}],"about":[{"href":"https:\/\/www.huntersfriend.eu\/de\/wp-json\/wp\/v2\/types\/product"}],"replies":[{"embeddable":true,"href":"https:\/\/www.huntersfriend.eu\/de\/wp-json\/wp\/v2\/comments?post=280562"}],"wp:featuredmedia":[{"embeddable":true,"href":"https:\/\/www.huntersfriend.eu\/de\/wp-json\/wp\/v2\/media\/265861"}],"wp:attachment":[{"href":"https:\/\/www.huntersfriend.eu\/de\/wp-json\/wp\/v2\/media?parent=280562"}],"wp:term":[{"taxonomy":"product_brand","embeddable":true,"href":"https:\/\/www.huntersfriend.eu\/de\/wp-json\/wp\/v2\/product_brand?post=280562"},{"taxonomy":"product_cat","embeddable":true,"href":"https:\/\/www.huntersfriend.eu\/de\/wp-json\/wp\/v2\/product_cat?post=280562"},{"taxonomy":"product_tag","embeddable":true,"href":"https:\/\/www.huntersfriend.eu\/de\/wp-json\/wp\/v2\/product_tag?post=280562"}],"curies":[{"name":"wp","href":"https:\/\/api.w.org\/{rel}","templated":true}]}}