{"id":280556,"date":"2024-03-14T10:20:28","date_gmt":"2025-06-23T07:53:09","guid":{"rendered":"https:\/\/www.huntersfriend.eu\/product\/eberlestock-rucksack-montierte-schiessauflage\/"},"modified":"2025-07-31T14:01:33","modified_gmt":"2025-07-31T12:01:33","slug":"eberlestock-rucksack-montierte-schiessauflage","status":"publish","type":"product","link":"https:\/\/www.huntersfriend.eu\/de\/produkt\/eberlestock-rucksack-montierte-schiessauflage\/","title":{"rendered":"Eberlestock Rucksack-montierte Schie\u00dfauflage"},"content":{"rendered":"<p>Die ultraleichte, rucksackmontierte Schie\u00dfauflage dient als vorgefertigter Schie\u00dfkanal f\u00fcr eine schnelle und stabile Zielerfassung. Sie k\u00f6nnen sie an jeder 3-breiten MOLLE-Platte mit den eingebauten Befestigungsclips anbringen. Diese einfache Auflage ist eine ausgezeichnete, leichtgewichtige Alternative zu Schie\u00dfst\u00f6cken, Zweibeinauflagen und hardwarebasierten Schie\u00dfauflagen.  <\/p>\n<p><strong>PRODUKTINFORMATIONEN<\/strong><\/p>\n<ul>\n<li>Abmessungen: 15,24 cm H x 15,24 cm B x 7,62 cm T<\/li>\n<li>Gewicht: 85 g<\/li>\n<\/ul>\n","protected":false},"excerpt":{"rendered":"<p>Die ultraleichte, rucksackmontierte Schie\u00dfauflage dient als vorgefertigter Schie\u00dfkanal f\u00fcr eine schnelle und stabile Zielerfassung. Sie k\u00f6nnen sie an jeder 3-breiten MOLLE-Platte mit den eingebauten Befestigungsclips anbringen. Diese einfache Auflage ist eine ausgezeichnete, leichtgewichtige Alternative zu Schie\u00dfst\u00f6cken, Zweibeinauflagen und hardwarebasierten Schie\u00dfauflagen. PRODUKTINFORMATIONEN Abmessungen: 15,24 cm H x 15,24 cm B x 7,62 cm T Gewicht: 85 [&#8230;]\n","protected":false},"featured_media":265802,"comment_status":"open","ping_status":"closed","template":"","meta":[],"product_brand":[],"product_cat":[1407],"product_tag":[],"class_list":{"0":"post-280556","1":"product","2":"type-product","3":"status-publish","4":"has-post-thumbnail","6":"product_cat-jagdrucksacke","8":"first","9":"instock","10":"taxable","11":"shipping-taxable","12":"purchasable","13":"product-type-variable"},"composite_virtual":false,"composite_layout":"","composite_add_to_cart_form_location":"","composite_editable_in_cart":false,"composite_sold_individually_context":"","composite_shop_price_calc":"","composite_components":[],"composite_scenarios":[],"group_of_quantity":0,"min_quantity":0,"max_quantity":"","exclude_order_quantity_value_rules":"no","exclude_category_quantity_rules":"no","combine_variations":"no","exclude_global_add_ons":[],"addons":[],"_links":{"self":[{"href":"https:\/\/www.huntersfriend.eu\/de\/wp-json\/wp\/v2\/product\/280556","targetHints":{"allow":["GET"]}}],"collection":[{"href":"https:\/\/www.huntersfriend.eu\/de\/wp-json\/wp\/v2\/product"}],"about":[{"href":"https:\/\/www.huntersfriend.eu\/de\/wp-json\/wp\/v2\/types\/product"}],"replies":[{"embeddable":true,"href":"https:\/\/www.huntersfriend.eu\/de\/wp-json\/wp\/v2\/comments?post=280556"}],"wp:featuredmedia":[{"embeddable":true,"href":"https:\/\/www.huntersfriend.eu\/de\/wp-json\/wp\/v2\/media\/265802"}],"wp:attachment":[{"href":"https:\/\/www.huntersfriend.eu\/de\/wp-json\/wp\/v2\/media?parent=280556"}],"wp:term":[{"taxonomy":"product_brand","embeddable":true,"href":"https:\/\/www.huntersfriend.eu\/de\/wp-json\/wp\/v2\/product_brand?post=280556"},{"taxonomy":"product_cat","embeddable":true,"href":"https:\/\/www.huntersfriend.eu\/de\/wp-json\/wp\/v2\/product_cat?post=280556"},{"taxonomy":"product_tag","embeddable":true,"href":"https:\/\/www.huntersfriend.eu\/de\/wp-json\/wp\/v2\/product_tag?post=280556"}],"curies":[{"name":"wp","href":"https:\/\/api.w.org\/{rel}","templated":true}]}}