{"id":280555,"date":"2024-03-14T11:35:16","date_gmt":"2025-06-23T07:53:08","guid":{"rendered":"https:\/\/www.huntersfriend.eu\/product\/eberlestock-emod-viertel-wildtasche\/"},"modified":"2025-10-18T05:29:42","modified_gmt":"2025-10-18T03:29:42","slug":"eberlestock-emod-viertel-wildtasche","status":"publish","type":"product","link":"https:\/\/www.huntersfriend.eu\/de\/produkt\/eberlestock-emod-viertel-wildtasche\/","title":{"rendered":"Eberlestock EMOD Viertel-Wildtasche"},"content":{"rendered":"<p>Die EMOD Viertel-Wildtasche ist konzipiert, um Fleisch vor jeglichen Elementen zu sch\u00fctzen und erm\u00f6glicht ein schnelles Abk\u00fchlen und Trocknen. Die Tasche ist aus leichten, atmungsaktiven und strapazierf\u00e4higen Materialien gefertigt, die Ger\u00fcche einfangen und nicht versagen werden. <\/p>\n<p>Leichte Gurtbandschlaufen unterst\u00fctzen die Befestigung der Tasche an unserem EMOD-System.<\/p>\n<p>Eberlestock EMOD Viertel-Wildtaschen sind in zwei Gr\u00f6\u00dfen erh\u00e4ltlich, um alle Wildtypen und Abtransportszenarien abzudecken. Sowohl die mittleren als auch die gro\u00dfen Taschen werden als 2er-Sets verkauft und werden in einem mitgelieferten Packsack geliefert. <\/p>\n<p class=\"x_MsoNormal\">Viertel-Tasche Medium: 81,28 cm H x 50,8 cm B x 10,16 cm T &#8211; 226,8 g Gesamtgewicht pro Set<\/p>\n<p class=\"x_MsoNormal\">Viertel-Tasche Gro\u00df: 106,68 cm H x 60,96 cm B x 10,16 cm T &#8211; 297,67 g Gesamtgewicht pro Set<\/p>\n","protected":false},"excerpt":{"rendered":"<p>Die EMOD Viertel-Wildtasche ist konzipiert, um Fleisch vor jeglichen Elementen zu sch\u00fctzen und erm\u00f6glicht ein schnelles Abk\u00fchlen und Trocknen. Die Tasche ist aus leichten, atmungsaktiven und strapazierf\u00e4higen Materialien gefertigt, die Ger\u00fcche einfangen und nicht versagen werden. Leichte Gurtbandschlaufen unterst\u00fctzen die Befestigung der Tasche an unserem EMOD-System. Eberlestock EMOD Viertel-Wildtaschen sind in zwei Gr\u00f6\u00dfen erh\u00e4ltlich, um [&#8230;]\n","protected":false},"featured_media":265845,"comment_status":"open","ping_status":"closed","template":"","meta":[],"product_brand":[],"product_cat":[1774,1407],"product_tag":[],"class_list":{"0":"post-280555","1":"product","2":"type-product","3":"status-publish","4":"has-post-thumbnail","6":"product_cat-jagd-rucksacke","7":"product_cat-jagdrucksacke","9":"first","10":"instock","11":"taxable","12":"shipping-taxable","13":"purchasable","14":"product-type-variable"},"composite_virtual":false,"composite_layout":"","composite_add_to_cart_form_location":"","composite_editable_in_cart":false,"composite_sold_individually_context":"","composite_shop_price_calc":"","composite_components":[],"composite_scenarios":[],"group_of_quantity":0,"min_quantity":0,"max_quantity":"","exclude_order_quantity_value_rules":"no","exclude_category_quantity_rules":"no","combine_variations":"no","exclude_global_add_ons":[],"addons":[],"_links":{"self":[{"href":"https:\/\/www.huntersfriend.eu\/de\/wp-json\/wp\/v2\/product\/280555","targetHints":{"allow":["GET"]}}],"collection":[{"href":"https:\/\/www.huntersfriend.eu\/de\/wp-json\/wp\/v2\/product"}],"about":[{"href":"https:\/\/www.huntersfriend.eu\/de\/wp-json\/wp\/v2\/types\/product"}],"replies":[{"embeddable":true,"href":"https:\/\/www.huntersfriend.eu\/de\/wp-json\/wp\/v2\/comments?post=280555"}],"wp:featuredmedia":[{"embeddable":true,"href":"https:\/\/www.huntersfriend.eu\/de\/wp-json\/wp\/v2\/media\/265845"}],"wp:attachment":[{"href":"https:\/\/www.huntersfriend.eu\/de\/wp-json\/wp\/v2\/media?parent=280555"}],"wp:term":[{"taxonomy":"product_brand","embeddable":true,"href":"https:\/\/www.huntersfriend.eu\/de\/wp-json\/wp\/v2\/product_brand?post=280555"},{"taxonomy":"product_cat","embeddable":true,"href":"https:\/\/www.huntersfriend.eu\/de\/wp-json\/wp\/v2\/product_cat?post=280555"},{"taxonomy":"product_tag","embeddable":true,"href":"https:\/\/www.huntersfriend.eu\/de\/wp-json\/wp\/v2\/product_tag?post=280555"}],"curies":[{"name":"wp","href":"https:\/\/api.w.org\/{rel}","templated":true}]}}