{"id":280548,"date":"2024-03-14T09:17:14","date_gmt":"2025-06-23T07:53:05","guid":{"rendered":"https:\/\/www.huntersfriend.eu\/product\/eberlestock-x2-rucksack-v2\/"},"modified":"2025-08-26T11:39:45","modified_gmt":"2025-08-26T09:39:45","slug":"eberlestock-x2-rucksack-v2","status":"publish","type":"product","link":"https:\/\/www.huntersfriend.eu\/de\/produkt\/eberlestock-x2-rucksack-v2\/","title":{"rendered":"Eberlestock X2 Rucksack V2"},"content":{"rendered":"<p><strong>Ideal f\u00fcr Sattelj\u00e4ger. Dieser Rucksack verf\u00fcgt \u00fcber Fl\u00fcgel, um Ihre Schritte an Ort und Stelle zu halten, und bietet reichlich Innenraum f\u00fcr Ihre Plattform und den Sattel. <\/strong><\/p>\n<p>Der kompakte X2\u2122 ist mit unserem integrierten Intex II Aluminiumrahmen konzipiert, um betr\u00e4chtliche Lasten m\u00fchelos zu tragen. \u00dcberdimensionierte Kompressionsriemen erm\u00f6glichen es Ihnen, Jagdbeute sicher am \u00c4u\u00dferen des Rucksacks zu befestigen. MOLLE-Webbing am Hauptfach, an den Seiten und am Boden des X2 macht ihn kompatibel mit unserem Bolt Action Scabbard oder ButtBucket f\u00fcr den Transport von Gewehr oder Bogen. Das ger\u00e4umige FlexChassis\u2122 l\u00e4sst sich zusammenklappen und dient als komfortabler Sitz.   <\/p>\n<p>TECHNISCHE <strong>SPEZIFIKATIONEN<\/strong><\/p>\n<ul>\n<li>Volumen: 2450 c.i. \/ 40,15 L<\/li>\n<li>Gewicht: 2,49 kg<\/li>\n<li>Abmessungen: 61 cm H x 44,5 cm B x 20,3 cm T<\/li>\n<\/ul>\n<p>RUCKSACK <strong>FUNKTIONEN<\/strong><\/p>\n<ul>\n<li>Verl\u00e4ngerter Rahmen<\/li>\n<li>Frontaler Rei\u00dfverschlusszugang<\/li>\n<li>Schwimmender Oberdeckel<\/li>\n<li>Dehnbare Rei\u00dfverschlusstaschen<\/li>\n<li>Mittige Hydratationsm\u00f6glichkeit<\/li>\n<li>Verwenden Sie unsere <strong>Small Reversible Rain Cover<\/strong> f\u00fcr Wetterschutz<\/li>\n<\/ul>\n","protected":false},"excerpt":{"rendered":"<p>Ideal f\u00fcr Sattelj\u00e4ger. Dieser Rucksack verf\u00fcgt \u00fcber Fl\u00fcgel, um Ihre Schritte an Ort und Stelle zu halten, und bietet reichlich Innenraum f\u00fcr Ihre Plattform und den Sattel. Der kompakte X2\u2122 ist mit unserem integrierten Intex II Aluminiumrahmen konzipiert, um betr\u00e4chtliche Lasten m\u00fchelos zu tragen. \u00dcberdimensionierte Kompressionsriemen erm\u00f6glichen es Ihnen, Jagdbeute sicher am \u00c4u\u00dferen des Rucksacks [&#8230;]\n","protected":false},"featured_media":265782,"comment_status":"open","ping_status":"closed","template":"","meta":[],"product_brand":[],"product_cat":[1407],"product_tag":[],"class_list":{"0":"post-280548","1":"product","2":"type-product","3":"status-publish","4":"has-post-thumbnail","6":"product_cat-jagdrucksacke","7":"product_shipping_class-medium-de","9":"first","10":"instock","11":"taxable","12":"shipping-taxable","13":"purchasable","14":"product-type-variable"},"composite_virtual":false,"composite_layout":"","composite_add_to_cart_form_location":"","composite_editable_in_cart":false,"composite_sold_individually_context":"","composite_shop_price_calc":"","composite_components":[],"composite_scenarios":[],"group_of_quantity":0,"min_quantity":0,"max_quantity":"","exclude_order_quantity_value_rules":"no","exclude_category_quantity_rules":"no","combine_variations":"no","exclude_global_add_ons":[],"addons":[],"_links":{"self":[{"href":"https:\/\/www.huntersfriend.eu\/de\/wp-json\/wp\/v2\/product\/280548","targetHints":{"allow":["GET"]}}],"collection":[{"href":"https:\/\/www.huntersfriend.eu\/de\/wp-json\/wp\/v2\/product"}],"about":[{"href":"https:\/\/www.huntersfriend.eu\/de\/wp-json\/wp\/v2\/types\/product"}],"replies":[{"embeddable":true,"href":"https:\/\/www.huntersfriend.eu\/de\/wp-json\/wp\/v2\/comments?post=280548"}],"wp:featuredmedia":[{"embeddable":true,"href":"https:\/\/www.huntersfriend.eu\/de\/wp-json\/wp\/v2\/media\/265782"}],"wp:attachment":[{"href":"https:\/\/www.huntersfriend.eu\/de\/wp-json\/wp\/v2\/media?parent=280548"}],"wp:term":[{"taxonomy":"product_brand","embeddable":true,"href":"https:\/\/www.huntersfriend.eu\/de\/wp-json\/wp\/v2\/product_brand?post=280548"},{"taxonomy":"product_cat","embeddable":true,"href":"https:\/\/www.huntersfriend.eu\/de\/wp-json\/wp\/v2\/product_cat?post=280548"},{"taxonomy":"product_tag","embeddable":true,"href":"https:\/\/www.huntersfriend.eu\/de\/wp-json\/wp\/v2\/product_tag?post=280548"}],"curies":[{"name":"wp","href":"https:\/\/api.w.org\/{rel}","templated":true}]}}