{"id":280545,"date":"2024-03-14T11:24:42","date_gmt":"2025-06-23T07:53:02","guid":{"rendered":"https:\/\/www.huntersfriend.eu\/product\/eberlestock-federleicht-rucksack-regenschutz\/"},"modified":"2025-07-18T05:26:16","modified_gmt":"2025-07-18T03:26:16","slug":"eberlestock-federleicht-rucksack-regenschutz","status":"publish","type":"product","link":"https:\/\/www.huntersfriend.eu\/de\/produkt\/eberlestock-federleicht-rucksack-regenschutz\/","title":{"rendered":"Eberlestock Federleicht-Rucksack Regenschutz"},"content":{"rendered":"<p>Eberlestock Federleicht-Regenschutzh\u00fcllen sind eine kompakte und exzellente Erg\u00e4nzung f\u00fcr jeden Rucksack. \u00c4hnlich wie unsere reversiblen Schutzh\u00fcllen sind diese konzipiert, um entweder den gesamten Rucksack samt einer mitgef\u00fchrten Waffe zu bedecken oder lediglich den Rucksack selbst, sodass Sie eine Waffe aus der Halterung entnehmen k\u00f6nnen. Hochwertig polyurethan-beschichtetes Nylon.  <\/p>\n<p><strong>PRODUKTINFORMATIONEN<\/strong><\/p>\n<ul>\n<li>Gewicht: 113 g<\/li>\n<li>Kleine Abmessungen &#8211; 89 cm H\u00f6he x 76 cm Breite x 38 cm Tiefe<\/li>\n<li>Gro\u00dfe Abmessungen &#8211; 102 cm H\u00f6he x 102 cm Breite x 46 cm Tiefe<\/li>\n<li>\n<\/li>\n<\/ul>\n","protected":false},"excerpt":{"rendered":"<p>Eberlestock Federleicht-Regenschutzh\u00fcllen sind eine kompakte und exzellente Erg\u00e4nzung f\u00fcr jeden Rucksack. \u00c4hnlich wie unsere reversiblen Schutzh\u00fcllen sind diese konzipiert, um entweder den gesamten Rucksack samt einer mitgef\u00fchrten Waffe zu bedecken oder lediglich den Rucksack selbst, sodass Sie eine Waffe aus der Halterung entnehmen k\u00f6nnen. Hochwertig polyurethan-beschichtetes Nylon. PRODUKTINFORMATIONEN Gewicht: 113 g Kleine Abmessungen &#8211; 89 [&#8230;]\n","protected":false},"featured_media":265791,"comment_status":"open","ping_status":"closed","template":"","meta":[],"product_brand":[],"product_cat":[1407],"product_tag":[],"class_list":{"0":"post-280545","1":"product","2":"type-product","3":"status-publish","4":"has-post-thumbnail","6":"product_cat-jagdrucksacke","8":"first","9":"instock","10":"taxable","11":"shipping-taxable","12":"purchasable","13":"product-type-variable"},"composite_virtual":false,"composite_layout":"","composite_add_to_cart_form_location":"","composite_editable_in_cart":false,"composite_sold_individually_context":"","composite_shop_price_calc":"","composite_components":[],"composite_scenarios":[],"group_of_quantity":0,"min_quantity":0,"max_quantity":"","exclude_order_quantity_value_rules":"no","exclude_category_quantity_rules":"no","combine_variations":"no","exclude_global_add_ons":[],"addons":[],"_links":{"self":[{"href":"https:\/\/www.huntersfriend.eu\/de\/wp-json\/wp\/v2\/product\/280545","targetHints":{"allow":["GET"]}}],"collection":[{"href":"https:\/\/www.huntersfriend.eu\/de\/wp-json\/wp\/v2\/product"}],"about":[{"href":"https:\/\/www.huntersfriend.eu\/de\/wp-json\/wp\/v2\/types\/product"}],"replies":[{"embeddable":true,"href":"https:\/\/www.huntersfriend.eu\/de\/wp-json\/wp\/v2\/comments?post=280545"}],"wp:featuredmedia":[{"embeddable":true,"href":"https:\/\/www.huntersfriend.eu\/de\/wp-json\/wp\/v2\/media\/265791"}],"wp:attachment":[{"href":"https:\/\/www.huntersfriend.eu\/de\/wp-json\/wp\/v2\/media?parent=280545"}],"wp:term":[{"taxonomy":"product_brand","embeddable":true,"href":"https:\/\/www.huntersfriend.eu\/de\/wp-json\/wp\/v2\/product_brand?post=280545"},{"taxonomy":"product_cat","embeddable":true,"href":"https:\/\/www.huntersfriend.eu\/de\/wp-json\/wp\/v2\/product_cat?post=280545"},{"taxonomy":"product_tag","embeddable":true,"href":"https:\/\/www.huntersfriend.eu\/de\/wp-json\/wp\/v2\/product_tag?post=280545"}],"curies":[{"name":"wp","href":"https:\/\/api.w.org\/{rel}","templated":true}]}}