{"id":280544,"date":"2024-03-14T01:32:07","date_gmt":"2024-03-13T23:32:07","guid":{"rendered":"https:\/\/www.huntersfriend.eu\/product\/qad-integrate-mx2-pfeilauflage-rechtshand\/"},"modified":"2026-04-17T13:14:49","modified_gmt":"2026-04-17T11:14:49","slug":"qad-integrate-mx2-pfeilauflage-rechtshand","status":"publish","type":"product","link":"https:\/\/www.huntersfriend.eu\/de\/produkt\/qad-integrate-mx2-pfeilauflage-rechtshand\/","title":{"rendered":"QAD Integrate MX2 Pfeilauflage Rechtshand"},"content":{"rendered":"<p>Die <strong>ULTRAREST\u00ae Integrate MX2<\/strong> ist eine hochmoderne Fallaway-Pfeilauflage, die von <strong>Quality Archery Designs (QAD)<\/strong> entwickelt wurde.<\/p>\n<ol>\n<li><strong>Mikro-Klick-Technologie<\/strong>:\n<ul>\n<li>Die Integrate MX2\u00ae verf\u00fcgt \u00fcber erstklassige Mikro-Klick-Technologie. Mit einer einfachen Drehung des Knopfes k\u00f6nnen Sie pr\u00e4zise Anpassungen an Ihrem Schuss vornehmen. <\/li>\n<li>Jeder Klick entspricht einer Anpassung von <strong>0,0019 Zoll<\/strong>, was h\u00f6chste Pr\u00e4zision gew\u00e4hrleistet.<\/li>\n<li>Die Auflage verf\u00fcgt \u00fcber maschinell gefertigte Skalenstriche und Richtungspfeile, die Feinanpassungen zum Kinderspiel machen.<\/li>\n<\/ul>\n<\/li>\n<li><strong>Konstruktion und Materialien<\/strong>:\n<ul>\n<li>Die Integrate MX2\u00ae ist f\u00fcr raue Bedingungen konzipiert. Ihr Geh\u00e4use, der Launcher und die Pfeilf\u00fchrungskomponenten sind alle aus <strong>pr\u00e4zisionsgefr\u00e4stem, luftfahrttauglichem Aluminium<\/strong> gefertigt. <\/li>\n<li>Dieser Verzicht auf Kunststoffteile gew\u00e4hrleistet Haltbarkeit und Zuverl\u00e4ssigkeit.<\/li>\n<li>Dar\u00fcber hinaus verf\u00fcgt die Auflage \u00fcber eine <strong>Null-R\u00fcckprall-Technologie<\/strong>, die den Erwartungen anspruchsvoller Bogensch\u00fctzen gerecht wird.<\/li>\n<\/ul>\n<\/li>\n<li><strong>Zus\u00e4tzliche Funktionen<\/strong>:\n<ul>\n<li><strong>Totale Pfeilf\u00fchrung<\/strong>: Die Auflage h\u00e4lt Ihren Pfeil w\u00e4hrend des gesamten Spannvorgangs sicher fest.<\/li>\n<li><strong>Lock-Down-Technologie<\/strong>: Gew\u00e4hrleistet Stabilit\u00e4t und minimiert Bewegungen in kritischen Momenten.<\/li>\n<li><strong>Fallaway-Mechanismus<\/strong>: Die Auflage klappt beim Loslassen der Sehne pr\u00e4zise weg und minimiert so jegliche Beeintr\u00e4chtigung des Pfeiltlugs.<\/li>\n<li><strong>Langsames Ablassen<\/strong>: Sorgt f\u00fcr einen sanften und kontrollierten Abstieg f\u00fcr konstante Genauigkeit.<\/li>\n<\/ul>\n<\/li>\n<\/ol>\n<p>Zusammenfassend l\u00e4sst sich sagen, dass die ULTRAREST\u00ae Integrate MX2 Pr\u00e4zision, Haltbarkeit und fortschrittliche Funktionen kombiniert, um Ihr Schie\u00dferlebnis zu verbessern. Ob erfahrener Bogensch\u00fctze oder Anf\u00e4nger, diese Auflage bietet erstklassige Leistung. <\/p>\n<p>Diese Pfeilauflage ist speziell f\u00fcr B\u00f6gen mit einem Inline-Montagepunkt konzipiert und kann nicht am Standard-Berger-Loch-Montagepunkt verwendet werden.<\/p>\n","protected":false},"excerpt":{"rendered":"<p>Die ULTRAREST\u00ae Integrate MX2 ist eine hochmoderne Fallaway-Pfeilauflage, die von Quality Archery Designs (QAD) entwickelt wurde. Mikro-Klick-Technologie: Die Integrate MX2\u00ae verf\u00fcgt \u00fcber erstklassige Mikro-Klick-Technologie. Mit einer einfachen Drehung des Knopfes k\u00f6nnen Sie pr\u00e4zise Anpassungen an Ihrem Schuss vornehmen. Jeder Klick entspricht einer Anpassung von 0,0019 Zoll, was h\u00f6chste Pr\u00e4zision gew\u00e4hrleistet. Die Auflage verf\u00fcgt \u00fcber maschinell [&#8230;]\n","protected":false},"featured_media":265761,"comment_status":"open","ping_status":"closed","template":"","meta":[],"product_brand":[],"product_cat":[1228],"product_tag":[],"class_list":{"0":"post-280544","1":"product","2":"type-product","3":"status-publish","4":"has-post-thumbnail","6":"product_cat-compound","8":"first","9":"instock","10":"taxable","11":"shipping-taxable","12":"purchasable","13":"product-type-simple"},"composite_virtual":false,"composite_layout":"","composite_add_to_cart_form_location":"","composite_editable_in_cart":false,"composite_sold_individually_context":"","composite_shop_price_calc":"","composite_components":[],"composite_scenarios":[],"group_of_quantity":0,"min_quantity":0,"max_quantity":"","exclude_order_quantity_value_rules":"no","exclude_category_quantity_rules":"no","combine_variations":"no","exclude_global_add_ons":[],"addons":[],"_links":{"self":[{"href":"https:\/\/www.huntersfriend.eu\/de\/wp-json\/wp\/v2\/product\/280544","targetHints":{"allow":["GET"]}}],"collection":[{"href":"https:\/\/www.huntersfriend.eu\/de\/wp-json\/wp\/v2\/product"}],"about":[{"href":"https:\/\/www.huntersfriend.eu\/de\/wp-json\/wp\/v2\/types\/product"}],"replies":[{"embeddable":true,"href":"https:\/\/www.huntersfriend.eu\/de\/wp-json\/wp\/v2\/comments?post=280544"}],"wp:featuredmedia":[{"embeddable":true,"href":"https:\/\/www.huntersfriend.eu\/de\/wp-json\/wp\/v2\/media\/265761"}],"wp:attachment":[{"href":"https:\/\/www.huntersfriend.eu\/de\/wp-json\/wp\/v2\/media?parent=280544"}],"wp:term":[{"taxonomy":"product_brand","embeddable":true,"href":"https:\/\/www.huntersfriend.eu\/de\/wp-json\/wp\/v2\/product_brand?post=280544"},{"taxonomy":"product_cat","embeddable":true,"href":"https:\/\/www.huntersfriend.eu\/de\/wp-json\/wp\/v2\/product_cat?post=280544"},{"taxonomy":"product_tag","embeddable":true,"href":"https:\/\/www.huntersfriend.eu\/de\/wp-json\/wp\/v2\/product_tag?post=280544"}],"curies":[{"name":"wp","href":"https:\/\/api.w.org\/{rel}","templated":true}]}}