{"id":280537,"date":"2024-04-03T12:33:53","date_gmt":"2024-04-03T10:33:53","guid":{"rendered":"https:\/\/www.huntersfriend.eu\/product\/titan-straps-industrieller-gurt\/"},"modified":"2026-03-18T22:00:46","modified_gmt":"2026-03-18T20:00:46","slug":"titan-straps-industrieller-gurt","status":"publish","type":"product","link":"https:\/\/www.huntersfriend.eu\/de\/produkt\/titan-straps-industrieller-gurt\/","title":{"rendered":"Titan straps industrieller Gurt"},"content":{"rendered":"<h3>INDUSTRIELLER GURT: DAS ARBEITSTIER<\/h3>\n<p>Wir haben diesen Gurt f\u00fcr Personen entwickelt, die st\u00e4rkere Befestigungen ben\u00f6tigen oder t\u00e4glich Lasten sichern. Die Industrielle Serie ist breiter und dicker, was den Querschnitt erh\u00f6ht. Das Ergebnis? Ein sehr robuster, starker Spannriemen.   <\/p>\n<h4>SPEZIFIKATIONEN &amp; MERKMALE<\/h4>\n<p>Hergestellt aus einem dehnbaren Hochleistungspolymermaterial, zeichnen sich unsere Industriellen Gurte in sonnigen Klimazonen und bei eisigen Temperaturen aus. Wir \u00fcberformen die polierte, w\u00e4rmebehandelte Flugzeugaluminium-Schnalle im Herstellungsprozess. Und wir haben die Schnalle so konzipiert, dass der Gurt zweimal durch den Schlitz gef\u00e4delt werden kann, was die St\u00e4rke verdoppelt.  <\/p>\n<p><strong>ARBEITSLASTGRENZE<\/strong> 70lbs \/ 32kg<br \/>\n<strong>GEWICHT<\/strong> 1.5oz \/ 43g<br \/>\n<strong>ABMESSUNGEN<\/strong> 1.06 \u201ex 20\u201c (2.7cm x 51cm)<br \/>\n<strong>MINIMALER DURCHMESSER<\/strong> 2.15\u201d \/ 5.5cm<br \/>\n<strong>MAXIMALER DURCHMESSER<\/strong> 5.57\u201d \/ 14.15cm<br \/>\n<strong>SCHNALLE<\/strong> poliertes Flugzeugaluminium<\/p>\n<p><strong>ARBEITSLASTGRENZE<\/strong> 70lbs \/ 32kg<br \/>\n<strong>GEWICHT<\/strong> 1.9oz \/ 54g<br \/>\n<strong>ABMESSUNGEN<\/strong> 1.06 \u201ex 25\u201c (2.7cm x 64cm)<br \/>\n<strong>MINIMALER DURCHMESSER<\/strong> 2.15\u201d \/ 5.5cm<br \/>\n<strong>MAXIMALER DURCHMESSER<\/strong> 7.1\u201d \/ 18cm<br \/>\n<strong>SCHNALLE<\/strong> poliertes Flugzeugaluminium<\/p>\n<p><strong>ARBEITSLASTGRENZE<\/strong> 70lbs \/ 32kg<br \/>\n<strong>GEWICHT<\/strong> 2.2oz \/ 62g<br \/>\n<strong>ABMESSUNGEN<\/strong> 1.06 \u201ex 30\u201c (2.7cm x 76cm)<br \/>\n<strong>MINIMALER DURCHMESSER<\/strong> 2.15\u201d \/ 5.5cm<br \/>\n<strong>MAXIMALER DURCHMESSER<\/strong> 8.9\u201d \/ 22.6cm<br \/>\n<strong>SCHNALLE<\/strong> poliertes Flugzeugaluminium<\/p>\n<p><strong>ARBEITSLASTGRENZE<\/strong> 70lbs \/ 32kg<br \/>\n<strong>GEWICHT<\/strong> 2.5oz \/ 71g<br \/>\n<strong>ABMESSUNGEN<\/strong> 1.06 \u201ex 36\u201c (2.7cm x 91cm)<br \/>\n<strong>MINIMALER DURCHMESSER<\/strong> 2.15\u201d \/ 5.5cm<br \/>\n<strong>MAXIMALER DURCHMESSER<\/strong> 10.7\u201d \/ 27cm<br \/>\n<strong>SCHNALLE<\/strong> poliertes Flugzeugaluminium<\/p>\n","protected":false},"excerpt":{"rendered":"<p>INDUSTRIELLER GURT: DAS ARBEITSTIER Wir haben diesen Gurt f\u00fcr Personen entwickelt, die st\u00e4rkere Befestigungen ben\u00f6tigen oder t\u00e4glich Lasten sichern. Die Industrielle Serie ist breiter und dicker, was den Querschnitt erh\u00f6ht. Das Ergebnis? Ein sehr robuster, starker Spannriemen. SPEZIFIKATIONEN &amp; MERKMALE Hergestellt aus einem dehnbaren Hochleistungspolymermaterial, zeichnen sich unsere Industriellen Gurte in sonnigen Klimazonen und bei [&#8230;]\n","protected":false},"featured_media":266847,"comment_status":"open","ping_status":"closed","template":"","meta":[],"product_brand":[],"product_cat":[2050,1256,1391,1404,1171],"product_tag":[],"class_list":{"0":"post-280537","1":"product","2":"type-product","3":"status-publish","4":"has-post-thumbnail","6":"product_cat-campingzubehor","7":"product_cat-verschiedenes-bogenschiessen","8":"product_cat-material-und-zubehor","9":"product_cat-jagdzubehor","10":"product_cat-sitz-und-schirm-zubehoer","12":"first","13":"instock","14":"taxable","15":"shipping-taxable","16":"purchasable","17":"product-type-variable"},"composite_virtual":false,"composite_layout":"","composite_add_to_cart_form_location":"","composite_editable_in_cart":false,"composite_sold_individually_context":"","composite_shop_price_calc":"","composite_components":[],"composite_scenarios":[],"group_of_quantity":0,"min_quantity":0,"max_quantity":"","exclude_order_quantity_value_rules":"no","exclude_category_quantity_rules":"no","combine_variations":"no","exclude_global_add_ons":[],"addons":[],"_links":{"self":[{"href":"https:\/\/www.huntersfriend.eu\/de\/wp-json\/wp\/v2\/product\/280537","targetHints":{"allow":["GET"]}}],"collection":[{"href":"https:\/\/www.huntersfriend.eu\/de\/wp-json\/wp\/v2\/product"}],"about":[{"href":"https:\/\/www.huntersfriend.eu\/de\/wp-json\/wp\/v2\/types\/product"}],"replies":[{"embeddable":true,"href":"https:\/\/www.huntersfriend.eu\/de\/wp-json\/wp\/v2\/comments?post=280537"}],"wp:featuredmedia":[{"embeddable":true,"href":"https:\/\/www.huntersfriend.eu\/de\/wp-json\/wp\/v2\/media\/266847"}],"wp:attachment":[{"href":"https:\/\/www.huntersfriend.eu\/de\/wp-json\/wp\/v2\/media?parent=280537"}],"wp:term":[{"taxonomy":"product_brand","embeddable":true,"href":"https:\/\/www.huntersfriend.eu\/de\/wp-json\/wp\/v2\/product_brand?post=280537"},{"taxonomy":"product_cat","embeddable":true,"href":"https:\/\/www.huntersfriend.eu\/de\/wp-json\/wp\/v2\/product_cat?post=280537"},{"taxonomy":"product_tag","embeddable":true,"href":"https:\/\/www.huntersfriend.eu\/de\/wp-json\/wp\/v2\/product_tag?post=280537"}],"curies":[{"name":"wp","href":"https:\/\/api.w.org\/{rel}","templated":true}]}}