{"id":280536,"date":"2024-03-16T01:22:19","date_gmt":"2025-06-23T07:52:11","guid":{"rendered":"https:\/\/www.huntersfriend.eu\/product\/eberlestock-team-elk-pack-v2-mountain\/"},"modified":"2025-06-23T09:52:11","modified_gmt":"2025-06-23T07:52:11","slug":"eberlestock-team-elk-pack-v2-mountain","status":"publish","type":"product","link":"https:\/\/www.huntersfriend.eu\/de\/produkt\/eberlestock-team-elk-pack-v2-mountain\/","title":{"rendered":"Eberlestock Team Elk Pack V2 Mountain"},"content":{"rendered":"<p>Der Team Elk Pack unterscheidet sich von jedem anderen Rucksack auf dem Markt. Er verf\u00fcgt \u00fcber einzigartige Merkmale wie das patentierte Gewehrfach am R\u00fccken, einen komfortablen Aluminiumrahmen f\u00fcr schwere Lasten und ein Fleischtransportsystem, das es erm\u00f6glicht, den Rucksack vom Rahmen zu trennen, um Wild aus dem Hinterland zu transportieren. Der Rucksack enth\u00e4lt einen ger\u00e4umigen, schwimmenden Deckel, tiefe Seitentaschen und Taschen aus Stretchmaterial am gesamten \u00c4u\u00dferen des Rucksacks. Im Inneren des Rucksacks finden Sie Stretchtaschen sowie eine Hydratationsh\u00fclle und einen Haken.   <\/p>\n<p>Der Team Elk Pack wurde urspr\u00fcnglich entwickelt, um Elchj\u00e4gern im Hinterland den besten und innovativsten Jagdrucksack zur Verf\u00fcgung zu stellen und gleichzeitig Mittel f\u00fcr die proaktivste und engagierteste Naturschutzorganisation des Planeten, die Rocky Mountain Elk Foundation, bereitzustellen. In den letzten 10 Jahren haben wir 10% jedes Verkaufs des Team Elk Packs direkt an die Rocky Mountain Elk Foundation zur\u00fcckgef\u00fchrt und werden dies auch weiterhin tun, was zu einem lebenslangen Beitrag von \u00fcber 600.000 Dollar gef\u00fchrt hat. <\/p>\n<p class=\"sm\">Die Mission der Rocky Mountain Elk Foundation lautet: \u201eDie Zukunft der Elche, anderer Wildtiere, ihres Lebensraums und unseres Jagderbes zu sichern,\u201c was uns seit \u00fcber 19 Jahren zu stolzen Partnern der RMEF gemacht hat!<\/p>\n<div>\n<p>TECHNISCHE<strong> SPEZIFIKATIONEN<\/strong><\/p>\n<ul>\n<li>Volumen Deckel: 392 c.i. \/ 35,64 L<\/li>\n<li>Volumen Tasche: 2.175 c.i.<\/li>\n<li>Gewicht: 6,5 lbs<\/li>\n<li>Abmessungen: 35,5&#8243;H x 11&#8243;B x 1,75&#8243;T<\/li>\n<\/ul>\n<\/div>\n<div>\n<p>RUCKSACK<strong> MERKMALE<\/strong><\/p>\n<ul>\n<li>Rucksack l\u00e4sst sich vom Rahmen mit eingen\u00e4htem Lastenpaneel l\u00f6sen<\/li>\n<li>Integrierte Seitentaschen<\/li>\n<li>Schwimmender Oberdeckel<\/li>\n<li>Frontaler Rei\u00dfverschlusszugang und Kordelzug-Oberladung<\/li>\n<li>Intex Rahmen ohne Regal<\/li>\n<li>Verstaubares Gewehrfach<\/li>\n<li>Verwenden Sie unseren<a href=\"https:\/\/eberlestock.com\/products\/j2rc-large-reversible-rain-cover\"> <strong>gro\u00dfen, wendbaren Regenschutz<\/strong><\/a> f\u00fcr Wetterschutz<\/li>\n<\/ul>\n<\/div>\n","protected":false},"excerpt":{"rendered":"<p>Der Team Elk Pack unterscheidet sich von jedem anderen Rucksack auf dem Markt. Er verf\u00fcgt \u00fcber einzigartige Merkmale wie das patentierte Gewehrfach am R\u00fccken, einen komfortablen Aluminiumrahmen f\u00fcr schwere Lasten und ein Fleischtransportsystem, das es erm\u00f6glicht, den Rucksack vom Rahmen zu trennen, um Wild aus dem Hinterland zu transportieren. Der Rucksack enth\u00e4lt einen ger\u00e4umigen, schwimmenden [&#8230;]\n","protected":false},"featured_media":266116,"comment_status":"open","ping_status":"closed","template":"","meta":[],"product_brand":[],"product_cat":[1407],"product_tag":[],"class_list":{"0":"post-280536","1":"product","2":"type-product","3":"status-publish","4":"has-post-thumbnail","6":"product_cat-jagdrucksacke","7":"product_shipping_class-big-de","9":"first","10":"outofstock","11":"taxable","12":"shipping-taxable","13":"purchasable","14":"product-type-simple"},"composite_virtual":false,"composite_layout":"","composite_add_to_cart_form_location":"","composite_editable_in_cart":false,"composite_sold_individually_context":"","composite_shop_price_calc":"","composite_components":[],"composite_scenarios":[],"group_of_quantity":0,"min_quantity":0,"max_quantity":"","exclude_order_quantity_value_rules":"no","exclude_category_quantity_rules":"no","combine_variations":"no","exclude_global_add_ons":[],"addons":[],"_links":{"self":[{"href":"https:\/\/www.huntersfriend.eu\/de\/wp-json\/wp\/v2\/product\/280536","targetHints":{"allow":["GET"]}}],"collection":[{"href":"https:\/\/www.huntersfriend.eu\/de\/wp-json\/wp\/v2\/product"}],"about":[{"href":"https:\/\/www.huntersfriend.eu\/de\/wp-json\/wp\/v2\/types\/product"}],"replies":[{"embeddable":true,"href":"https:\/\/www.huntersfriend.eu\/de\/wp-json\/wp\/v2\/comments?post=280536"}],"wp:featuredmedia":[{"embeddable":true,"href":"https:\/\/www.huntersfriend.eu\/de\/wp-json\/wp\/v2\/media\/266116"}],"wp:attachment":[{"href":"https:\/\/www.huntersfriend.eu\/de\/wp-json\/wp\/v2\/media?parent=280536"}],"wp:term":[{"taxonomy":"product_brand","embeddable":true,"href":"https:\/\/www.huntersfriend.eu\/de\/wp-json\/wp\/v2\/product_brand?post=280536"},{"taxonomy":"product_cat","embeddable":true,"href":"https:\/\/www.huntersfriend.eu\/de\/wp-json\/wp\/v2\/product_cat?post=280536"},{"taxonomy":"product_tag","embeddable":true,"href":"https:\/\/www.huntersfriend.eu\/de\/wp-json\/wp\/v2\/product_tag?post=280536"}],"curies":[{"name":"wp","href":"https:\/\/api.w.org\/{rel}","templated":true}]}}