{"id":280483,"date":"2024-04-03T12:24:42","date_gmt":"2024-04-03T10:24:42","guid":{"rendered":"https:\/\/www.huntersfriend.eu\/product\/titan-straps-mehrzweckgurt\/"},"modified":"2026-03-18T22:00:45","modified_gmt":"2026-03-18T20:00:45","slug":"titan-straps-mehrzweckgurt","status":"publish","type":"product","link":"https:\/\/www.huntersfriend.eu\/de\/produkt\/titan-straps-mehrzweckgurt\/","title":{"rendered":"Titan Straps Mehrzweckgurt"},"content":{"rendered":"<h3>MEHRZWECKGURT: DER SICHERE ALLZWECK-SPANNRIEMEN<\/h3>\n<p>Wir haben unseren Mehrzweck-Spannriemen entwickelt, um Ihnen bei der Organisation Ihres Gartens und Ihrer Ausr\u00fcstung zu helfen. B\u00fcndeln Sie Ihre Kompressorschl\u00e4uche oder Elektrokabel, fixieren Sie Skier oder sichern Sie Gegenst\u00e4nde an einem Fahrrad oder ATV. Diese einfachen Spannriemen bieten Hunderte von Anwendungsm\u00f6glichkeiten. Wie alle Titan Straps sind sie UV-best\u00e4ndig und langlebig. Zus\u00e4tzlich bieten wir eine <a class=\"js-no-transition\" href=\"https:\/\/titanstraps.myshopify.com\/pages\/warranty\" target=\"_blank\" rel=\"noopener\">3-j\u00e4hrige Garantie<\/a>.    <\/p>\n<h4>SPEZIFIKATIONEN &amp; MERKMALE<\/h4>\n<p>Wir fertigen alle unsere Mehrzweckgurte aus einem dehnbaren, hochleistungsf\u00e4higen Polymermaterial. Es eignet sich hervorragend f\u00fcr sonnige Klimazonen und frostige Temperaturen. Eine polierte, w\u00e4rmebehandelte Flugzeugaluminium-Schnalle wird im Herstellungsprozess eingegossen. Die Schnalle wurde so konzipiert, dass der Gurt zweifach durch den Schlitz gef\u00fchrt werden kann, wodurch die Festigkeit verdoppelt wird.   <\/p>\n<p><strong>NUTZLAST<\/strong> 27,2 kg \/ 60 lbs<br \/>\n<strong>GEWICHT<\/strong> 17 g \/ 0,6 oz<br \/>\n<strong>ABMESSUNGEN<\/strong> 2,22 cm x 23 cm (0,88 \u201ex 9\u201c)<br \/>\n<strong>MINIMALER DURCHMESSER<\/strong> 1,47 cm \/ 0,58&#8243;<br \/>\n<strong>MAXIMALER DURCHMESSER<\/strong> 6,55 cm \/ 2,58&#8243;<br \/>\n<strong>SCHNALLE<\/strong> poliertes Flugzeugaluminium<\/p>\n<p><strong>NUTZLAST<\/strong> 27,2 kg \/ 60 lbs<br \/>\n<strong>GEWICHT<\/strong> 23 g \/ 0,8 oz<br \/>\n<strong>ABMESSUNGEN<\/strong> 2,22 cm x 36 cm (0,88 \u201ex 14\u201c)<br \/>\n<strong>MINIMALER DURCHMESSER<\/strong> 3,2 cm \/ 1,25&#8243;<br \/>\n<strong>MAXIMALER DURCHMESSER<\/strong> 9,5 cm \/ 3,75&#8243;<br \/>\n<strong>SCHNALLE<\/strong> poliertes Flugzeugaluminium<\/p>\n<p><strong>NUTZLAST<\/strong> 27,2 kg \/ 60 lbs<br \/>\n<strong>GEWICHT<\/strong> 28 g \/ 1 oz<br \/>\n<strong>ABMESSUNGEN<\/strong> 2,22 cm x 46 cm (0,88 \u201ex 18\u201c)<br \/>\n<strong>MINIMALER DURCHMESSER<\/strong> 3,2 cm \/ 1,25&#8243;<br \/>\n<strong>MAXIMALER DURCHMESSER<\/strong> 12,7 cm \/ 5&#8243;<br \/>\n<strong>SCHNALLE<\/strong> poliertes Flugzeugaluminium<\/p>\n<p><strong>NUTZLAST<\/strong> 27,2 kg \/ 60 lbs<br \/>\n<strong>GEWICHT<\/strong> 38 g \/ 1,35 oz<br \/>\n<strong>ABMESSUNGEN<\/strong> 2,22 cm x 64 cm (0,88 \u201ex 25\u201c)<br \/>\n<strong>MINIMALER DURCHMESSER<\/strong> 4,5 cm \/ 1,75&#8243;<br \/>\n<strong>MAXIMALER DURCHMESSER<\/strong> 18,4 cm \/ 7,25&#8243;<br \/>\n<strong>SCHNALLE<\/strong> poliertes Flugzeugaluminium<\/p>\n<p>Sichern und b\u00fcndeln Sie mit diesen Mehrzweckgurten zuverl\u00e4ssig alles! Entdecken Sie die grenzenlosen M\u00f6glichkeiten: <\/p>\n<p>&nbsp;<\/p>\n","protected":false},"excerpt":{"rendered":"<p>MEHRZWECKGURT: DER SICHERE ALLZWECK-SPANNRIEMEN Wir haben unseren Mehrzweck-Spannriemen entwickelt, um Ihnen bei der Organisation Ihres Gartens und Ihrer Ausr\u00fcstung zu helfen. B\u00fcndeln Sie Ihre Kompressorschl\u00e4uche oder Elektrokabel, fixieren Sie Skier oder sichern Sie Gegenst\u00e4nde an einem Fahrrad oder ATV. Diese einfachen Spannriemen bieten Hunderte von Anwendungsm\u00f6glichkeiten. Wie alle Titan Straps sind sie UV-best\u00e4ndig und langlebig. [&#8230;]\n","protected":false},"featured_media":266832,"comment_status":"open","ping_status":"closed","template":"","meta":[],"product_brand":[],"product_cat":[2050,1407,1391,1404,1171],"product_tag":[],"class_list":{"0":"post-280483","1":"product","2":"type-product","3":"status-publish","4":"has-post-thumbnail","6":"product_cat-campingzubehor","7":"product_cat-jagdrucksacke","8":"product_cat-material-und-zubehor","9":"product_cat-jagdzubehor","10":"product_cat-sitz-und-schirm-zubehoer","12":"first","13":"instock","14":"taxable","15":"shipping-taxable","16":"purchasable","17":"product-type-variable"},"composite_virtual":false,"composite_layout":"","composite_add_to_cart_form_location":"","composite_editable_in_cart":false,"composite_sold_individually_context":"","composite_shop_price_calc":"","composite_components":[],"composite_scenarios":[],"group_of_quantity":0,"min_quantity":0,"max_quantity":"","exclude_order_quantity_value_rules":"no","exclude_category_quantity_rules":"no","combine_variations":"no","exclude_global_add_ons":[],"addons":[],"_links":{"self":[{"href":"https:\/\/www.huntersfriend.eu\/de\/wp-json\/wp\/v2\/product\/280483","targetHints":{"allow":["GET"]}}],"collection":[{"href":"https:\/\/www.huntersfriend.eu\/de\/wp-json\/wp\/v2\/product"}],"about":[{"href":"https:\/\/www.huntersfriend.eu\/de\/wp-json\/wp\/v2\/types\/product"}],"replies":[{"embeddable":true,"href":"https:\/\/www.huntersfriend.eu\/de\/wp-json\/wp\/v2\/comments?post=280483"}],"wp:featuredmedia":[{"embeddable":true,"href":"https:\/\/www.huntersfriend.eu\/de\/wp-json\/wp\/v2\/media\/266832"}],"wp:attachment":[{"href":"https:\/\/www.huntersfriend.eu\/de\/wp-json\/wp\/v2\/media?parent=280483"}],"wp:term":[{"taxonomy":"product_brand","embeddable":true,"href":"https:\/\/www.huntersfriend.eu\/de\/wp-json\/wp\/v2\/product_brand?post=280483"},{"taxonomy":"product_cat","embeddable":true,"href":"https:\/\/www.huntersfriend.eu\/de\/wp-json\/wp\/v2\/product_cat?post=280483"},{"taxonomy":"product_tag","embeddable":true,"href":"https:\/\/www.huntersfriend.eu\/de\/wp-json\/wp\/v2\/product_tag?post=280483"}],"curies":[{"name":"wp","href":"https:\/\/api.w.org\/{rel}","templated":true}]}}