{"id":280467,"date":"2024-03-19T12:36:13","date_gmt":"2024-03-19T10:36:13","guid":{"rendered":"https:\/\/www.huntersfriend.eu\/product\/takeya-actives-thermoflasche\/"},"modified":"2026-04-16T07:30:19","modified_gmt":"2026-04-16T05:30:19","slug":"takeya-actives-thermoflasche","status":"publish","type":"product","link":"https:\/\/www.huntersfriend.eu\/de\/produkt\/takeya-actives-thermoflasche\/","title":{"rendered":"Takeya Actives Thermoflasche"},"content":{"rendered":"<p><span class=\"jCAhz ChMk0b\"><span class=\"ryNqvb\">Takeya Actives ist eine isolierte Trinkflasche aus 18\/8 Edelstahl, die Ihr Lieblingsgetr\u00e4nk bis zu 24 Stunden eiskalt oder bis zu 12 Stunden dampfend hei\u00df h\u00e4lt.<\/span><\/span> <span class=\"jCAhz ChMk0b\"><span class=\"ryNqvb\">Die BPA-freie isolierte Takeya Trinkflasche verf\u00fcgt \u00fcber eine schwei\u00dfverhindernde Doppelwandkonstruktion und eine weite \u00d6ffnung, die es beispielsweise erleichtert, Eis zu einem kalten Getr\u00e4nk hinzuzuf\u00fcgen und die Flasche einfacher zu reinigen und zu sp\u00fclen.<\/span><\/span> <span class=\"jCAhz ChMk0b\"><span class=\"ryNqvb\">Der abnehmbare Silikonaufprallschutz am Boden der Flasche minimiert Dellen und Beulen, erm\u00f6glicht ein leises Abstellen und hilft der Flasche, sicher in den Getr\u00e4nkehaltern zu verbleiben.<\/span><\/span> <span class=\"jCAhz ChMk0b\"><span class=\"ryNqvb\">Der isolierte Spout Lid\u2122 von Takeya gew\u00e4hrleistet das bestm\u00f6gliche Trinkerlebnis bei aktivem Gebrauch.<\/span><\/span> <span class=\"jCAhz ChMk0b\"><span class=\"ryNqvb\">Technische Informationen:<\/span><\/span> <span class=\"jCAhz ChMk0b\"><span class=\"ryNqvb\">Vakuumisolierte Trinkflasche<\/span><\/span> <span class=\"jCAhz ChMk0b\"><span class=\"ryNqvb\">Pulverbeschichteter Edelstahl<\/span><\/span> <span class=\"jCAhz ChMk0b\"><span class=\"ryNqvb\">Doppelwandige Konstruktion<\/span><\/span> <span class=\"jCAhz ChMk0b\"><span class=\"ryNqvb\">H\u00e4lt das Getr\u00e4nk bis zu 12 Stunden hei\u00df und bis zu 24 Stunden kalt<\/span><\/span> <span class=\"jCAhz ChMk0b\"><span class=\"ryNqvb\">W\u00e4rmeerhaltung bei etwa 43 \u00b0C nach 12 Stunden<\/span><\/span> <span class=\"jCAhz ChMk0b\"><span class=\"ryNqvb\">Einh\u00e4ndig bedienbarer Drehverschluss<\/span><\/span> <span class=\"jCAhz ChMk0b\"><span class=\"ryNqvb\">Langlebiger Trageclip<\/span><\/span> <span class=\"jCAhz ChMk0b\"><span class=\"ryNqvb\">Abnehmbarer Silikonaufprallschutz<\/span><\/span> <span class=\"jCAhz ChMk0b\"><span class=\"ryNqvb\">Enth\u00e4lt kein Bisphenol A (BPA)<\/span><\/span> <span class=\"jCAhz ChMk0b\"><span class=\"ryNqvb\">Leicht zu reinigen<\/span><\/span><\/p>\n<p><span class=\"jCAhz ChMk0b\"><span class=\"ryNqvb\">Volumen 0,53 l<\/span><\/span> <span class=\"jCAhz ChMk0b\"><span class=\"ryNqvb\">Abmessungen 82 x 235 mm (Durchmesser x H\u00f6he)<\/span><\/span><\/p>\n<div class=\"QcsUad BDJ8fb sMVRZe wneUed\">\n<div class=\"usGWQd\">\n<div class=\"KkbLmb\">\n<div class=\"lRu31\" dir=\"ltr\"><span class=\"HwtZe\" lang=\"en\"><span class=\"jCAhz ChMk0b\"><span class=\"ryNqvb\">Volumen 0,7 l<\/span><\/span> <span class=\"jCAhz ChMk0b\"><span class=\"ryNqvb\">Abmessungen 82 x 263 mm (Durchmesser x H\u00f6he)<br \/>\n<\/span><\/span><\/span><\/div>\n<div dir=\"ltr\"><\/div>\n<div dir=\"ltr\"><span class=\"jCAhz ChMk0b\"><span class=\"ryNqvb\">Volumen 0,95 l<\/span><\/span> <span class=\"jCAhz ChMk0b\"><span class=\"ryNqvb\">Abmessungen 86 x 270 mm (Durchmesser x H\u00f6he)<br \/>\n<\/span><\/span><\/div>\n<div dir=\"ltr\"><\/div>\n<div dir=\"ltr\"><span class=\"jCAhz ChMk0b\"><span class=\"ryNqvb\">Volumen 1,9 l<\/span><\/span> <span class=\"jCAhz ChMk0b\"><span class=\"ryNqvb\">Abmessungen 128 x 1120 mm (Durchmesser x H\u00f6he)<\/span><\/span><\/div>\n<\/div>\n<\/div>\n<\/div>\n<p><span class=\"jCAhz ChMk0b\"><span class=\"ryNqvb\"> <\/span><\/span><\/p>\n","protected":false},"excerpt":{"rendered":"<p>4 Gr\u00f6\u00dfen zur Auswahl<\/p>\n","protected":false},"featured_media":266157,"comment_status":"open","ping_status":"closed","template":"","meta":[],"product_brand":[],"product_cat":[1145],"product_tag":[],"class_list":{"0":"post-280467","1":"product","2":"type-product","3":"status-publish","4":"has-post-thumbnail","6":"product_cat-sonstiges","8":"first","9":"instock","10":"taxable","11":"shipping-taxable","12":"purchasable","13":"product-type-variable"},"composite_virtual":false,"composite_layout":"","composite_add_to_cart_form_location":"","composite_editable_in_cart":false,"composite_sold_individually_context":"","composite_shop_price_calc":"","composite_components":[],"composite_scenarios":[],"group_of_quantity":0,"min_quantity":0,"max_quantity":"","exclude_order_quantity_value_rules":"no","exclude_category_quantity_rules":"no","combine_variations":"no","exclude_global_add_ons":[],"addons":[],"_links":{"self":[{"href":"https:\/\/www.huntersfriend.eu\/de\/wp-json\/wp\/v2\/product\/280467","targetHints":{"allow":["GET"]}}],"collection":[{"href":"https:\/\/www.huntersfriend.eu\/de\/wp-json\/wp\/v2\/product"}],"about":[{"href":"https:\/\/www.huntersfriend.eu\/de\/wp-json\/wp\/v2\/types\/product"}],"replies":[{"embeddable":true,"href":"https:\/\/www.huntersfriend.eu\/de\/wp-json\/wp\/v2\/comments?post=280467"}],"wp:featuredmedia":[{"embeddable":true,"href":"https:\/\/www.huntersfriend.eu\/de\/wp-json\/wp\/v2\/media\/266157"}],"wp:attachment":[{"href":"https:\/\/www.huntersfriend.eu\/de\/wp-json\/wp\/v2\/media?parent=280467"}],"wp:term":[{"taxonomy":"product_brand","embeddable":true,"href":"https:\/\/www.huntersfriend.eu\/de\/wp-json\/wp\/v2\/product_brand?post=280467"},{"taxonomy":"product_cat","embeddable":true,"href":"https:\/\/www.huntersfriend.eu\/de\/wp-json\/wp\/v2\/product_cat?post=280467"},{"taxonomy":"product_tag","embeddable":true,"href":"https:\/\/www.huntersfriend.eu\/de\/wp-json\/wp\/v2\/product_tag?post=280467"}],"curies":[{"name":"wp","href":"https:\/\/api.w.org\/{rel}","templated":true}]}}