{"id":280457,"date":"2024-03-19T12:19:28","date_gmt":"2025-06-23T07:51:05","guid":{"rendered":"https:\/\/www.huntersfriend.eu\/product\/stanley-classic-thermoskanne\/"},"modified":"2026-03-19T08:29:25","modified_gmt":"2026-03-19T06:29:25","slug":"stanley-classic-thermoskanne","status":"publish","type":"product","link":"https:\/\/www.huntersfriend.eu\/de\/produkt\/stanley-classic-thermoskanne\/","title":{"rendered":"Stanley Classic Thermoskanne"},"content":{"rendered":"<p><span class=\"jCAhz ChMk0b\"><span class=\"ryNqvb\">Die Stanley Classic Thermoskanne h\u00e4lt Ihr Getr\u00e4nk entweder 45 Stunden hei\u00df oder 48 Stunden kalt.<\/span><\/span> <span class=\"jCAhz ChMk0b\"><span class=\"ryNqvb\">Die gro\u00dfe 5 cm breite \u00d6ffnung erleichtert das Bef\u00fcllen und Reinigen der Stanley Classic Thermoskanne erheblich.<\/span><\/span> <span class=\"jCAhz ChMk0b\"><span class=\"ryNqvb\">Der Deckel der Stanley Classic Thermoskanne fungiert bei Verwendung im Freien als isolierter Trinkbecher.<\/span><\/span> <span class=\"jCAhz ChMk0b\"><span class=\"ryNqvb\">Die Stanley Classic Thermoskanne ist aus rostfreiem Stahl gefertigt, und der Tragegriff an der Seite der gr\u00f6\u00dferen Versionen erleichtert den Transport der Flasche.<\/span><\/span><\/p>\n<p><span class=\"jCAhz ChMk0b\"><span class=\"ryNqvb\">Technische Informationen:<\/span><\/span><\/p>\n<p><span class=\"jCAhz ChMk0b\"><span class=\"ryNqvb\">Aus rostfreiem Stahl gefertigt<\/span><\/span> <span class=\"jCAhz ChMk0b\"><span class=\"ryNqvb\">Doppelwandige Konstruktion<\/span><\/span><br \/>\n<span class=\"jCAhz ChMk0b\"><span class=\"ryNqvb\">H\u00e4lt Getr\u00e4nke 45 Stunden hei\u00df oder bis zu 48 Stunden kalt<\/span><\/span><br \/>\n<span class=\"jCAhz ChMk0b\"><span class=\"ryNqvb\">Die gro\u00dfe 5 cm breite \u00d6ffnung erleichtert die Verwendung und Reinigung<\/span><\/span><br \/>\n<span class=\"jCAhz ChMk0b\"><span class=\"ryNqvb\">Der Deckel dient als isolierter Becher<br \/>\n<\/span><\/span><br \/>\n<span class=\"jCAhz ChMk0b\"><span class=\"ryNqvb\">Volumen: 1,9 Liter<\/span><\/span> <span class=\"jCAhz ChMk0b\"><span class=\"ryNqvb\">H\u00f6he: 37 cm<\/span><\/span> <span class=\"jCAhz ChMk0b\"><span class=\"ryNqvb\">Gewicht: 1130 g<\/span><\/span><\/p>\n<p><span class=\"jCAhz ChMk0b\"><span class=\"ryNqvb\">Volumen: 1,4 Liter<\/span><\/span> <span class=\"jCAhz ChMk0b\"><span class=\"ryNqvb\">H\u00f6he: 35,5 cm<\/span><\/span> <span class=\"jCAhz ChMk0b\"><span class=\"ryNqvb\">Gewicht: 954 g<\/span><\/span><\/p>\n<p><span class=\"jCAhz ChMk0b\"><span class=\"ryNqvb\">Volumen: 1 Liter<\/span><\/span> <span class=\"jCAhz ChMk0b\"><span class=\"ryNqvb\">H\u00f6he: 35 cm<\/span><\/span> <span class=\"jCAhz ChMk0b\"><span class=\"ryNqvb\">Gewicht: 834 g<\/span><\/span><\/p>\n<p><span class=\"jCAhz ChMk0b\"><span class=\"ryNqvb\">Volumen: 0,47 Liter<\/span><\/span> <span class=\"jCAhz ChMk0b\"><span class=\"ryNqvb\">H\u00f6he: 26 cm<\/span><\/span> <span class=\"jCAhz ChMk0b\"><span class=\"ryNqvb\">Gewicht: 458 g<\/span><\/span><\/p>\n<p>&nbsp;<\/p>\n","protected":false},"excerpt":{"rendered":"<p>Die Stanley Classic Thermoskanne h\u00e4lt Ihr Getr\u00e4nk entweder 45 Stunden hei\u00df oder 48 Stunden kalt. Die gro\u00dfe 5 cm breite \u00d6ffnung erleichtert das Bef\u00fcllen und Reinigen der Stanley Classic Thermoskanne erheblich. Der Deckel der Stanley Classic Thermoskanne fungiert bei Verwendung im Freien als isolierter Trinkbecher. Die Stanley Classic Thermoskanne ist aus rostfreiem Stahl gefertigt, und [&#8230;]\n","protected":false},"featured_media":269988,"comment_status":"open","ping_status":"closed","template":"","meta":[],"product_brand":[],"product_cat":[2050],"product_tag":[],"class_list":{"0":"post-280457","1":"product","2":"type-product","3":"status-publish","4":"has-post-thumbnail","6":"product_cat-campingzubehor","8":"first","9":"instock","10":"taxable","11":"shipping-taxable","12":"purchasable","13":"product-type-variable"},"composite_virtual":false,"composite_layout":"","composite_add_to_cart_form_location":"","composite_editable_in_cart":false,"composite_sold_individually_context":"","composite_shop_price_calc":"","composite_components":[],"composite_scenarios":[],"group_of_quantity":0,"min_quantity":0,"max_quantity":"","exclude_order_quantity_value_rules":"no","exclude_category_quantity_rules":"no","combine_variations":"no","exclude_global_add_ons":[],"addons":[],"_links":{"self":[{"href":"https:\/\/www.huntersfriend.eu\/de\/wp-json\/wp\/v2\/product\/280457","targetHints":{"allow":["GET"]}}],"collection":[{"href":"https:\/\/www.huntersfriend.eu\/de\/wp-json\/wp\/v2\/product"}],"about":[{"href":"https:\/\/www.huntersfriend.eu\/de\/wp-json\/wp\/v2\/types\/product"}],"replies":[{"embeddable":true,"href":"https:\/\/www.huntersfriend.eu\/de\/wp-json\/wp\/v2\/comments?post=280457"}],"wp:featuredmedia":[{"embeddable":true,"href":"https:\/\/www.huntersfriend.eu\/de\/wp-json\/wp\/v2\/media\/269988"}],"wp:attachment":[{"href":"https:\/\/www.huntersfriend.eu\/de\/wp-json\/wp\/v2\/media?parent=280457"}],"wp:term":[{"taxonomy":"product_brand","embeddable":true,"href":"https:\/\/www.huntersfriend.eu\/de\/wp-json\/wp\/v2\/product_brand?post=280457"},{"taxonomy":"product_cat","embeddable":true,"href":"https:\/\/www.huntersfriend.eu\/de\/wp-json\/wp\/v2\/product_cat?post=280457"},{"taxonomy":"product_tag","embeddable":true,"href":"https:\/\/www.huntersfriend.eu\/de\/wp-json\/wp\/v2\/product_tag?post=280457"}],"curies":[{"name":"wp","href":"https:\/\/api.w.org\/{rel}","templated":true}]}}