{"id":280455,"date":"2024-03-15T01:32:14","date_gmt":"2025-06-23T07:51:01","guid":{"rendered":"https:\/\/www.huntersfriend.eu\/product\/eberlestock-versorgungstasche\/"},"modified":"2025-07-18T05:26:09","modified_gmt":"2025-07-18T03:26:09","slug":"eberlestock-versorgungstasche","status":"publish","type":"product","link":"https:\/\/www.huntersfriend.eu\/de\/produkt\/eberlestock-versorgungstasche\/","title":{"rendered":"Eberlestock Versorgungstasche"},"content":{"rendered":"<div><span data-ogsc=\"rgb(29, 29, 29)\" data-ogsb=\"rgb(255, 255, 255)\">Verwenden Sie die <\/span><span class=\"mark08n4lk4pr\" data-markjs=\"true\" data-ogac=\"\" data-ogab=\"\" data-ogsc=\"rgb(29, 29, 29)\" data-ogsb=\"\">Versorgungstasche<\/span><span data-ogsc=\"rgb(29, 29, 29)\" data-ogsb=\"rgb(255, 255, 255)\">  um etwa 3 Liter Kapazit\u00e4t zu unseren Rucks\u00e4cken hinzuzuf\u00fcgen. Nutzen Sie sie f\u00fcr zus\u00e4tzliche Ausr\u00fcstungsaufbewahrung oder in Kombination mit unseren Hydratationsblasen als hervorragende M\u00f6glichkeit, Hydratation extern an einem Rucksack zu befestigen, sodass die Blase leicht zug\u00e4nglich ist. MOLLE-kompatibel, kann sie mit unseren Dual-Speed-Befestigungen an verschiedenen Taschen und Plattformen montiert werden, einschlie\u00dflich unseres EMOD\u2122-Systems und Recon. Die     <\/span><span class=\"mark08n4lk4pr\" data-markjs=\"true\" data-ogac=\"\" data-ogab=\"\" data-ogsc=\"rgb(29, 29, 29)\" data-ogsb=\"\">Versorgungstasche<\/span><span class=\"elementToProof\" data-ogsc=\"rgb(29, 29, 29)\" data-ogsb=\"rgb(255, 255, 255)\">  ist perfekt f\u00fcr unsere 3L-Hydratationseinheit dimensioniert und verf\u00fcgt \u00fcber eine Durchf\u00fchrung f\u00fcr einen Schlauch. Ein kreuzgewebter Schockcord-Halter erm\u00f6glicht es Ihnen, kleinere Gegenst\u00e4nde (wie eine 2L-Blase) zu sichern oder auch Gegenst\u00e4nde f\u00fcr den schnellen Zugriff au\u00dfen zu verstauen. <\/span><\/div>\n<div class=\"elementToProof\">\n<ul>\n<li>Abmessungen: 30,5 cm H x 16,5 cm B x 7,6 cm T Gewicht: 156 g<\/li>\n<li>Befestigung an jedem EMOD\u2122-kompatiblen Rucksack oder Rahmen<\/li>\n<li>MOLLE-kompatibel mit Dual-Speed-Befestigungen<\/li>\n<li>Ideal f\u00fcr eine zus\u00e4tzliche Blase (geeignet f\u00fcr 3L Source\u00ae) oder zus\u00e4tzliche Ausr\u00fcstung<\/li>\n<\/ul>\n<\/div>\n","protected":false},"excerpt":{"rendered":"<p>Milit\u00e4rgr\u00fcn<\/p>\n","protected":false},"featured_media":265776,"comment_status":"open","ping_status":"closed","template":"","meta":[],"product_brand":[],"product_cat":[1407],"product_tag":[],"class_list":{"0":"post-280455","1":"product","2":"type-product","3":"status-publish","4":"has-post-thumbnail","6":"product_cat-jagdrucksacke","8":"first","9":"outofstock","10":"taxable","11":"shipping-taxable","12":"purchasable","13":"product-type-simple"},"composite_virtual":false,"composite_layout":"","composite_add_to_cart_form_location":"","composite_editable_in_cart":false,"composite_sold_individually_context":"","composite_shop_price_calc":"","composite_components":[],"composite_scenarios":[],"group_of_quantity":0,"min_quantity":0,"max_quantity":"","exclude_order_quantity_value_rules":"no","exclude_category_quantity_rules":"no","combine_variations":"no","exclude_global_add_ons":[],"addons":[],"_links":{"self":[{"href":"https:\/\/www.huntersfriend.eu\/de\/wp-json\/wp\/v2\/product\/280455","targetHints":{"allow":["GET"]}}],"collection":[{"href":"https:\/\/www.huntersfriend.eu\/de\/wp-json\/wp\/v2\/product"}],"about":[{"href":"https:\/\/www.huntersfriend.eu\/de\/wp-json\/wp\/v2\/types\/product"}],"replies":[{"embeddable":true,"href":"https:\/\/www.huntersfriend.eu\/de\/wp-json\/wp\/v2\/comments?post=280455"}],"wp:featuredmedia":[{"embeddable":true,"href":"https:\/\/www.huntersfriend.eu\/de\/wp-json\/wp\/v2\/media\/265776"}],"wp:attachment":[{"href":"https:\/\/www.huntersfriend.eu\/de\/wp-json\/wp\/v2\/media?parent=280455"}],"wp:term":[{"taxonomy":"product_brand","embeddable":true,"href":"https:\/\/www.huntersfriend.eu\/de\/wp-json\/wp\/v2\/product_brand?post=280455"},{"taxonomy":"product_cat","embeddable":true,"href":"https:\/\/www.huntersfriend.eu\/de\/wp-json\/wp\/v2\/product_cat?post=280455"},{"taxonomy":"product_tag","embeddable":true,"href":"https:\/\/www.huntersfriend.eu\/de\/wp-json\/wp\/v2\/product_tag?post=280455"}],"curies":[{"name":"wp","href":"https:\/\/api.w.org\/{rel}","templated":true}]}}