{"id":280450,"date":"2024-03-15T01:20:19","date_gmt":"2025-06-23T07:50:54","guid":{"rendered":"https:\/\/www.huntersfriend.eu\/product\/hme-4-1-jagdaufhaengevorrichtung\/"},"modified":"2026-01-18T20:11:25","modified_gmt":"2026-01-18T18:11:25","slug":"hme-4-1-jagdaufhaengevorrichtung","status":"publish","type":"product","link":"https:\/\/www.huntersfriend.eu\/de\/produkt\/hme-4-1-jagdaufhaengevorrichtung\/","title":{"rendered":"HME 4 : 1 Jagdaufh\u00e4ngevorrichtung"},"content":{"rendered":"<p>Diese Aufh\u00e4ngevorrichtung erleichtert es einer einzelnen Person, ihr erlegtes Wild zum Reinigen, H\u00e4uten, Zerlegen oder K\u00fchlen aufzuh\u00e4ngen. Zus\u00e4tzlich haben wir eine praktische Tragetasche beigef\u00fcgt. Diese Tasche verhindert das Verheddern der Komponenten und des Seils und eignet sich hervorragend zur Aufbewahrung au\u00dferhalb der Jagdsaison.  <\/p>\n<ul>\n<li>Enth\u00e4lt: Aufh\u00e4ngevorrichtung, Flaschenzugsystem, Seil, Tragetasche<\/li>\n<li>Belastbar bis 227 kg<\/li>\n<li>9,5 mm starker, hochbelastbarer Stahl<\/li>\n<li>Pulverbeschichtung in Olivfarbe<\/li>\n<li>Wird mit Tragetasche geliefert<\/li>\n<\/ul>\n","protected":false},"excerpt":{"rendered":"<p>Diese Aufh\u00e4ngevorrichtung erleichtert es einer einzelnen Person, ihr erlegtes Wild zum Reinigen, H\u00e4uten, Zerlegen oder K\u00fchlen aufzuh\u00e4ngen. Zus\u00e4tzlich haben wir eine praktische Tragetasche beigef\u00fcgt. Diese Tasche verhindert das Verheddern der Komponenten und des Seils und eignet sich hervorragend zur Aufbewahrung au\u00dferhalb der Jagdsaison. Enth\u00e4lt: Aufh\u00e4ngevorrichtung, Flaschenzugsystem, Seil, Tragetasche Belastbar bis 227 kg 9,5 mm starker, [&#8230;]\n","protected":false},"featured_media":265769,"comment_status":"open","ping_status":"closed","template":"","meta":[],"product_brand":[],"product_cat":[1405,1356],"product_tag":[],"class_list":{"0":"post-280450","1":"product","2":"type-product","3":"status-publish","4":"has-post-thumbnail","6":"product_cat-wildtrager-taschen-und-hebevorrichtungen","7":"product_cat-wildverwertung","9":"first","10":"instock","11":"taxable","12":"shipping-taxable","13":"purchasable","14":"product-type-simple"},"composite_virtual":false,"composite_layout":"","composite_add_to_cart_form_location":"","composite_editable_in_cart":false,"composite_sold_individually_context":"","composite_shop_price_calc":"","composite_components":[],"composite_scenarios":[],"group_of_quantity":0,"min_quantity":0,"max_quantity":"","exclude_order_quantity_value_rules":"no","exclude_category_quantity_rules":"no","combine_variations":"no","exclude_global_add_ons":[],"addons":[],"_links":{"self":[{"href":"https:\/\/www.huntersfriend.eu\/de\/wp-json\/wp\/v2\/product\/280450","targetHints":{"allow":["GET"]}}],"collection":[{"href":"https:\/\/www.huntersfriend.eu\/de\/wp-json\/wp\/v2\/product"}],"about":[{"href":"https:\/\/www.huntersfriend.eu\/de\/wp-json\/wp\/v2\/types\/product"}],"replies":[{"embeddable":true,"href":"https:\/\/www.huntersfriend.eu\/de\/wp-json\/wp\/v2\/comments?post=280450"}],"wp:featuredmedia":[{"embeddable":true,"href":"https:\/\/www.huntersfriend.eu\/de\/wp-json\/wp\/v2\/media\/265769"}],"wp:attachment":[{"href":"https:\/\/www.huntersfriend.eu\/de\/wp-json\/wp\/v2\/media?parent=280450"}],"wp:term":[{"taxonomy":"product_brand","embeddable":true,"href":"https:\/\/www.huntersfriend.eu\/de\/wp-json\/wp\/v2\/product_brand?post=280450"},{"taxonomy":"product_cat","embeddable":true,"href":"https:\/\/www.huntersfriend.eu\/de\/wp-json\/wp\/v2\/product_cat?post=280450"},{"taxonomy":"product_tag","embeddable":true,"href":"https:\/\/www.huntersfriend.eu\/de\/wp-json\/wp\/v2\/product_tag?post=280450"}],"curies":[{"name":"wp","href":"https:\/\/api.w.org\/{rel}","templated":true}]}}