{"id":280449,"date":"2024-03-19T11:27:50","date_gmt":"2025-06-23T07:50:53","guid":{"rendered":"https:\/\/www.huntersfriend.eu\/product\/eberlestock-gunrunner\/"},"modified":"2026-04-16T07:30:19","modified_gmt":"2026-04-16T05:30:19","slug":"eberlestock-gunrunner","status":"publish","type":"product","link":"https:\/\/www.huntersfriend.eu\/de\/produkt\/eberlestock-gunrunner\/","title":{"rendered":"Eberlestock Gunrunner"},"content":{"rendered":"<p>Der Gunrunner\u2122 ist ein minimalistischer, leichter Gewehrrucksack mit unserem patentierten Backscabbard\u2122. Dieser Rucksack wurde f\u00fcr die freih\u00e4ndige Jagd und den schnellen Zugriff auf Ihr Gewehr konzipiert und verf\u00fcgt \u00fcber genau den richtigen Stauraum f\u00fcr einen Tagesausflug. Das obere Fach ist ideal f\u00fcr Entfernungsmesser, Lockinstrumente etc., und das Hauptfach bietet Platz f\u00fcr Verpflegung und Kleidung f\u00fcr einen Tag. Der Gunrunner eignet sich hervorragend f\u00fcr die Jagd auf Flugwild, f\u00fcr den Hochsitz oder f\u00fcr eine leichte Tagesjagd.   <\/p>\n<p>TECHNISCHE<strong> SPEZIFIKATIONEN<\/strong><\/p>\n<ul>\n<li>Volumen: 1.275 c.i. \/ 20,89 L<\/li>\n<li>Gewicht: 3,95 lbs<\/li>\n<li>Abmessungen: 25,5H x 8,25B x 8,5T<\/li>\n<li>Scabbard-Abmessungen: 34&#8243; H x 7&#8243; B x 3&#8243; T<\/li>\n<li>Scabbard-Volumen: 400 c.i.<\/li>\n<\/ul>\n<p>RUCKSACK<strong> <\/strong><strong>MERKMALE<\/strong><\/p>\n<ul>\n<li>Integriertes Gewehrfutteral<\/li>\n<li>Verstellbare Schultergurte<\/li>\n<li>Ein vertikaler und ein horizontaler Kompressionsriemen<\/li>\n<li>Verwenden Sie unsere<a href=\"https:\/\/eberlestock.com\/products\/g2rc-small-reversible-rain-cover\"> <strong>Small Reversible Rain Cover<\/strong><\/a> f\u00fcr Wetterschutz<\/li>\n<\/ul>\n","protected":false},"excerpt":{"rendered":"<p>Der Gunrunner\u2122 ist ein minimalistischer, leichter Gewehrrucksack mit unserem patentierten Backscabbard\u2122. Dieser Rucksack wurde f\u00fcr die freih\u00e4ndige Jagd und den schnellen Zugriff auf Ihr Gewehr konzipiert und verf\u00fcgt \u00fcber genau den richtigen Stauraum f\u00fcr einen Tagesausflug. Das obere Fach ist ideal f\u00fcr Entfernungsmesser, Lockinstrumente etc., und das Hauptfach bietet Platz f\u00fcr Verpflegung und Kleidung f\u00fcr [&#8230;]\n","protected":false},"featured_media":266103,"comment_status":"open","ping_status":"closed","template":"","meta":[],"product_brand":[],"product_cat":[1407],"product_tag":[],"class_list":{"0":"post-280449","1":"product","2":"type-product","3":"status-publish","4":"has-post-thumbnail","6":"product_cat-jagdrucksacke","7":"product_shipping_class-medium-de","9":"first","10":"instock","11":"taxable","12":"shipping-taxable","13":"purchasable","14":"product-type-variable"},"composite_virtual":false,"composite_layout":"","composite_add_to_cart_form_location":"","composite_editable_in_cart":false,"composite_sold_individually_context":"","composite_shop_price_calc":"","composite_components":[],"composite_scenarios":[],"group_of_quantity":0,"min_quantity":0,"max_quantity":"","exclude_order_quantity_value_rules":"no","exclude_category_quantity_rules":"no","combine_variations":"no","exclude_global_add_ons":[],"addons":[],"_links":{"self":[{"href":"https:\/\/www.huntersfriend.eu\/de\/wp-json\/wp\/v2\/product\/280449","targetHints":{"allow":["GET"]}}],"collection":[{"href":"https:\/\/www.huntersfriend.eu\/de\/wp-json\/wp\/v2\/product"}],"about":[{"href":"https:\/\/www.huntersfriend.eu\/de\/wp-json\/wp\/v2\/types\/product"}],"replies":[{"embeddable":true,"href":"https:\/\/www.huntersfriend.eu\/de\/wp-json\/wp\/v2\/comments?post=280449"}],"wp:featuredmedia":[{"embeddable":true,"href":"https:\/\/www.huntersfriend.eu\/de\/wp-json\/wp\/v2\/media\/266103"}],"wp:attachment":[{"href":"https:\/\/www.huntersfriend.eu\/de\/wp-json\/wp\/v2\/media?parent=280449"}],"wp:term":[{"taxonomy":"product_brand","embeddable":true,"href":"https:\/\/www.huntersfriend.eu\/de\/wp-json\/wp\/v2\/product_brand?post=280449"},{"taxonomy":"product_cat","embeddable":true,"href":"https:\/\/www.huntersfriend.eu\/de\/wp-json\/wp\/v2\/product_cat?post=280449"},{"taxonomy":"product_tag","embeddable":true,"href":"https:\/\/www.huntersfriend.eu\/de\/wp-json\/wp\/v2\/product_tag?post=280449"}],"curies":[{"name":"wp","href":"https:\/\/api.w.org\/{rel}","templated":true}]}}