{"id":280448,"date":"2024-03-15T01:14:19","date_gmt":"2025-06-23T07:50:47","guid":{"rendered":"https:\/\/www.huntersfriend.eu\/product\/hme-entferner-fuer-darmausgang\/"},"modified":"2025-06-23T09:50:47","modified_gmt":"2025-06-23T07:50:47","slug":"hme-entferner-fuer-darmausgang","status":"publish","type":"product","link":"https:\/\/www.huntersfriend.eu\/de\/produkt\/hme-entferner-fuer-darmausgang\/","title":{"rendered":"HME Entferner f\u00fcr Darmausgang"},"content":{"rendered":"<p>F\u00fcr die Anwendung bei Wild von der Gr\u00f6\u00dfe eines Rehes oder gr\u00f6\u00dfer. Dies ist genau das, was der Name impliziert. F\u00fchren Sie das Ger\u00e4t ein, drehen Sie es, machen Sie eventuell einige Schnitte, und erledigen Sie diese unangenehme Aufgabe schnell und sauber.  <\/p>\n<p>Ein unverzichtbares Utensil f\u00fcr den ernsthaften J\u00e4ger.<\/p>\n","protected":false},"excerpt":{"rendered":"<p>F\u00fcr die Anwendung bei Wild von der Gr\u00f6\u00dfe eines Rehes oder gr\u00f6\u00dfer. Dies ist genau das, was der Name impliziert. F\u00fchren Sie das Ger\u00e4t ein, drehen Sie es, machen Sie eventuell einige Schnitte, und erledigen Sie diese unangenehme Aufgabe schnell und sauber. Ein unverzichtbares Utensil f\u00fcr den ernsthaften J\u00e4ger.<\/p>\n","protected":false},"featured_media":265774,"comment_status":"open","ping_status":"closed","template":"","meta":[],"product_brand":[],"product_cat":[1260,1356],"product_tag":[],"class_list":{"0":"post-280448","1":"product","2":"type-product","3":"status-publish","4":"has-post-thumbnail","6":"product_cat-kirrmittel","7":"product_cat-wildverwertung","9":"first","10":"instock","11":"taxable","12":"shipping-taxable","13":"purchasable","14":"product-type-simple"},"composite_virtual":false,"composite_layout":"","composite_add_to_cart_form_location":"","composite_editable_in_cart":false,"composite_sold_individually_context":"","composite_shop_price_calc":"","composite_components":[],"composite_scenarios":[],"group_of_quantity":0,"min_quantity":0,"max_quantity":"","exclude_order_quantity_value_rules":"no","exclude_category_quantity_rules":"no","combine_variations":"no","exclude_global_add_ons":[],"addons":[],"_links":{"self":[{"href":"https:\/\/www.huntersfriend.eu\/de\/wp-json\/wp\/v2\/product\/280448","targetHints":{"allow":["GET"]}}],"collection":[{"href":"https:\/\/www.huntersfriend.eu\/de\/wp-json\/wp\/v2\/product"}],"about":[{"href":"https:\/\/www.huntersfriend.eu\/de\/wp-json\/wp\/v2\/types\/product"}],"replies":[{"embeddable":true,"href":"https:\/\/www.huntersfriend.eu\/de\/wp-json\/wp\/v2\/comments?post=280448"}],"wp:featuredmedia":[{"embeddable":true,"href":"https:\/\/www.huntersfriend.eu\/de\/wp-json\/wp\/v2\/media\/265774"}],"wp:attachment":[{"href":"https:\/\/www.huntersfriend.eu\/de\/wp-json\/wp\/v2\/media?parent=280448"}],"wp:term":[{"taxonomy":"product_brand","embeddable":true,"href":"https:\/\/www.huntersfriend.eu\/de\/wp-json\/wp\/v2\/product_brand?post=280448"},{"taxonomy":"product_cat","embeddable":true,"href":"https:\/\/www.huntersfriend.eu\/de\/wp-json\/wp\/v2\/product_cat?post=280448"},{"taxonomy":"product_tag","embeddable":true,"href":"https:\/\/www.huntersfriend.eu\/de\/wp-json\/wp\/v2\/product_tag?post=280448"}],"curies":[{"name":"wp","href":"https:\/\/api.w.org\/{rel}","templated":true}]}}