{"id":280446,"date":"2024-04-03T11:33:08","date_gmt":"2025-06-23T07:49:57","guid":{"rendered":"https:\/\/www.huntersfriend.eu\/product\/huntworth-halswaermer\/"},"modified":"2025-06-23T09:49:57","modified_gmt":"2025-06-23T07:49:57","slug":"huntworth-halswaermer","status":"publish","type":"product","link":"https:\/\/www.huntersfriend.eu\/de\/produkt\/huntworth-halswaermer\/","title":{"rendered":"Huntworth Halsw\u00e4rmer"},"content":{"rendered":"<p>Der Anamoose Schwerlast-Halsw\u00e4rmer f\u00fcr Herren im Tarnen\u00ae-Tarnmuster ist ein unverzichtbares Accessoire f\u00fcr kalte Temperaturen. Das Heat Boost\u2122 Graphen-Sherpa-Innenfutter bietet isolierende W\u00e4rme ohne jegliche Masse. Es handelt sich hierbei um den d\u00fcnnsten und w\u00e4rmsten Halsw\u00e4rmer, den Sie je tragen werden.  <\/p>\n<p><strong>Halten Sie die K\u00e4lte von Ihrem Hals fern mit dem Anamoose Softshell-Halsw\u00e4rmer im Tarnen\u00ae-Tarnmuster.<\/strong> Dieser Jagd-Halsw\u00e4rmer, hergestellt mit Heat Boost\u2122 Graphen-Technologie, geh\u00f6rt in jede Jagdtasche. \u00dcberraschend d\u00fcnn, speichert er eine betr\u00e4chtliche Menge an W\u00e4rme ohne die traditionelle Sperrigkeit anderer K\u00e4lteschutz-Halsw\u00e4rmer. Durch das Einweben von <a class=\"heat-boost-info-link\" href=\"https:\/\/huntworthgear.com\/graphene-technology-heat-boost\">Graphengarn<\/a> in unser Sherpa-Futter wird ein herk\u00f6mmliches Material mit der dem Graphen innewohnenden W\u00e4rmeleitf\u00e4higkeit, Feuchtigkeitsableitung und antimikrobiellen Eigenschaften aufgeladen. Im Wesentlichen haben wir ein warmes Material genommen und es noch w\u00e4rmer gemacht \u2013 30% w\u00e4rmer. Es ist eine W\u00e4rme, die Sie wirklich sp\u00fcren k\u00f6nnen.    <\/p>\n<p>Der Jagd-Halsw\u00e4rmer ist aus einem gepeachten Stretch-Jersey gefertigt, der mit einer wasserabweisenden DWR-Ausr\u00fcstung behandelt wurde. Er ist mit Heat Boost\u2122 Graphen-Sherpa verbunden, einer neuen Generation verbesserter Stoffe. Die dehnbare Beschaffenheit des verbundenen Materials macht den Halsw\u00e4rmer leicht an- und ausziehbar. Stecken Sie das verl\u00e4ngerte Vorderteil in Ihre Jacke, um die W\u00e4rme einzuschlie\u00dfen und die K\u00e4lte auszusperren. Dieser Halsw\u00e4rmer wird Sie komfortabel durch die sp\u00e4te Jagdsaison bringen.    <\/p>\n<p>Graphen ver\u00e4ndert die Art und Weise, wie wir extrem warme, aber dennoch d\u00fcnne K\u00e4lteschutzaccessoires herstellen. Mit diesem Heat Boost\u2122 Jagd-Halsw\u00e4rmer k\u00f6nnen Sie l\u00e4nger drau\u00dfen bleiben und bis sp\u00e4ter in die Saison hinein jagen, unabh\u00e4ngig von der Temperatur. <\/p>\n","protected":false},"excerpt":{"rendered":"<p>Der Anamoose Schwerlast-Halsw\u00e4rmer f\u00fcr Herren im Tarnen\u00ae-Tarnmuster ist ein unverzichtbares Accessoire f\u00fcr kalte Temperaturen. Das Heat Boost\u2122 Graphen-Sherpa-Innenfutter bietet isolierende W\u00e4rme ohne jegliche Masse. Es handelt sich hierbei um den d\u00fcnnsten und w\u00e4rmsten Halsw\u00e4rmer, den Sie je tragen werden. Halten Sie die K\u00e4lte von Ihrem Hals fern mit dem Anamoose Softshell-Halsw\u00e4rmer im Tarnen\u00ae-Tarnmuster. Dieser Jagd-Halsw\u00e4rmer, [&#8230;]\n","protected":false},"featured_media":266875,"comment_status":"open","ping_status":"closed","template":"","meta":[],"product_brand":[],"product_cat":[1380,1215],"product_tag":[],"class_list":{"0":"post-280446","1":"product","2":"type-product","3":"status-publish","4":"has-post-thumbnail","6":"product_cat-zubehor","7":"product_cat-handschuh-socken-und-kopfbedeckung","9":"first","10":"instock","11":"taxable","12":"shipping-taxable","13":"purchasable","14":"product-type-simple"},"composite_virtual":false,"composite_layout":"","composite_add_to_cart_form_location":"","composite_editable_in_cart":false,"composite_sold_individually_context":"","composite_shop_price_calc":"","composite_components":[],"composite_scenarios":[],"group_of_quantity":0,"min_quantity":0,"max_quantity":"","exclude_order_quantity_value_rules":"no","exclude_category_quantity_rules":"no","combine_variations":"no","exclude_global_add_ons":[],"addons":[],"_links":{"self":[{"href":"https:\/\/www.huntersfriend.eu\/de\/wp-json\/wp\/v2\/product\/280446","targetHints":{"allow":["GET"]}}],"collection":[{"href":"https:\/\/www.huntersfriend.eu\/de\/wp-json\/wp\/v2\/product"}],"about":[{"href":"https:\/\/www.huntersfriend.eu\/de\/wp-json\/wp\/v2\/types\/product"}],"replies":[{"embeddable":true,"href":"https:\/\/www.huntersfriend.eu\/de\/wp-json\/wp\/v2\/comments?post=280446"}],"wp:featuredmedia":[{"embeddable":true,"href":"https:\/\/www.huntersfriend.eu\/de\/wp-json\/wp\/v2\/media\/266875"}],"wp:attachment":[{"href":"https:\/\/www.huntersfriend.eu\/de\/wp-json\/wp\/v2\/media?parent=280446"}],"wp:term":[{"taxonomy":"product_brand","embeddable":true,"href":"https:\/\/www.huntersfriend.eu\/de\/wp-json\/wp\/v2\/product_brand?post=280446"},{"taxonomy":"product_cat","embeddable":true,"href":"https:\/\/www.huntersfriend.eu\/de\/wp-json\/wp\/v2\/product_cat?post=280446"},{"taxonomy":"product_tag","embeddable":true,"href":"https:\/\/www.huntersfriend.eu\/de\/wp-json\/wp\/v2\/product_tag?post=280446"}],"curies":[{"name":"wp","href":"https:\/\/api.w.org\/{rel}","templated":true}]}}